{"id":969,"date":"2021-03-16T10:26:36","date_gmt":"2021-03-16T10:26:36","guid":{"rendered":"https:\/\/rosegg.axandu.com\/?page_id=969"},"modified":"2026-03-10T12:19:11","modified_gmt":"2026-03-10T12:19:11","slug":"gebuehren","status":"publish","type":"page","link":"https:\/\/rosegg.gv.at\/slovenisch\/gebuehren\/","title":{"rendered":"Pristojbine"},"content":{"rendered":"<div data-elementor-type=\"wp-page\" data-elementor-id=\"969\" class=\"elementor elementor-969\" data-elementor-post-type=\"page\">\n\t\t\t\t\t\t<section class=\"elementor-section elementor-top-section elementor-element elementor-element-103bdcf elementor-section-height-min-height elementor-section-boxed elementor-section-height-default elementor-section-items-middle\" data-id=\"103bdcf\" data-element_type=\"section\" data-e-type=\"section\" data-settings=\"{&quot;background_background&quot;:&quot;slideshow&quot;,&quot;shape_divider_bottom&quot;:&quot;arrow&quot;,&quot;background_slideshow_gallery&quot;:[{&quot;id&quot;:279,&quot;url&quot;:&quot;https:\\\/\\\/rosegg.axandu.com\\\/wp-content\\\/uploads\\\/2021\\\/03\\\/rosegg028-1-scaled.jpg&quot;},{&quot;id&quot;:286,&quot;url&quot;:&quot;https:\\\/\\\/rosegg.axandu.com\\\/wp-content\\\/uploads\\\/2021\\\/03\\\/20180911_085226-scaled.jpg&quot;},{&quot;id&quot;:288,&quot;url&quot;:&quot;https:\\\/\\\/rosegg.axandu.com\\\/wp-content\\\/uploads\\\/2021\\\/03\\\/Petelin-Winter-scaled.jpg&quot;}],&quot;background_slideshow_ken_burns&quot;:&quot;yes&quot;,&quot;background_slideshow_loop&quot;:&quot;yes&quot;,&quot;background_slideshow_slide_duration&quot;:5000,&quot;background_slideshow_slide_transition&quot;:&quot;fade&quot;,&quot;background_slideshow_transition_duration&quot;:500,&quot;background_slideshow_ken_burns_zoom_direction&quot;:&quot;in&quot;}\">\n\t\t\t\t\t<div class=\"elementor-shape elementor-shape-bottom\" aria-hidden=\"true\" data-negative=\"false\">\n\t\t\t<svg xmlns=\"http:\/\/www.w3.org\/2000\/svg\" viewbox=\"0 0 700 10\" preserveaspectratio=\"none\">\n\t<path class=\"elementor-shape-fill\" d=\"M350,10L340,0h20L350,10z\"\/>\n<\/svg>\t\t<\/div>\n\t\t\t\t\t<div class=\"elementor-container elementor-column-gap-default\">\n\t\t\t\t\t<div class=\"elementor-column elementor-col-100 elementor-top-column elementor-element elementor-element-72592db1\" data-id=\"72592db1\" data-element_type=\"column\" data-e-type=\"column\">\n\t\t\t<div class=\"elementor-widget-wrap elementor-element-populated\">\n\t\t\t\t\t\t<div class=\"elementor-element elementor-element-1d708905 elementor-widget elementor-widget-heading\" data-id=\"1d708905\" data-element_type=\"widget\" data-e-type=\"widget\" data-widget_type=\"heading.default\">\n\t\t\t\t<div class=\"elementor-widget-container\">\n\t\t\t\t\t<h2 class=\"elementor-heading-title elementor-size-large\">Pristojbine<\/h2>\t\t\t\t<\/div>\n\t\t\t\t<\/div>\n\t\t\t\t\t<\/div>\n\t\t<\/div>\n\t\t\t\t\t<\/div>\n\t\t<\/section>\n\t\t\t\t<section class=\"elementor-section elementor-top-section elementor-element elementor-element-b01f029 elementor-section-boxed elementor-section-height-default elementor-section-height-default\" data-id=\"b01f029\" data-element_type=\"section\" data-e-type=\"section\" data-settings=\"{&quot;background_background&quot;:&quot;classic&quot;}\">\n\t\t\t\t\t\t<div class=\"elementor-container elementor-column-gap-default\">\n\t\t\t\t\t<div class=\"elementor-column elementor-col-100 elementor-top-column elementor-element elementor-element-1cfe4986\" data-id=\"1cfe4986\" data-element_type=\"column\" data-e-type=\"column\">\n\t\t\t<div class=\"elementor-widget-wrap elementor-element-populated\">\n\t\t\t\t\t\t<div class=\"elementor-element elementor-element-7198364f elementor-widget elementor-widget-heading\" data-id=\"7198364f\" data-element_type=\"widget\" data-e-type=\"widget\" data-widget_type=\"heading.default\">\n\t\t\t\t<div class=\"elementor-widget-container\">\n\t\t\t\t\t<h2 class=\"elementor-heading-title elementor-size-large\">Pregled dajatev<\/h2>\t\t\t\t<\/div>\n\t\t\t\t<\/div>\n\t\t\t\t<div class=\"elementor-element elementor-element-75d01e05 elementor-widget elementor-widget-heading\" data-id=\"75d01e05\" data-element_type=\"widget\" data-e-type=\"widget\" data-widget_type=\"heading.default\">\n\t\t\t\t<div class=\"elementor-widget-container\">\n\t\t\t\t\t<h3 class=\"elementor-heading-title elementor-size-large\">Pregled dajatev (prispevkov, davkov, taks) in pristojbin po zasebnem pravu za tr\u0161ko ob\u010dino Ro\u017eek\n\n<\/h3>\t\t\t\t<\/div>\n\t\t\t\t<\/div>\n\t\t\t\t<div class=\"elementor-element elementor-element-3d389786 elementor-widget elementor-widget-text-editor\" data-id=\"3d389786\" data-element_type=\"widget\" data-e-type=\"widget\" data-widget_type=\"text-editor.default\">\n\t\t\t\t<div class=\"elementor-widget-container\">\n\t\t\t\t\t\t\t\t\t<p><strong>CENE ZA OGLASE V OB\u010cINSKEM \u010cASIPISU ROSEGGER NACHRICHTEN<br \/><\/strong>Cene oglasov na izdajo:<\/p><p>Cela stran 349,20 EUR z 20 % DDV<br \/>1 \/ 2 strani 218,40 EUR z 20 % DDV<br \/>1 \/ 4 strani 109,20 EUR z 20 % DDV<br \/>1 \/ 8 strani 109,20 EUR z 20 % DDV<\/p><p>Popust: 10%  za oglas za tri objave v koledarskem letu.<\/p>\t\t\t\t\t\t\t\t<\/div>\n\t\t\t\t<\/div>\n\t\t\t\t<div class=\"elementor-element elementor-element-5870966 elementor-widget elementor-widget-text-editor\" data-id=\"5870966\" data-element_type=\"widget\" data-e-type=\"widget\" data-widget_type=\"text-editor.default\">\n\t\t\t\t<div class=\"elementor-widget-container\">\n\t\t\t\t\t\t\t\t\t<p><strong>PRISTOJBINE ZA GROBOVE<br \/><\/strong>Aufbahrungshallengeb\u00fchren:<\/p><p>Aufbahrung pro Tag EUR 80,00<br \/>jeder weitere Tag der Aufbahrung EUR 60,00<\/p><p><br \/>Pravica do uporabe:<br \/>Pristojbina za 10 - letno obdobje<\/p><p>f\u00fcr ein EinzelgrabUrnengrab EUR 100,00<br \/>f\u00fcr ein Familiengrab EUR 200,00<br \/>f\u00fcr eine Urnennische\u00a0\u00a0EUR 300,00<br \/>f\u00fcr eine Urnennische mit Blumenfach EUR 362,50<br \/>f\u00fcr ein Urnens\u00e4ulensegment EUR 100,00<br \/>f\u00fcr eine Familienurnens\u00e4ule (3 Segmente) EUR 300,00<br \/>Infrastrukturabgabe f\u00fcr die Ben\u00fctzung des Friedhofes f\u00fcr jedes Grab und jede Nische j\u00e4hrlich EUR 15,00<br \/>Osebe, ki so upravi\u010dene do uporabe lokacije za namestitev segmenta \u017earnega stolpca, morajo pla\u010dati stro\u0161ke za segmente  \u017earnega stolpca, vklju\u010dno z dodatki in na lastne stro\u0161ke vklesati napis.<\/p>\t\t\t\t\t\t\t\t<\/div>\n\t\t\t\t<\/div>\n\t\t\t\t<div class=\"elementor-element elementor-element-f1350bc elementor-widget elementor-widget-text-editor\" data-id=\"f1350bc\" data-element_type=\"widget\" data-e-type=\"widget\" data-widget_type=\"text-editor.default\">\n\t\t\t\t<div class=\"elementor-widget-container\">\n\t\t\t\t\t\t\t\t\t<p><strong>DAVEK NA NEPREMI\u010cNINE<\/strong><br>Stopnja obdav\u010ditve za davek na nepremi\u010dnine 500 %.<\/p>\t\t\t\t\t\t\t\t<\/div>\n\t\t\t\t<\/div>\n\t\t\t\t<div class=\"elementor-element elementor-element-3d2f972 elementor-widget elementor-widget-text-editor\" data-id=\"3d2f972\" data-element_type=\"widget\" data-e-type=\"widget\" data-widget_type=\"text-editor.default\">\n\t\t\t\t<div class=\"elementor-widget-container\">\n\t\t\t\t\t\t\t\t\t<p><strong>PRISTOJBINA ZA MRTVA\u0160KI ODER<\/strong><br>Za ve\u010ddnevni mrtva\u0161ki oder: 80,00 EUR z 20 % DDV<br>Za enodnevni mrtva\u0161ki oder: 40,00 EUR z 20 % DDV<\/p>\t\t\t\t\t\t\t\t<\/div>\n\t\t\t\t<\/div>\n\t\t\t\t<div class=\"elementor-element elementor-element-770b7b7 elementor-widget elementor-widget-text-editor\" data-id=\"770b7b7\" data-element_type=\"widget\" data-e-type=\"widget\" data-widget_type=\"text-editor.default\">\n\t\t\t\t<div class=\"elementor-widget-container\">\n\t\t\t\t\t\t\t\t\t<p><strong>DAJATEV ZA PSE od 01.01.2022<\/strong><br \/>Pes \u010duvaj EUR 25,00<br \/>Pes, ki ga imate za opravljanje poklica ali dejavnosti 25,00 EUR<br \/>vsi drugi psi 30,00 EUR<\/p>\t\t\t\t\t\t\t\t<\/div>\n\t\t\t\t<\/div>\n\t\t\t\t<div class=\"elementor-element elementor-element-c64efe4 elementor-widget elementor-widget-menu-anchor\" data-id=\"c64efe4\" data-element_type=\"widget\" data-e-type=\"widget\" data-widget_type=\"menu-anchor.default\">\n\t\t\t\t<div class=\"elementor-widget-container\">\n\t\t\t\t\t\t\t<div class=\"elementor-menu-anchor\" id=\"Abwasserentsorgung\"><\/div>\n\t\t\t\t\t\t<\/div>\n\t\t\t\t<\/div>\n\t\t\t\t<div class=\"elementor-element elementor-element-ba0a2de elementor-widget elementor-widget-text-editor\" data-id=\"ba0a2de\" data-element_type=\"widget\" data-e-type=\"widget\" data-widget_type=\"text-editor.default\">\n\t\t\t\t<div class=\"elementor-widget-container\">\n\t\t\t\t\t\t\t\t\t<p><strong>PRISTOJBINA ZA PRIKLJU\u010cITEV K KANALIZACIJI<\/strong><\/p><p>Trenutni cenik kanal\u0161\u010dine je na voljo na spletnem naslovu<\/p><p>https:\/\/www.awvww.at\/kosten\/<\/p><p>Poleg tega so vsi potrebni obrazci in vloge zbrani v zavihku download.<\/p>\t\t\t\t\t\t\t\t<\/div>\n\t\t\t\t<\/div>\n\t\t\t\t<div class=\"elementor-element elementor-element-95d91eb elementor-widget elementor-widget-text-editor\" data-id=\"95d91eb\" data-element_type=\"widget\" data-e-type=\"widget\" data-widget_type=\"text-editor.default\">\n\t\t\t\t<div class=\"elementor-widget-container\">\n\t\t\t\t\t\t\t\t\t<p><strong>KANAL\u0160\u010cINA<\/strong><\/p><p>Trenutni cenik kanal\u0161\u010dine je na voljo na spletnem naslovu<\/p><p>https:\/\/www.awvww.at\/kosten\/<\/p>\t\t\t\t\t\t\t\t<\/div>\n\t\t\t\t<\/div>\n\t\t\t\t<div class=\"elementor-element elementor-element-1f5693c elementor-widget elementor-widget-menu-anchor\" data-id=\"1f5693c\" data-element_type=\"widget\" data-e-type=\"widget\" data-widget_type=\"menu-anchor.default\">\n\t\t\t\t<div class=\"elementor-widget-container\">\n\t\t\t\t\t\t\t<div class=\"elementor-menu-anchor\" id=\"Abfallentsorgung\"><\/div>\n\t\t\t\t\t\t<\/div>\n\t\t\t\t<\/div>\n\t\t\t\t<div class=\"elementor-element elementor-element-fbd212b elementor-widget elementor-widget-text-editor\" data-id=\"fbd212b\" data-element_type=\"widget\" data-e-type=\"widget\" data-widget_type=\"text-editor.default\">\n\t\t\t\t<div class=\"elementor-widget-container\">\n\t\t\t\t\t\t\t\t\t<p><strong>M\u00dcLLGEB\u00dcHREN\/j\u00e4hrlich ab 01.01.2026<\/strong><br \/>Pristojbine za zagotovitev:<\/p><p>a) na obmo\u010dju prevzema:<br \/>je 120 l M\u00fcllbeh\u00e4lter EUR 69,70 inkl. 10 % MWST<br \/>je 240 l M\u00fcllbeh\u00e4lter EUR 139,40 inkl. 10 % MWST<br \/>je 1100 l M\u00fcllbeh\u00e4lter EUR 638,92 inkl. 10 % MWST<br \/>60 l sistem vre\u010d za odpadke 35,49 EUR z 10 % DDV<\/p><p>b) na posebnem obmo\u010dju<br \/>za 60 l sistem vre\u010d za odpadke 35,49 EUR z 10 % DDV<\/p><p>Pristojbine za izpraznitev:\u00a0<br \/>je 60 l M\u00fcllsack EUR 3,03 inkl. 10 % MWST<br \/>je 120 l M\u00fcllbeh\u00e4lter EUR 5,91 inkl. 10 % MWST<br \/>je 240 l M\u00fcllbeh\u00e4lter EUR 11,82 inkl. 10 % MWST<br \/>je 1100 l M\u00fcllbeh\u00e4lter EUR 54,17 inkl. 10 % MWST<\/p><p><strong>BIOODPADKI<\/strong><br \/>je 90 l Tonne Geb\u00fchr pro Entleerung EUR 8,11 inkl. 10 % MWST<br \/>je 120 l Tonne Geb\u00fchr pro Entleerung EUR 10,52 inkl. 10 % MWST<br \/>je 240 l Tonne Geb\u00fchr pro Entleerung EUR 13,73 inkl. 10 % MWST<\/p><p>M\u00dcLLGEB\u00dcHREN\/j\u00e4hrlich ab 01.01.2027<br \/>Pristojbine za zagotovitev:<\/p><p>a) na obmo\u010dju prevzema:<br \/>je 120 l M\u00fcllbeh\u00e4lter EUR 70,98 inkl. 10 % MWST<br \/>je 240 l M\u00fcllbeh\u00e4lter EUR 141,95 inkl. 10 % MWST<br \/>je 1100 l M\u00fcllbeh\u00e4lter EUR 650,61 inkl. 10 % MWST<br \/>60 l sistem vre\u010d za odpadke 35,49 EUR z 10 % DDV<\/p><p>b) na posebnem obmo\u010dju<br \/>za 60 l sistem vre\u010d za odpadke 35,49 EUR z 10 % DDV<\/p><p>Pristojbine za izpraznitev:\u00a0<br \/>je 60 l M\u00fcllsack EUR 3,19 inkl. 10 % MWST<br \/>je 120 l M\u00fcllbeh\u00e4lter EUR 6,39 inkl. 10 % MWST<br \/>je 240 l M\u00fcllbeh\u00e4lter EUR 12,77 inkl. 10 % MWST<br \/>je 1100 l M\u00fcllbeh\u00e4lter EUR 558,55 inkl. 10 % MWST<\/p><p><strong>BIOODPADKI<\/strong><br \/>je 90 l Tonne Geb\u00fchr pro Entleerung EUR 8,22 inkl. 10 % MWST<br \/>je 120 l Tonne Geb\u00fchr pro Entleerung EUR 10,66 inkl. 10 % MWST<br \/>je 240 l Tonne Geb\u00fchr pro Entleerung EUR 13,91 inkl. 10 % MWST<\/p><p>\u00a0<\/p><p><strong>KOSOVNI ODPADKI od 01.01.2022<\/strong><br \/>Pristojbina za odvoz kosovnih odpadkov za odvoz od hi\u0161 na m3 ali na\u010deti m3 42,00 EUR z 10 % DDV (najve\u010d 3 m3 na termin).<br \/>Pristojbina za odlaganje kosovnih odpadkov pri dovozu na gospodarski center za m3 ali na\u010deti odpadkov 26,00 EUR z 10 % DDV. (najve\u010d 3 m3 na termin)<\/p>\t\t\t\t\t\t\t\t<\/div>\n\t\t\t\t<\/div>\n\t\t\t\t<div class=\"elementor-element elementor-element-cb4b520 elementor-widget elementor-widget-text-editor\" data-id=\"cb4b520\" data-element_type=\"widget\" data-e-type=\"widget\" data-widget_type=\"text-editor.default\">\n\t\t\t\t<div class=\"elementor-widget-container\">\n\t\t\t\t\t\t\t\t\t<p><strong>TURISTI\u010cNA TAKSA IN NO\u010cNINA<\/strong><br \/>Turisti\u010dna taksa obmo\u010dje 1 2,00 EUR na no\u010d Turisti\u010dna taksa obmo\u010dje 2 0,50 EUR na no\u010d (Techuana)<br \/>No\u010dnina 0,70 EUR<br \/>Registracijske knjige (zbirka listov za goste 100 kosov) na knjigo 10,00 EUR<\/p><p><strong>PAV\u0160ALNA TURISTI\u010cNA TAKSA\/letno<\/strong><br \/>Pav\u0161alna turisti\u010dna taksa do 60 m\u00b2 200,00 EUR<br \/>60-100 m\u00b2 300,00 EUR<br \/>nad 100 m\u00b2 400,00 EUR\u00a0<\/p><p><strong>PAV\u0160ALNA NO\u010cNINA\/letno<\/strong><br \/>Pav\u0161alna turisti\u010dna taksa do 60 m\u00b2 70,00 EUR<br \/>60-100 m\u00b2 105,00 EUR<br \/>nad 100 m\u00b2 140,00 EUR\u00a0<\/p>\t\t\t\t\t\t\t\t<\/div>\n\t\t\t\t<\/div>\n\t\t\t\t<div class=\"elementor-element elementor-element-de89f9d elementor-widget elementor-widget-text-editor\" data-id=\"de89f9d\" data-element_type=\"widget\" data-e-type=\"widget\" data-widget_type=\"text-editor.default\">\n\t\t\t\t<div class=\"elementor-widget-container\">\n\t\t\t\t\t\t\t\t\t<p><strong>ODSTRANJEVANJE \u017dIVALSKIH TRUPEL<\/strong><br \/>Kategorie 1 (SRM, tote Tiere gem. Kat 1) EUR 1,38 je kg<br \/>Kategorie 2 (Schlachtm\u00fcll mit Weichteilen u. toten Tieren gem. Kat. 2) EUR 1,23 je kg<br \/>Kategorie 3 (Knochen, Rind, Schwein, D\u00e4rme Schwein gewaschen) EUR 1,10 je kg<br \/>(vsi zneski vklju\u010dujejo DDV)<\/p>\t\t\t\t\t\t\t\t<\/div>\n\t\t\t\t<\/div>\n\t\t\t\t<div class=\"elementor-element elementor-element-54d5b28 elementor-widget elementor-widget-text-editor\" data-id=\"54d5b28\" data-element_type=\"widget\" data-e-type=\"widget\" data-widget_type=\"text-editor.default\">\n\t\t\t\t<div class=\"elementor-widget-container\">\n\t\t\t\t\t\t\t\t\t<p><strong>VESELI\u010cNI DAVEK<\/strong><br><a title=\"Odlok o davku na razvedrilo\" href=\"http:\/\/rosegg.gv.at\/sites\/default\/files\/Vergnuegungssteuervo.pdf\" target=\"_blank\" rel=\"noopener\">Priloga k 5. \u010dlenu Odloka o davku na razvedrilo ob\u010dinskega sveta tr\u017enega mesta Rosegg<\/a><\/p>\t\t\t\t\t\t\t\t<\/div>\n\t\t\t\t<\/div>\n\t\t\t\t<div class=\"elementor-element elementor-element-12d832a elementor-widget elementor-widget-menu-anchor\" data-id=\"12d832a\" data-element_type=\"widget\" data-e-type=\"widget\" data-widget_type=\"menu-anchor.default\">\n\t\t\t\t<div class=\"elementor-widget-container\">\n\t\t\t\t\t\t\t<div class=\"elementor-menu-anchor\" id=\"Trinkwasserinformation\"><\/div>\n\t\t\t\t\t\t<\/div>\n\t\t\t\t<\/div>\n\t\t\t\t<div class=\"elementor-element elementor-element-7b0e13e elementor-widget elementor-widget-text-editor\" data-id=\"7b0e13e\" data-element_type=\"widget\" data-e-type=\"widget\" data-widget_type=\"text-editor.default\">\n\t\t\t\t<div class=\"elementor-widget-container\">\n\t\t\t\t\t\t\t\t\t<p><strong>VODA<\/strong><br \/>Wasseranschlussbeitrag je Bewertungseinheit EUR 2.300,00 inkl. MWST<br \/>Wasserbezugsgeb\u00fchr je m3 EUR 2,04 inkl. MWST<\/p>\t\t\t\t\t\t\t\t<\/div>\n\t\t\t\t<\/div>\n\t\t\t\t<div class=\"elementor-element elementor-element-2a5a9e0 elementor-widget elementor-widget-text-editor\" data-id=\"2a5a9e0\" data-element_type=\"widget\" data-e-type=\"widget\" data-widget_type=\"text-editor.default\">\n\t\t\t\t<div class=\"elementor-widget-container\">\n\t\t\t\t\t\t\t\t\t<p><strong>CENTRALNI URAD<\/strong><\/p><p>Heiratsurkunde \u00a0EUR 13,10<br \/>Staatsb\u00fcrgerschaftsnachweis \u00a0EUR 62,00<br \/>Strafregisterauszug EUR 26,00<br \/>Sterbeurkunde \u00a0EUR 13,10<br \/>Prijavnica (z naslovom) 2,10 EUR<br \/>Meldezettel (ohne Adressangabe) EUR 23,10<br \/>Fotokopija A4 \u010drno-bela EUR 0,05<\/p>\t\t\t\t\t\t\t\t<\/div>\n\t\t\t\t<\/div>\n\t\t\t\t<div class=\"elementor-element elementor-element-b69c51c elementor-widget elementor-widget-text-editor\" data-id=\"b69c51c\" data-element_type=\"widget\" data-e-type=\"widget\" data-widget_type=\"text-editor.default\">\n\t\t\t\t<div class=\"elementor-widget-container\">\n\t\t\t\t\t\t\t\t\t<p><strong>PO\u010cITNI\u0160KO STANOVANJE\/mesec<\/strong><\/p><p>Stanovanja z uporabno povr\u0161ino do 30 m\u00b2 8,30 EUR<br \/>Stanovanja s povr\u0161ino nad 30 m\u00b2 do 60 m\u00b2 16,50 EUR<br \/>Stanovanja s povr\u0161ino nad 60 m\u00b2 do 90 m\u00b2 29,50 EUR<br \/>Stanovanja z uporabno povr\u0161ino nad 90 m\u00b2 41,30 EUR<\/p><p>Znesek dajatve se zmanj\u0161a za 10 odstotkov fiksnih zneskov dajatve v primeru, da stanovanje nima centralnega ogrevanja, oskrbe z elektri\u010dno energijo ali odjemnega mesta za vodo.<\/p>\t\t\t\t\t\t\t\t<\/div>\n\t\t\t\t<\/div>\n\t\t\t\t\t<\/div>\n\t\t<\/div>\n\t\t\t\t\t<\/div>\n\t\t<\/section>\n\t\t\t\t<\/div>","protected":false},"excerpt":{"rendered":"<p>Geb\u00fchren \u00dcbersicht \u00fcber Abgaben \u00dcbersicht \u00fcber Abgaben (Beitr\u00e4ge, Steuern, Geb\u00fchren) und privatrechtliche Entgelte der Marktgemeinde Rosegg EINSCHALTUNGSGEB\u00dcHREN-ROSEGGER NACHRICHTENInseratspreise je Ausgabe: Ganze Seite\u00a0EUR 349,20 inkl. 20 % MWST1 \/ 2 Seite\u00a0EUR 218,40 inkl. 20 %\u00a0MWST1 \/ 4 Seite\u00a0EUR 109,20 inkl. 20 % MWST1 \/ 8 Seite\u00a0EUR 54,00 inkl. 20 % MWST Rabattierung: Bei\u00a0drei Einschaltungen pro Kalenderjahr [&hellip;]<\/p>","protected":false},"author":1,"featured_media":0,"parent":0,"menu_order":0,"comment_status":"closed","ping_status":"closed","template":"","meta":{"footnotes":""},"class_list":["post-969","page","type-page","status-publish","hentry"],"_links":{"self":[{"href":"https:\/\/rosegg.gv.at\/slovenisch\/wp-json\/wp\/v2\/pages\/969"}],"collection":[{"href":"https:\/\/rosegg.gv.at\/slovenisch\/wp-json\/wp\/v2\/pages"}],"about":[{"href":"https:\/\/rosegg.gv.at\/slovenisch\/wp-json\/wp\/v2\/types\/page"}],"author":[{"embeddable":true,"href":"https:\/\/rosegg.gv.at\/slovenisch\/wp-json\/wp\/v2\/users\/1"}],"replies":[{"embeddable":true,"href":"https:\/\/rosegg.gv.at\/slovenisch\/wp-json\/wp\/v2\/comments?post=969"}],"version-history":[{"count":67,"href":"https:\/\/rosegg.gv.at\/slovenisch\/wp-json\/wp\/v2\/pages\/969\/revisions"}],"predecessor-version":[{"id":2882,"href":"https:\/\/rosegg.gv.at\/slovenisch\/wp-json\/wp\/v2\/pages\/969\/revisions\/2882"}],"wp:attachment":[{"href":"https:\/\/rosegg.gv.at\/slovenisch\/wp-json\/wp\/v2\/media?parent=969"}],"curies":[{"name":"wp","href":"https:\/\/api.w.org\/{rel}","templated":true}]}}