{"id":890,"date":"2021-03-16T08:19:55","date_gmt":"2021-03-16T08:19:55","guid":{"rendered":"https:\/\/rosegg.axandu.com\/?page_id=890"},"modified":"2024-07-25T08:15:07","modified_gmt":"2024-07-25T08:15:07","slug":"abwasserentsorgung","status":"publish","type":"page","link":"https:\/\/rosegg.gv.at\/slovenisch\/abwasserentsorgung\/","title":{"rendered":"Odstranjevanje odplak"},"content":{"rendered":"<div data-elementor-type=\"wp-page\" data-elementor-id=\"890\" class=\"elementor elementor-890\" data-elementor-post-type=\"page\">\n\t\t\t\t\t\t<section class=\"elementor-section elementor-top-section elementor-element elementor-element-e4d3d91 elementor-section-height-min-height elementor-section-boxed elementor-section-height-default elementor-section-items-middle\" data-id=\"e4d3d91\" data-element_type=\"section\" data-e-type=\"section\" data-settings=\"{&quot;background_background&quot;:&quot;slideshow&quot;,&quot;shape_divider_bottom&quot;:&quot;arrow&quot;,&quot;background_slideshow_gallery&quot;:[{&quot;id&quot;:279,&quot;url&quot;:&quot;https:\\\/\\\/rosegg.axandu.com\\\/wp-content\\\/uploads\\\/2021\\\/03\\\/rosegg028-1-scaled.jpg&quot;},{&quot;id&quot;:288,&quot;url&quot;:&quot;https:\\\/\\\/rosegg.axandu.com\\\/wp-content\\\/uploads\\\/2021\\\/03\\\/Petelin-Winter-scaled.jpg&quot;}],&quot;background_slideshow_ken_burns&quot;:&quot;yes&quot;,&quot;background_slideshow_loop&quot;:&quot;yes&quot;,&quot;background_slideshow_slide_duration&quot;:5000,&quot;background_slideshow_slide_transition&quot;:&quot;fade&quot;,&quot;background_slideshow_transition_duration&quot;:500,&quot;background_slideshow_ken_burns_zoom_direction&quot;:&quot;in&quot;}\">\n\t\t\t\t\t<div class=\"elementor-shape elementor-shape-bottom\" aria-hidden=\"true\" data-negative=\"false\">\n\t\t\t<svg xmlns=\"http:\/\/www.w3.org\/2000\/svg\" viewbox=\"0 0 700 10\" preserveaspectratio=\"none\">\n\t<path class=\"elementor-shape-fill\" d=\"M350,10L340,0h20L350,10z\"\/>\n<\/svg>\t\t<\/div>\n\t\t\t\t\t<div class=\"elementor-container elementor-column-gap-default\">\n\t\t\t\t\t<div class=\"elementor-column elementor-col-100 elementor-top-column elementor-element elementor-element-37438a09\" data-id=\"37438a09\" data-element_type=\"column\" data-e-type=\"column\">\n\t\t\t<div class=\"elementor-widget-wrap elementor-element-populated\">\n\t\t\t\t\t\t<div class=\"elementor-element elementor-element-755e6cfa elementor-widget elementor-widget-heading\" data-id=\"755e6cfa\" data-element_type=\"widget\" data-e-type=\"widget\" data-widget_type=\"heading.default\">\n\t\t\t\t<div class=\"elementor-widget-container\">\n\t\t\t\t\t<h2 class=\"elementor-heading-title elementor-size-large\">Odstranjevanje odplak<\/h2>\t\t\t\t<\/div>\n\t\t\t\t<\/div>\n\t\t\t\t\t<\/div>\n\t\t<\/div>\n\t\t\t\t\t<\/div>\n\t\t<\/section>\n\t\t\t\t<section class=\"elementor-section elementor-top-section elementor-element elementor-element-3cc54f87 elementor-section-boxed elementor-section-height-default elementor-section-height-default\" data-id=\"3cc54f87\" data-element_type=\"section\" data-e-type=\"section\" data-settings=\"{&quot;background_background&quot;:&quot;classic&quot;}\">\n\t\t\t\t\t\t<div class=\"elementor-container elementor-column-gap-default\">\n\t\t\t\t\t<div class=\"elementor-column elementor-col-100 elementor-top-column elementor-element elementor-element-2e693f90\" data-id=\"2e693f90\" data-element_type=\"column\" data-e-type=\"column\">\n\t\t\t<div class=\"elementor-widget-wrap elementor-element-populated\">\n\t\t\t\t\t\t<div class=\"elementor-element elementor-element-22a34150 elementor-widget elementor-widget-heading\" data-id=\"22a34150\" data-element_type=\"widget\" data-e-type=\"widget\" data-widget_type=\"heading.default\">\n\t\t\t\t<div class=\"elementor-widget-container\">\n\t\t\t\t\t<h2 class=\"elementor-heading-title elementor-size-large\">Zveza Abwasserverband W\u00f6rther See West<\/h2>\t\t\t\t<\/div>\n\t\t\t\t<\/div>\n\t\t\t\t<div class=\"elementor-element elementor-element-7e8286bd elementor-widget elementor-widget-heading\" data-id=\"7e8286bd\" data-element_type=\"widget\" data-e-type=\"widget\" data-widget_type=\"heading.default\">\n\t\t\t\t<div class=\"elementor-widget-container\">\n\t\t\t\t\t<h3 class=\"elementor-heading-title elementor-size-large\">Obveznost kalibriranja glavnih in dodatnih vodomerov.<\/h3>\t\t\t\t<\/div>\n\t\t\t\t<\/div>\n\t\t\t\t<div class=\"elementor-element elementor-element-24bd520d elementor-widget elementor-widget-text-editor\" data-id=\"24bd520d\" data-element_type=\"widget\" data-e-type=\"widget\" data-widget_type=\"text-editor.default\">\n\t\t\t\t<div class=\"elementor-widget-container\">\n\t\t\t\t\t\t\t\t\t<p>Zveza Abwasserverband W\u00f6rther See West opozarja, da so za obra\u010dunavanje kanal\u0161\u010dine dovoljene samo kalibrirane merilne naprave (glavni in dodatni vodomeri).<br \/>Za glavne in dodatne vodomere velja petletna obveznost kalibrianja v skladu s 1. odstavkom 8. \u010dlena MEG (Zakon o merjenju in kalibrianju). Uporabniki tak\u0161nih merilnih naprav so odgovorni za zagotavljanje njihove kalibracije v skladu s \u010dlenom 7(2) MEG.<br \/>Ustrezne obrazce najdete na na\u0161i spletni strani www.awvww.at.<\/p>\t\t\t\t\t\t\t\t<\/div>\n\t\t\t\t<\/div>\n\t\t\t\t<div class=\"elementor-element elementor-element-2611dbf2 elementor-widget-divider--view-line elementor-widget elementor-widget-divider\" data-id=\"2611dbf2\" data-element_type=\"widget\" data-e-type=\"widget\" data-widget_type=\"divider.default\">\n\t\t\t\t<div class=\"elementor-widget-container\">\n\t\t\t\t\t\t\t<div class=\"elementor-divider\">\n\t\t\t<span class=\"elementor-divider-separator\">\n\t\t\t\t\t\t<\/span>\n\t\t<\/div>\n\t\t\t\t\t\t<\/div>\n\t\t\t\t<\/div>\n\t\t\t\t<div class=\"elementor-element elementor-element-d61fe3a elementor-widget elementor-widget-heading\" data-id=\"d61fe3a\" data-element_type=\"widget\" data-e-type=\"widget\" data-widget_type=\"heading.default\">\n\t\t\t\t<div class=\"elementor-widget-container\">\n\t\t\t\t\t<h3 class=\"elementor-heading-title elementor-size-large\">Kontakt<\/h3>\t\t\t\t<\/div>\n\t\t\t\t<\/div>\n\t\t\t\t<div class=\"elementor-element elementor-element-4211d6c elementor-widget elementor-widget-text-editor\" data-id=\"4211d6c\" data-element_type=\"widget\" data-e-type=\"widget\" data-widget_type=\"text-editor.default\">\n\t\t\t\t<div class=\"elementor-widget-container\">\n\t\t\t\t\t\t\t\t\t<p>Zveza Abwasserverband W\u00f6rther See West<br>Wasserweg 1<br>9232 Fr\u00f6g\/Breg<br>Tel.:&nbsp;+43 (0) 4274-52547<br>Fax:&nbsp;+43 (0) 4274-52547-4<br>e-po\u0161ta:&nbsp;&nbsp;&nbsp;<a href=\"mailto:office@awvww.at\">office@awvww.at<\/a><\/p>\n<p>ve\u010d informacij:&nbsp;<a title=\"Zdru\u017eenje za odpadne vode vrbsko jezero zahod\" href=\"http:\/\/www.awvww.at\/\" target=\"_blank\" rel=\"noopener\">AWVWW<\/a><\/p>\n<p><strong>Uradne ure<\/strong><br>Ponedeljek - \u010detrtek od 7:30 - 16:00 ure<br>petek od 7:00 do 13:00<\/p>\t\t\t\t\t\t\t\t<\/div>\n\t\t\t\t<\/div>\n\t\t\t\t\t<\/div>\n\t\t<\/div>\n\t\t\t\t\t<\/div>\n\t\t<\/section>\n\t\t\t\t<\/div>","protected":false},"excerpt":{"rendered":"<p>Odvajanje odpadne vode Abwasserverband W\u00f6rther See West Obveznost umerjanja podometrov in vodomerov Abwasserverband W\u00f6rther See West opozarja, da se za obra\u010dunavanje kanal\u0161\u010dine lahko uporabljajo samo umerjene merilne naprave (podometri in vodomeri). za podometre in vodomere velja petletna obveznost umerjanja v skladu s 1. odstavkom 8. \u010dlena MEG (Zakon o meritvah in umerjanju). Uporabniki teh merilnih naprav (podometrov in vodomerov) [...]<\/p>","protected":false},"author":1,"featured_media":0,"parent":0,"menu_order":0,"comment_status":"closed","ping_status":"closed","template":"","meta":{"footnotes":""},"class_list":["post-890","page","type-page","status-publish","hentry"],"_links":{"self":[{"href":"https:\/\/rosegg.gv.at\/slovenisch\/wp-json\/wp\/v2\/pages\/890"}],"collection":[{"href":"https:\/\/rosegg.gv.at\/slovenisch\/wp-json\/wp\/v2\/pages"}],"about":[{"href":"https:\/\/rosegg.gv.at\/slovenisch\/wp-json\/wp\/v2\/types\/page"}],"author":[{"embeddable":true,"href":"https:\/\/rosegg.gv.at\/slovenisch\/wp-json\/wp\/v2\/users\/1"}],"replies":[{"embeddable":true,"href":"https:\/\/rosegg.gv.at\/slovenisch\/wp-json\/wp\/v2\/comments?post=890"}],"version-history":[{"count":19,"href":"https:\/\/rosegg.gv.at\/slovenisch\/wp-json\/wp\/v2\/pages\/890\/revisions"}],"predecessor-version":[{"id":2577,"href":"https:\/\/rosegg.gv.at\/slovenisch\/wp-json\/wp\/v2\/pages\/890\/revisions\/2577"}],"wp:attachment":[{"href":"https:\/\/rosegg.gv.at\/slovenisch\/wp-json\/wp\/v2\/media?parent=890"}],"curies":[{"name":"wp","href":"https:\/\/api.w.org\/{rel}","templated":true}]}}