{"id":842,"date":"2021-03-10T08:02:38","date_gmt":"2021-03-10T08:02:38","guid":{"rendered":"https:\/\/rosegg.axandu.com\/?page_id=842"},"modified":"2024-08-22T09:02:36","modified_gmt":"2024-08-22T09:02:36","slug":"schule","status":"publish","type":"page","link":"https:\/\/rosegg.gv.at\/slovenisch\/schule\/","title":{"rendered":"\u0160ola"},"content":{"rendered":"<div data-elementor-type=\"wp-page\" data-elementor-id=\"842\" class=\"elementor elementor-842\" data-elementor-post-type=\"page\">\n\t\t\t\t\t\t<section class=\"elementor-section elementor-top-section elementor-element elementor-element-e649e92 elementor-section-height-min-height elementor-section-boxed elementor-section-height-default elementor-section-items-middle\" data-id=\"e649e92\" data-element_type=\"section\" data-e-type=\"section\" data-settings=\"{&quot;background_background&quot;:&quot;slideshow&quot;,&quot;shape_divider_bottom&quot;:&quot;arrow&quot;,&quot;background_slideshow_gallery&quot;:[{&quot;id&quot;:279,&quot;url&quot;:&quot;https:\\\/\\\/rosegg.axandu.com\\\/wp-content\\\/uploads\\\/2021\\\/03\\\/rosegg028-1-scaled.jpg&quot;},{&quot;id&quot;:288,&quot;url&quot;:&quot;https:\\\/\\\/rosegg.axandu.com\\\/wp-content\\\/uploads\\\/2021\\\/03\\\/Petelin-Winter-scaled.jpg&quot;}],&quot;background_slideshow_ken_burns&quot;:&quot;yes&quot;,&quot;background_slideshow_loop&quot;:&quot;yes&quot;,&quot;background_slideshow_slide_duration&quot;:5000,&quot;background_slideshow_slide_transition&quot;:&quot;fade&quot;,&quot;background_slideshow_transition_duration&quot;:500,&quot;background_slideshow_ken_burns_zoom_direction&quot;:&quot;in&quot;}\">\n\t\t\t\t\t<div class=\"elementor-shape elementor-shape-bottom\" aria-hidden=\"true\" data-negative=\"false\">\n\t\t\t<svg xmlns=\"http:\/\/www.w3.org\/2000\/svg\" viewbox=\"0 0 700 10\" preserveaspectratio=\"none\">\n\t<path class=\"elementor-shape-fill\" d=\"M350,10L340,0h20L350,10z\"\/>\n<\/svg>\t\t<\/div>\n\t\t\t\t\t<div class=\"elementor-container elementor-column-gap-default\">\n\t\t\t\t\t<div class=\"elementor-column elementor-col-100 elementor-top-column elementor-element elementor-element-58d81ded\" data-id=\"58d81ded\" data-element_type=\"column\" data-e-type=\"column\">\n\t\t\t<div class=\"elementor-widget-wrap elementor-element-populated\">\n\t\t\t\t\t\t<div class=\"elementor-element elementor-element-77a20bcc elementor-widget elementor-widget-heading\" data-id=\"77a20bcc\" data-element_type=\"widget\" data-e-type=\"widget\" data-widget_type=\"heading.default\">\n\t\t\t\t<div class=\"elementor-widget-container\">\n\t\t\t\t\t<h2 class=\"elementor-heading-title elementor-size-large\">\u0160ola<\/h2>\t\t\t\t<\/div>\n\t\t\t\t<\/div>\n\t\t\t\t\t<\/div>\n\t\t<\/div>\n\t\t\t\t\t<\/div>\n\t\t<\/section>\n\t\t\t\t<section class=\"elementor-section elementor-top-section elementor-element elementor-element-6e4935eb elementor-section-boxed elementor-section-height-default elementor-section-height-default\" data-id=\"6e4935eb\" data-element_type=\"section\" data-e-type=\"section\" data-settings=\"{&quot;background_background&quot;:&quot;classic&quot;}\">\n\t\t\t\t\t\t<div class=\"elementor-container elementor-column-gap-default\">\n\t\t\t\t\t<div class=\"elementor-column elementor-col-100 elementor-top-column elementor-element elementor-element-716644c2\" data-id=\"716644c2\" data-element_type=\"column\" data-e-type=\"column\">\n\t\t\t<div class=\"elementor-widget-wrap elementor-element-populated\">\n\t\t\t\t\t\t<div class=\"elementor-element elementor-element-4ef5888 elementor-widget elementor-widget-heading\" data-id=\"4ef5888\" data-element_type=\"widget\" data-e-type=\"widget\" data-widget_type=\"heading.default\">\n\t\t\t\t<div class=\"elementor-widget-container\">\n\t\t\t\t\t<h2 class=\"elementor-heading-title elementor-size-large\">\u0160ole v Ro\u017eeku<\/h2>\t\t\t\t<\/div>\n\t\t\t\t<\/div>\n\t\t\t\t<div class=\"elementor-element elementor-element-51b5f822 elementor-widget elementor-widget-heading\" data-id=\"51b5f822\" data-element_type=\"widget\" data-e-type=\"widget\" data-widget_type=\"heading.default\">\n\t\t\t\t<div class=\"elementor-widget-container\">\n\t\t\t\t\t<h3 class=\"elementor-heading-title elementor-size-large\">Ljudska \u0161ola Ro\u017eek<\/h3>\t\t\t\t<\/div>\n\t\t\t\t<\/div>\n\t\t\t\t<div class=\"elementor-element elementor-element-3175d216 elementor-widget elementor-widget-text-editor\" data-id=\"3175d216\" data-element_type=\"widget\" data-e-type=\"widget\" data-widget_type=\"text-editor.default\">\n\t\t\t\t<div class=\"elementor-widget-container\">\n\t\t\t\t\t\t\t\t\t<p>Wildparkweg 9<br>9232 Ro\u017eek<\/p>\n<p>Telefon: +43 (0) 4274 2198<br>Faks: +43 (0) 4274 21984<br>e-po\u0161ta: direktion@vs-rosegg.ksn.at<\/p>\n<p>Ravnatelj:<br><span style=\"color: var( --e-global-color-text ); font-family: var( --e-global-typography-text-font-family ), Sans-serif; font-weight: var( --e-global-typography-text-font-weight ); font-size: 1rem;\">Marijan Smid<br><\/span><\/p>\n<p><o:p><\/o:p><\/p>\t\t\t\t\t\t\t\t<\/div>\n\t\t\t\t<\/div>\n\t\t\t\t<div class=\"elementor-element elementor-element-beba2d3 elementor-widget elementor-widget-image\" data-id=\"beba2d3\" data-element_type=\"widget\" data-e-type=\"widget\" data-widget_type=\"image.default\">\n\t\t\t\t<div class=\"elementor-widget-container\">\n\t\t\t\t\t\t\t\t\t\t\t\t\t\t\t<img fetchpriority=\"high\" decoding=\"async\" width=\"640\" height=\"427\" src=\"https:\/\/rosegg.gv.at\/wp-content\/uploads\/2021\/03\/vs-rosegg.jpg\" class=\"attachment-large size-large wp-image-853\" alt=\"\" srcset=\"https:\/\/rosegg.gv.at\/wp-content\/uploads\/2021\/03\/vs-rosegg.jpg 640w, https:\/\/rosegg.gv.at\/wp-content\/uploads\/2021\/03\/vs-rosegg-300x200.jpg 300w\" sizes=\"(max-width: 640px) 100vw, 640px\" \/>\t\t\t\t\t\t\t\t\t\t\t\t\t\t\t<\/div>\n\t\t\t\t<\/div>\n\t\t\t\t<div class=\"elementor-element elementor-element-08856c5 elementor-widget elementor-widget-heading\" data-id=\"08856c5\" data-element_type=\"widget\" data-e-type=\"widget\" data-widget_type=\"heading.default\">\n\t\t\t\t<div class=\"elementor-widget-container\">\n\t\t\t\t\t<h3 class=\"elementor-heading-title elementor-size-large\">Zaveti\u0161\u010de Flotte Smarties<\/h3>\t\t\t\t<\/div>\n\t\t\t\t<\/div>\n\t\t\t\t<div class=\"elementor-element elementor-element-b5b081a elementor-widget elementor-widget-text-editor\" data-id=\"b5b081a\" data-element_type=\"widget\" data-e-type=\"widget\" data-widget_type=\"text-editor.default\">\n\t\t\t\t<div class=\"elementor-widget-container\">\n\t\t\t\t\t\t\t\t\t<p>Wildparkweg 9<br \/>9232 Ro\u017eek<\/p><p>Telefon: +43 (0) 676 88987110<br \/>Ve\u010d informacij: kindernest<\/p><p>Kindernest gem. Kinderbetreuungsgesellschaft mbH<br \/>G\u00f6rzer Allee 32, Stiege 2<br \/>9020 Klagenfurt<\/p><p>Telefon: 0463 500012 Fax DW 13<\/p><p>Ob\u010dasno po pouku:<br \/>ponedeljek - petek<br \/>11:00 - 17:00<br \/>Ob dnevih, ko ni pouka, in med po\u010ditnicami je zaveti\u0161\u010de odprto od 7.30 do 15.30 h.<br \/>Vrtec je zaprt med velikono\u010dnimi po\u010ditnicami, semestralnimi po\u010ditnicami in bo\u017ei\u010dnimi po\u010ditnicami.<br \/>Zaveti\u0161\u010de je zaprto tudi med poletnimi po\u010ditnicami, vendar lahko otroci iz Ro\u017eeka obiskujejo zaveti\u0161\u010de v Vrbi.<\/p><p>Prispevki star\u0161ev so razporejeni po naslednjem klju\u010du (vklju\u010dno s kosilom in popoldansko malico):<br \/>5 dni 147,00 EUR<br \/>4 dni 121,00 EUR<br \/>3 dni 100,00 EUR<\/p>\t\t\t\t\t\t\t\t<\/div>\n\t\t\t\t<\/div>\n\t\t\t\t<div class=\"elementor-element elementor-element-5ba67a0 elementor-widget elementor-widget-image\" data-id=\"5ba67a0\" data-element_type=\"widget\" data-e-type=\"widget\" data-widget_type=\"image.default\">\n\t\t\t\t<div class=\"elementor-widget-container\">\n\t\t\t\t\t\t\t\t\t\t\t\t\t\t\t<img decoding=\"async\" width=\"190\" height=\"97\" src=\"https:\/\/rosegg.gv.at\/wp-content\/uploads\/2021\/03\/kindernestlogo1.jpg\" class=\"attachment-large size-large wp-image-860\" alt=\"\" \/>\t\t\t\t\t\t\t\t\t\t\t\t\t\t\t<\/div>\n\t\t\t\t<\/div>\n\t\t\t\t<div class=\"elementor-element elementor-element-519b4632 elementor-widget-divider--view-line elementor-widget elementor-widget-divider\" data-id=\"519b4632\" data-element_type=\"widget\" data-e-type=\"widget\" data-widget_type=\"divider.default\">\n\t\t\t\t<div class=\"elementor-widget-container\">\n\t\t\t\t\t\t\t<div class=\"elementor-divider\">\n\t\t\t<span class=\"elementor-divider-separator\">\n\t\t\t\t\t\t<\/span>\n\t\t<\/div>\n\t\t\t\t\t\t<\/div>\n\t\t\t\t<\/div>\n\t\t\t\t\t<\/div>\n\t\t<\/div>\n\t\t\t\t\t<\/div>\n\t\t<\/section>\n\t\t\t\t<\/div>","protected":false},"excerpt":{"rendered":"<p>Schule Schulen in Rosegg Volksschule Rosegg Wildparkweg 99232 Rosegg Telefon: +43 (0) 4274 2198Fax: +43 (0) 4274 21984email: direktion@vs-rosegg.ksn.at Direktor:Marijan Smid Sch\u00fclerhort Flotte Smarties Wildparkweg 99232 Rosegg Telefon: +43 (0) 676 88987110Mehr Infos: kindernest Kindernest gem. Kinderbetreuungsgesellschaft mbHG\u00f6rzer Allee 32, Stiege 29020 Klagenfurt Telefon: 0463 500012 Fax. DW 13 Hort\u00f6ffnungszeiten:Montag &#8211; Freitag11:00 Uhr &#8211; 17:00 [&hellip;]<\/p>","protected":false},"author":1,"featured_media":0,"parent":0,"menu_order":0,"comment_status":"closed","ping_status":"closed","template":"","meta":{"footnotes":""},"class_list":["post-842","page","type-page","status-publish","hentry"],"_links":{"self":[{"href":"https:\/\/rosegg.gv.at\/slovenisch\/wp-json\/wp\/v2\/pages\/842"}],"collection":[{"href":"https:\/\/rosegg.gv.at\/slovenisch\/wp-json\/wp\/v2\/pages"}],"about":[{"href":"https:\/\/rosegg.gv.at\/slovenisch\/wp-json\/wp\/v2\/types\/page"}],"author":[{"embeddable":true,"href":"https:\/\/rosegg.gv.at\/slovenisch\/wp-json\/wp\/v2\/users\/1"}],"replies":[{"embeddable":true,"href":"https:\/\/rosegg.gv.at\/slovenisch\/wp-json\/wp\/v2\/comments?post=842"}],"version-history":[{"count":13,"href":"https:\/\/rosegg.gv.at\/slovenisch\/wp-json\/wp\/v2\/pages\/842\/revisions"}],"predecessor-version":[{"id":2607,"href":"https:\/\/rosegg.gv.at\/slovenisch\/wp-json\/wp\/v2\/pages\/842\/revisions\/2607"}],"wp:attachment":[{"href":"https:\/\/rosegg.gv.at\/slovenisch\/wp-json\/wp\/v2\/media?parent=842"}],"curies":[{"name":"wp","href":"https:\/\/api.w.org\/{rel}","templated":true}]}}