{"id":639,"date":"2021-03-09T20:56:15","date_gmt":"2021-03-09T20:56:15","guid":{"rendered":"https:\/\/rosegg.axandu.com\/?page_id=639"},"modified":"2024-09-05T08:35:14","modified_gmt":"2024-09-05T08:35:14","slug":"kultur","status":"publish","type":"page","link":"https:\/\/rosegg.gv.at\/slovenisch\/kultur\/","title":{"rendered":"Kultura"},"content":{"rendered":"<div data-elementor-type=\"wp-page\" data-elementor-id=\"639\" class=\"elementor elementor-639\" data-elementor-post-type=\"page\">\n\t\t\t\t\t\t<section class=\"elementor-section elementor-top-section elementor-element elementor-element-3285c1be elementor-section-height-min-height elementor-section-boxed elementor-section-height-default elementor-section-items-middle\" data-id=\"3285c1be\" data-element_type=\"section\" data-e-type=\"section\" data-settings=\"{&quot;background_background&quot;:&quot;slideshow&quot;,&quot;shape_divider_bottom&quot;:&quot;arrow&quot;,&quot;background_slideshow_gallery&quot;:[{&quot;id&quot;:279,&quot;url&quot;:&quot;https:\\\/\\\/rosegg.axandu.com\\\/wp-content\\\/uploads\\\/2021\\\/03\\\/rosegg028-1-scaled.jpg&quot;},{&quot;id&quot;:288,&quot;url&quot;:&quot;https:\\\/\\\/rosegg.axandu.com\\\/wp-content\\\/uploads\\\/2021\\\/03\\\/Petelin-Winter-scaled.jpg&quot;}],&quot;background_slideshow_ken_burns&quot;:&quot;yes&quot;,&quot;background_slideshow_loop&quot;:&quot;yes&quot;,&quot;background_slideshow_slide_duration&quot;:5000,&quot;background_slideshow_slide_transition&quot;:&quot;fade&quot;,&quot;background_slideshow_transition_duration&quot;:500,&quot;background_slideshow_ken_burns_zoom_direction&quot;:&quot;in&quot;}\">\n\t\t\t\t\t<div class=\"elementor-shape elementor-shape-bottom\" aria-hidden=\"true\" data-negative=\"false\">\n\t\t\t<svg xmlns=\"http:\/\/www.w3.org\/2000\/svg\" viewbox=\"0 0 700 10\" preserveaspectratio=\"none\">\n\t<path class=\"elementor-shape-fill\" d=\"M350,10L340,0h20L350,10z\"\/>\n<\/svg>\t\t<\/div>\n\t\t\t\t\t<div class=\"elementor-container elementor-column-gap-default\">\n\t\t\t\t\t<div class=\"elementor-column elementor-col-100 elementor-top-column elementor-element elementor-element-63ecd424\" data-id=\"63ecd424\" data-element_type=\"column\" data-e-type=\"column\">\n\t\t\t<div class=\"elementor-widget-wrap elementor-element-populated\">\n\t\t\t\t\t\t<div class=\"elementor-element elementor-element-3effc583 elementor-widget elementor-widget-heading\" data-id=\"3effc583\" data-element_type=\"widget\" data-e-type=\"widget\" data-widget_type=\"heading.default\">\n\t\t\t\t<div class=\"elementor-widget-container\">\n\t\t\t\t\t<h2 class=\"elementor-heading-title elementor-size-large\">Kultura<\/h2>\t\t\t\t<\/div>\n\t\t\t\t<\/div>\n\t\t\t\t\t<\/div>\n\t\t<\/div>\n\t\t\t\t\t<\/div>\n\t\t<\/section>\n\t\t\t\t<section class=\"elementor-section elementor-top-section elementor-element elementor-element-3f1eb56c elementor-section-boxed elementor-section-height-default elementor-section-height-default\" data-id=\"3f1eb56c\" data-element_type=\"section\" data-e-type=\"section\" data-settings=\"{&quot;background_background&quot;:&quot;classic&quot;}\">\n\t\t\t\t\t\t<div class=\"elementor-container elementor-column-gap-default\">\n\t\t\t\t\t<div class=\"elementor-column elementor-col-100 elementor-top-column elementor-element elementor-element-4aeaadf3\" data-id=\"4aeaadf3\" data-element_type=\"column\" data-e-type=\"column\">\n\t\t\t<div class=\"elementor-widget-wrap elementor-element-populated\">\n\t\t\t\t\t\t<div class=\"elementor-element elementor-element-6e1309dd elementor-widget elementor-widget-heading\" data-id=\"6e1309dd\" data-element_type=\"widget\" data-e-type=\"widget\" data-widget_type=\"heading.default\">\n\t\t\t\t<div class=\"elementor-widget-container\">\n\t\t\t\t\t<h2 class=\"elementor-heading-title elementor-size-large\">Kulturna raznolikost v Ro\u017eeku<\/h2>\t\t\t\t<\/div>\n\t\t\t\t<\/div>\n\t\t\t\t<div class=\"elementor-element elementor-element-3085e8f9 elementor-widget elementor-widget-heading\" data-id=\"3085e8f9\" data-element_type=\"widget\" data-e-type=\"widget\" data-widget_type=\"heading.default\">\n\t\t\t\t<div class=\"elementor-widget-container\">\n\t\t\t\t\t<h3 class=\"elementor-heading-title elementor-size-large\">Galerija \u0160ikoronja<\/h3>\t\t\t\t<\/div>\n\t\t\t\t<\/div>\n\t\t\t\t<div class=\"elementor-element elementor-element-15cf3bf9 elementor-widget elementor-widget-text-editor\" data-id=\"15cf3bf9\" data-element_type=\"widget\" data-e-type=\"widget\" data-widget_type=\"text-editor.default\">\n\t\t\t\t<div class=\"elementor-widget-container\">\n\t\t\t\t\t\t\t\t\t<p>Galerija \u0160ikoronja v Ro\u017eeku obstaja \u017ee ve\u010d kot 35 let. Galerija je prostor trajne kulturne gostoljubnosti in \u010dezmejne povezanosti.<\/p><p>V tej hi\u0161i je vse: reka, obvodni gozdovi, Karavanke, premikajo\u010di se oblaki, meje, zgodovina, spremembe v ljudeh. Vse, kar se je kdaj dotaknilo hi\u0161e, je shranjeno. \u017de ve\u010d kot tri desetletja je to predvsem umetnost.<\/p><p>\u00a0<\/p>\t\t\t\t\t\t\t\t<\/div>\n\t\t\t\t<\/div>\n\t\t\t\t<div class=\"elementor-element elementor-element-9f66d50 elementor-widget elementor-widget-button\" data-id=\"9f66d50\" data-element_type=\"widget\" data-e-type=\"widget\" data-widget_type=\"button.default\">\n\t\t\t\t<div class=\"elementor-widget-container\">\n\t\t\t\t\t\t\t\t\t<div class=\"elementor-button-wrapper\">\n\t\t\t\t\t<a class=\"elementor-button elementor-button-link elementor-size-sm\" href=\"https:\/\/www.galerie-sikoronja.at\/\">\n\t\t\t\t\t\t<span class=\"elementor-button-content-wrapper\">\n\t\t\t\t\t\t\t\t\t<span class=\"elementor-button-text\">Na doma\u010do stran<\/span>\n\t\t\t\t\t<\/span>\n\t\t\t\t\t<\/a>\n\t\t\t\t<\/div>\n\t\t\t\t\t\t\t\t<\/div>\n\t\t\t\t<\/div>\n\t\t\t\t<div class=\"elementor-element elementor-element-ab126a0 elementor-widget-divider--view-line elementor-widget elementor-widget-divider\" data-id=\"ab126a0\" data-element_type=\"widget\" data-e-type=\"widget\" data-widget_type=\"divider.default\">\n\t\t\t\t<div class=\"elementor-widget-container\">\n\t\t\t\t\t\t\t<div class=\"elementor-divider\">\n\t\t\t<span class=\"elementor-divider-separator\">\n\t\t\t\t\t\t<\/span>\n\t\t<\/div>\n\t\t\t\t\t\t<\/div>\n\t\t\t\t<\/div>\n\t\t\t\t<div class=\"elementor-element elementor-element-43df0bd elementor-widget elementor-widget-heading\" data-id=\"43df0bd\" data-element_type=\"widget\" data-e-type=\"widget\" data-widget_type=\"heading.default\">\n\t\t\t\t<div class=\"elementor-widget-container\">\n\t\t\t\t\t<h3 class=\"elementor-heading-title elementor-size-large\">zeig.ma.kUNSt<\/h3>\t\t\t\t<\/div>\n\t\t\t\t<\/div>\n\t\t\t\t<div class=\"elementor-element elementor-element-9ea93b1 elementor-widget elementor-widget-text-editor\" data-id=\"9ea93b1\" data-element_type=\"widget\" data-e-type=\"widget\" data-widget_type=\"text-editor.default\">\n\t\t\t\t<div class=\"elementor-widget-container\">\n\t\t\t\t\t\t\t\t\t<p>Od 1. do 31. avgusta 2011 je bila na ogled razstava slik, ki so nastale v poletni slikarski \u0161oli z umetnikom G\u00fcntherjem Schifkom. Slike si je bilo mogo\u010de ogledati v \u010dasu uradnih ur na ob\u010dinskem uradu Ro\u017eek.<\/p>\t\t\t\t\t\t\t\t<\/div>\n\t\t\t\t<\/div>\n\t\t\t\t<div class=\"elementor-element elementor-element-f664399 elementor-widget elementor-widget-toggle\" data-id=\"f664399\" data-element_type=\"widget\" data-e-type=\"widget\" data-widget_type=\"toggle.default\">\n\t\t\t\t<div class=\"elementor-widget-container\">\n\t\t\t\t\t\t\t<div class=\"elementor-toggle\">\n\t\t\t\t\t\t\t<div class=\"elementor-toggle-item\">\n\t\t\t\t\t<div id=\"elementor-tab-title-2581\" class=\"elementor-tab-title\" data-tab=\"1\" role=\"button\" aria-controls=\"elementor-tab-content-2581\" aria-expanded=\"false\">\n\t\t\t\t\t\t\t\t\t\t\t\t<span class=\"elementor-toggle-icon elementor-toggle-icon-left\" aria-hidden=\"true\">\n\t\t\t\t\t\t\t\t\t\t\t\t\t\t\t<span class=\"elementor-toggle-icon-closed\"><i class=\"fas fa-caret-right\"><\/i><\/span>\n\t\t\t\t\t\t\t\t<span class=\"elementor-toggle-icon-opened\"><i class=\"elementor-toggle-icon-opened fas fa-caret-up\"><\/i><\/span>\n\t\t\t\t\t\t\t\t\t\t\t\t\t<\/span>\n\t\t\t\t\t\t\t\t\t\t\t\t<a class=\"elementor-toggle-title\" tabindex=\"0\">Ve\u010d informacij o zeig.ma.kUNSt<\/a>\n\t\t\t\t\t<\/div>\n\n\t\t\t\t\t<div id=\"elementor-tab-content-2581\" class=\"elementor-tab-content elementor-clearfix\" data-tab=\"1\" role=\"region\" aria-labelledby=\"elementor-tab-title-2581\"><div class=\"kunst\"><p>Od 3. februarja 2011 do 31. marca 2011 je na ogled razstava\u00a0<strong>Slikarska \u0161ola z umetnikom G\u00fcnterjem Schifkom<\/strong>\u00a0ustvarjenih slik. Slike si je bilo mogo\u010de ogledati v \u010dasu uradnih ur na ob\u010dinskem uradu Ro\u017eek.<\/p><p>Predstavitev slik iz slikarske \u0161ole z G\u00fcnterjem Schifkom v letu 2011 je potekala 24. februarja 2011 od 15.00 do 16.00 na ob\u010dinskem uradu Ro\u017eek<\/p><p>Slikarska \u0161ola Ro\u017eek z G\u00fcnterjem Schiffkom se je medtem uveljavila kot stalnica za ustvarjalne prebivalce Ro\u017eeka in poteka v Ro\u017eeku od leta 1999.<\/p><p>Enkrat ali dvakrat na leto v Ro\u017eek pride umetnik Schifko in z vami deli dragocene nasvete in trike svojega slikarstva. Udele\u017eence seznani z novimi slikarskimi tehnikami ali pa jim pomaga osve\u017eiti \u017ee pridobljeno znanje.<\/p><p>Slikarska \u0161ola je trajala 6 dni in je bila omejena na najve\u010d 8 udele\u017eencev na dan. Nastale so slike pokrajin in mest, cvetja, sodobnosti in aktov.<\/p><p>Umetni\u0161ki vodja slikarske \u0161ole: G\u00fcnter Schifko<br \/>Organizacija: Ulrike Kirchenmeier, Inselweg 9, 9232 Duel<br \/>Informacije in kontakt: Ulrike Kirchenmeier, tel.: 04274\/50539<\/p><p>Te\u010daja slikanja se lahko udele\u017ei vsakdo, dobrodo\u0161li pa so tudi novi udele\u017eenci!<\/p><p><strong>Udele\u017eenci slikarske \u0161ole 2011: 20 oseb iz Ro\u017eeka in okolice<\/strong><br \/>Brigitte Likar, Annemarie Ruppnig, Renate G\u00f6tz, Brigitte Fugger, Ulrike Kirchmeier, Rosalia Zettel, Alois Simtschitsch, Karl Kopeinig, Robert Hanze, Rosalia Troller, Josefine Seidl, Franz K\u00f6nig, Elvira Mikula, Josefine Bartl, Hermine Reiner, Sunny Kowatsch, Kerstin Jerotschitsch, Laura del negro, Werner Smretschnig, Maria Schober<\/p><\/div><hr \/><div class=\"kunst\"><p>Od 5. do 31. januarja 2011 je bila na ob\u010dinskem uradu Ro\u017eek na ogled razstava st\u012bll z vrbovimi skulpturami, besedili in slikami Claudie Samitz.<br \/>Kontakt: e-Mail:\u00a0<a href=\"mailto:c.z-samitz@gmx.at\">c.z-samitz@gmx.at<\/a><\/p><p>\u010ce \u017eelite kot ob\u010dan Ro\u017eeka uporabiti prostore ob\u010dinskega urada za izra\u017eanje svoje ustvarjalnosti in predstavitev svojih del (slik, skulptur, fotografij ...) javnosti, se obrnite na ob\u010dinski urad (tel. \u0161t.: 04274\/2712) ali po\u0161ljite e-po\u0161to:\u00a0<a href=\"mailto:rosegg@ktn.gde.at\">rosegg@ktn.gde.at<\/a>.<\/p><\/div><\/div>\n\t\t\t\t<\/div>\n\t\t\t\t\t\t\t\t<\/div>\n\t\t\t\t\t\t<\/div>\n\t\t\t\t<\/div>\n\t\t\t\t\t<\/div>\n\t\t<\/div>\n\t\t\t\t\t<\/div>\n\t\t<\/section>\n\t\t\t\t<\/div>","protected":false},"excerpt":{"rendered":"<p>Kultur Kulturenvielfalt in Rosegg Galerie \u0160ikoronja Die Galerie \u0160ikoronja in Rosegg besteht bereits \u00fcber 35 Jahre. Die Galerie ist ein Ort der permanenten kulturellen Gastfreundschaft und Grenz\u00fcberschreitung. Dieses Haus tr\u00e4gt alles in sich: den Fluss, die Auw\u00e4lder, die Karawanken, die ziehenden Wolken, die Grenzen, die Geschichte, die Wandlungen der Menschen. Alles, was das Haus je [&hellip;]<\/p>","protected":false},"author":1,"featured_media":0,"parent":0,"menu_order":0,"comment_status":"closed","ping_status":"closed","template":"","meta":{"footnotes":""},"class_list":["post-639","page","type-page","status-publish","hentry"],"_links":{"self":[{"href":"https:\/\/rosegg.gv.at\/slovenisch\/wp-json\/wp\/v2\/pages\/639"}],"collection":[{"href":"https:\/\/rosegg.gv.at\/slovenisch\/wp-json\/wp\/v2\/pages"}],"about":[{"href":"https:\/\/rosegg.gv.at\/slovenisch\/wp-json\/wp\/v2\/types\/page"}],"author":[{"embeddable":true,"href":"https:\/\/rosegg.gv.at\/slovenisch\/wp-json\/wp\/v2\/users\/1"}],"replies":[{"embeddable":true,"href":"https:\/\/rosegg.gv.at\/slovenisch\/wp-json\/wp\/v2\/comments?post=639"}],"version-history":[{"count":37,"href":"https:\/\/rosegg.gv.at\/slovenisch\/wp-json\/wp\/v2\/pages\/639\/revisions"}],"predecessor-version":[{"id":2672,"href":"https:\/\/rosegg.gv.at\/slovenisch\/wp-json\/wp\/v2\/pages\/639\/revisions\/2672"}],"wp:attachment":[{"href":"https:\/\/rosegg.gv.at\/slovenisch\/wp-json\/wp\/v2\/media?parent=639"}],"curies":[{"name":"wp","href":"https:\/\/api.w.org\/{rel}","templated":true}]}}