{"id":482,"date":"2021-03-09T14:34:22","date_gmt":"2021-03-09T14:34:22","guid":{"rendered":"https:\/\/rosegg.axandu.com\/?page_id=482"},"modified":"2022-07-06T08:05:50","modified_gmt":"2022-07-06T08:05:50","slug":"politik","status":"publish","type":"page","link":"https:\/\/rosegg.gv.at\/slovenisch\/politik\/","title":{"rendered":"Politika"},"content":{"rendered":"<div data-elementor-type=\"wp-page\" data-elementor-id=\"482\" class=\"elementor elementor-482\" data-elementor-post-type=\"page\">\n\t\t\t\t\t\t<section class=\"elementor-section elementor-top-section elementor-element elementor-element-1c45c920 elementor-section-height-min-height elementor-section-boxed elementor-section-height-default elementor-section-items-middle\" data-id=\"1c45c920\" data-element_type=\"section\" data-e-type=\"section\" data-settings=\"{&quot;background_background&quot;:&quot;slideshow&quot;,&quot;shape_divider_bottom&quot;:&quot;arrow&quot;,&quot;background_slideshow_gallery&quot;:[{&quot;id&quot;:279,&quot;url&quot;:&quot;https:\\\/\\\/rosegg.axandu.com\\\/wp-content\\\/uploads\\\/2021\\\/03\\\/rosegg028-1-scaled.jpg&quot;},{&quot;id&quot;:288,&quot;url&quot;:&quot;https:\\\/\\\/rosegg.axandu.com\\\/wp-content\\\/uploads\\\/2021\\\/03\\\/Petelin-Winter-scaled.jpg&quot;}],&quot;background_slideshow_ken_burns&quot;:&quot;yes&quot;,&quot;background_slideshow_loop&quot;:&quot;yes&quot;,&quot;background_slideshow_slide_duration&quot;:5000,&quot;background_slideshow_slide_transition&quot;:&quot;fade&quot;,&quot;background_slideshow_transition_duration&quot;:500,&quot;background_slideshow_ken_burns_zoom_direction&quot;:&quot;in&quot;}\">\n\t\t\t\t\t<div class=\"elementor-shape elementor-shape-bottom\" aria-hidden=\"true\" data-negative=\"false\">\n\t\t\t<svg xmlns=\"http:\/\/www.w3.org\/2000\/svg\" viewbox=\"0 0 700 10\" preserveaspectratio=\"none\">\n\t<path class=\"elementor-shape-fill\" d=\"M350,10L340,0h20L350,10z\"\/>\n<\/svg>\t\t<\/div>\n\t\t\t\t\t<div class=\"elementor-container elementor-column-gap-default\">\n\t\t\t\t\t<div class=\"elementor-column elementor-col-100 elementor-top-column elementor-element elementor-element-129610e3\" data-id=\"129610e3\" data-element_type=\"column\" data-e-type=\"column\">\n\t\t\t<div class=\"elementor-widget-wrap elementor-element-populated\">\n\t\t\t\t\t\t<div class=\"elementor-element elementor-element-7fc6f7da elementor-widget elementor-widget-heading\" data-id=\"7fc6f7da\" data-element_type=\"widget\" data-e-type=\"widget\" data-widget_type=\"heading.default\">\n\t\t\t\t<div class=\"elementor-widget-container\">\n\t\t\t\t\t<h2 class=\"elementor-heading-title elementor-size-large\">\u017dupan<\/h2>\t\t\t\t<\/div>\n\t\t\t\t<\/div>\n\t\t\t\t\t<\/div>\n\t\t<\/div>\n\t\t\t\t\t<\/div>\n\t\t<\/section>\n\t\t\t\t<section class=\"elementor-section elementor-top-section elementor-element elementor-element-48e1b6d0 elementor-section-boxed elementor-section-height-default elementor-section-height-default\" data-id=\"48e1b6d0\" data-element_type=\"section\" data-e-type=\"section\" data-settings=\"{&quot;background_background&quot;:&quot;classic&quot;}\">\n\t\t\t\t\t\t<div class=\"elementor-container elementor-column-gap-default\">\n\t\t\t\t\t<div class=\"elementor-column elementor-col-100 elementor-top-column elementor-element elementor-element-38793dcf\" data-id=\"38793dcf\" data-element_type=\"column\" data-e-type=\"column\">\n\t\t\t<div class=\"elementor-widget-wrap elementor-element-populated\">\n\t\t\t\t\t\t<div class=\"elementor-element elementor-element-e609482 elementor-widget elementor-widget-wp-widget-gap1_widget\" data-id=\"e609482\" data-element_type=\"widget\" data-e-type=\"widget\" data-widget_type=\"wp-widget-gap1_widget.default\">\n\t\t\t\t<div class=\"elementor-widget-container\">\n\t\t\t\t\t<div style='font-family:Roboto'><div class=\"peopleContainer\">\n                    <div onclick=\"printPeopleInformation('d8e3d7c0d1754a0a980714060f62ca54')\" class=\"container clickable\">\n                        <div class=\"row\">\n                            <div class=\"clickable col-md-4 col-sm-6\">\n                                <img decoding=\"async\" class=\"img-thumbnail personpicture\" src=\"https:\/\/gemeindeappstorage.blob.core.windows.net\/usercontent\/0b4fe5c0-f579-497e-9c38-1936fef26e15\/full\/e2397a3a-cbb6-4d1c-a8a2-a77ffe08f7e8\/FranzRichau-97.jpg\" alt=\"FranzRichau-97.jpg\">                            <\/div>\n                            <div style=\" \"\n                                 id=\"shortPeopleInformationd8e3d7c0d1754a0a980714060f62ca54\">\n                                <h6>\u017dupan Franz Richau<\/h6>\n                                <i>Politika<\/i><br\/>\n                                <i>B\u00fcrgergemeinschaft Rosegg<\/i>\n                            <\/div>\n\n                            <div style=\"display: none\"\n                                 id=\"peopleInformationd8e3d7c0d1754a0a980714060f62ca54\"\n                                 class=\"col-md-8 col-sm-6\">\n                                <h6>\u017dupan Franz Richau<\/h6>\n                                <i>Politika<\/i><br\/>\n                                <i>B\u00fcrgergemeinschaft Rosegg<\/i>\n\n                                <p>Po\u0161ta: franz.richau@ktn.gde.at<br\/><\/p>                            <\/div>\n                        <\/div>\n                    <\/div>\n                    <div class='container'><\/div><\/div><\/div>\t\t\t\t<\/div>\n\t\t\t\t<\/div>\n\t\t\t\t\t<\/div>\n\t\t<\/div>\n\t\t\t\t\t<\/div>\n\t\t<\/section>\n\t\t\t\t<section class=\"elementor-section elementor-top-section elementor-element elementor-element-a9b855f elementor-section-boxed elementor-section-height-default elementor-section-height-default\" data-id=\"a9b855f\" data-element_type=\"section\" data-e-type=\"section\">\n\t\t\t\t\t\t<div class=\"elementor-container elementor-column-gap-default\">\n\t\t\t\t\t<div class=\"elementor-column elementor-col-100 elementor-top-column elementor-element elementor-element-03cab3b\" data-id=\"03cab3b\" data-element_type=\"column\" data-e-type=\"column\">\n\t\t\t<div class=\"elementor-widget-wrap elementor-element-populated\">\n\t\t\t\t\t\t<div class=\"elementor-element elementor-element-39d11f2 elementor-blockquote--skin-border elementor-blockquote--button-color-official elementor-widget elementor-widget-blockquote\" data-id=\"39d11f2\" data-element_type=\"widget\" data-e-type=\"widget\" data-widget_type=\"blockquote.default\">\n\t\t\t\t<div class=\"elementor-widget-container\">\n\t\t\t\t\t\t\t<blockquote class=\"elementor-blockquote\">\n\t\t\t<p class=\"elementor-blockquote__content\">\n\t\t\t\tDragi ob\u010dani, cenjene ob\u010danke, dragi \ngostje in obiskovalci!<br> \n\nVeseli nas, da ste odprli na\u0161o \nspletno stran in si tako ustvarili sliko \no na\u0161i ob\u010dini in na\u0161ih storitvah! \nPridru\u017eite se mi na sprehodu po na\u0161i \nlepi in prikupni ob\u010dini. \u017delim vam lepo \nbivanje in veliko veselja z na\u0161o \nponudbo.\t\t\t<\/p>\n\t\t\t\t\t\t\t<div class=\"e-q-footer\">\n\t\t\t\t\t\t\t\t\t\t\t<cite class=\"elementor-blockquote__author\">Franz Richau<\/cite>\n\t\t\t\t\t\t\t\t\t\t\t\t\t\t<\/div>\n\t\t\t\t\t<\/blockquote>\n\t\t\t\t\t\t<\/div>\n\t\t\t\t<\/div>\n\t\t\t\t\t<\/div>\n\t\t<\/div>\n\t\t\t\t\t<\/div>\n\t\t<\/section>\n\t\t\t\t<section class=\"elementor-section elementor-top-section elementor-element elementor-element-86a2cd1 elementor-section-boxed elementor-section-height-default elementor-section-height-default\" data-id=\"86a2cd1\" data-element_type=\"section\" data-e-type=\"section\">\n\t\t\t\t\t\t<div class=\"elementor-container elementor-column-gap-default\">\n\t\t\t\t\t<div class=\"elementor-column elementor-col-100 elementor-top-column elementor-element elementor-element-7d1c927\" data-id=\"7d1c927\" data-element_type=\"column\" data-e-type=\"column\">\n\t\t\t<div class=\"elementor-widget-wrap\">\n\t\t\t\t\t\t\t<\/div>\n\t\t<\/div>\n\t\t\t\t\t<\/div>\n\t\t<\/section>\n\t\t\t\t<\/div>","protected":false},"excerpt":{"rendered":"<p>\u017dupan Spo\u0161tovani ob\u010dani, gostje in obiskovalci! Veseli nas, da ste obiskali na\u0161o doma\u010do stran in si ustvarili dober vtis o na\u0161em tr\u017enem mestu in na\u0161ih storitvah! Pridru\u017eite se mi na potovanju po na\u0161i lepi in ljubki ob\u010dini. \u017delim vam prijetno bivanje in veliko zadovoljstva z na\u0161o ponudbo. Franz Richau<\/p>","protected":false},"author":1,"featured_media":0,"parent":0,"menu_order":0,"comment_status":"closed","ping_status":"closed","template":"","meta":{"footnotes":""},"class_list":["post-482","page","type-page","status-publish","hentry"],"_links":{"self":[{"href":"https:\/\/rosegg.gv.at\/slovenisch\/wp-json\/wp\/v2\/pages\/482"}],"collection":[{"href":"https:\/\/rosegg.gv.at\/slovenisch\/wp-json\/wp\/v2\/pages"}],"about":[{"href":"https:\/\/rosegg.gv.at\/slovenisch\/wp-json\/wp\/v2\/types\/page"}],"author":[{"embeddable":true,"href":"https:\/\/rosegg.gv.at\/slovenisch\/wp-json\/wp\/v2\/users\/1"}],"replies":[{"embeddable":true,"href":"https:\/\/rosegg.gv.at\/slovenisch\/wp-json\/wp\/v2\/comments?post=482"}],"version-history":[{"count":55,"href":"https:\/\/rosegg.gv.at\/slovenisch\/wp-json\/wp\/v2\/pages\/482\/revisions"}],"predecessor-version":[{"id":2035,"href":"https:\/\/rosegg.gv.at\/slovenisch\/wp-json\/wp\/v2\/pages\/482\/revisions\/2035"}],"wp:attachment":[{"href":"https:\/\/rosegg.gv.at\/slovenisch\/wp-json\/wp\/v2\/media?parent=482"}],"curies":[{"name":"wp","href":"https:\/\/api.w.org\/{rel}","templated":true}]}}