{"id":14,"date":"2021-03-05T13:47:54","date_gmt":"2021-03-05T13:47:54","guid":{"rendered":"https:\/\/rosegg.axandu.com\/?page_id=14"},"modified":"2025-06-10T12:24:43","modified_gmt":"2025-06-10T12:24:43","slug":"landingpage","status":"publish","type":"page","link":"https:\/\/rosegg.gv.at\/slovenisch\/","title":{"rendered":"Stran za pristajanje"},"content":{"rendered":"<div data-elementor-type=\"wp-page\" data-elementor-id=\"14\" class=\"elementor elementor-14\" data-elementor-post-type=\"page\">\n\t\t\t\t\t\t<section class=\"elementor-section elementor-top-section elementor-element elementor-element-6ea737b elementor-section-height-min-height elementor-section-boxed elementor-section-height-default elementor-section-items-middle\" data-id=\"6ea737b\" data-element_type=\"section\" data-e-type=\"section\" data-settings=\"{&quot;background_background&quot;:&quot;slideshow&quot;,&quot;shape_divider_bottom&quot;:&quot;arrow&quot;,&quot;background_slideshow_gallery&quot;:[{&quot;id&quot;:279,&quot;url&quot;:&quot;http:\\\/\\\/rosegg.gv.at\\\/wp-content\\\/uploads\\\/2021\\\/03\\\/rosegg028-1-scaled.jpg&quot;},{&quot;id&quot;:288,&quot;url&quot;:&quot;http:\\\/\\\/rosegg.gv.at\\\/wp-content\\\/uploads\\\/2021\\\/03\\\/Petelin-Winter-scaled.jpg&quot;},{&quot;id&quot;:2322,&quot;url&quot;:&quot;http:\\\/\\\/rosegg.gv.at\\\/wp-content\\\/uploads\\\/2023\\\/12\\\/Wappen-neu.jpg&quot;},{&quot;id&quot;:2327,&quot;url&quot;:&quot;http:\\\/\\\/rosegg.gv.at\\\/wp-content\\\/uploads\\\/2023\\\/12\\\/IMG_20220614_071127-scaled.jpg&quot;}],&quot;background_slideshow_ken_burns&quot;:&quot;yes&quot;,&quot;background_slideshow_loop&quot;:&quot;yes&quot;,&quot;background_slideshow_slide_duration&quot;:5000,&quot;background_slideshow_slide_transition&quot;:&quot;fade&quot;,&quot;background_slideshow_transition_duration&quot;:500,&quot;background_slideshow_ken_burns_zoom_direction&quot;:&quot;in&quot;}\">\n\t\t\t\t\t<div class=\"elementor-shape elementor-shape-bottom\" aria-hidden=\"true\" data-negative=\"false\">\n\t\t\t<svg xmlns=\"http:\/\/www.w3.org\/2000\/svg\" viewbox=\"0 0 700 10\" preserveaspectratio=\"none\">\n\t<path class=\"elementor-shape-fill\" d=\"M350,10L340,0h20L350,10z\"\/>\n<\/svg>\t\t<\/div>\n\t\t\t\t\t<div class=\"elementor-container elementor-column-gap-default\">\n\t\t\t\t\t<div class=\"elementor-column elementor-col-100 elementor-top-column elementor-element elementor-element-416f1a6f\" data-id=\"416f1a6f\" data-element_type=\"column\" data-e-type=\"column\">\n\t\t\t<div class=\"elementor-widget-wrap elementor-element-populated\">\n\t\t\t\t\t\t<div class=\"elementor-element elementor-element-26e34efe elementor-widget elementor-widget-heading\" data-id=\"26e34efe\" data-element_type=\"widget\" data-e-type=\"widget\" data-widget_type=\"heading.default\">\n\t\t\t\t<div class=\"elementor-widget-container\">\n\t\t\t\t\t<h2 class=\"elementor-heading-title elementor-size-large\">Tr\u0161ka ob\u010dina Ro\u017eek\n<\/h2>\t\t\t\t<\/div>\n\t\t\t\t<\/div>\n\t\t\t\t<div class=\"elementor-element elementor-element-4828692f elementor-widget-divider--view-line elementor-widget elementor-widget-divider\" data-id=\"4828692f\" data-element_type=\"widget\" data-e-type=\"widget\" data-widget_type=\"divider.default\">\n\t\t\t\t<div class=\"elementor-widget-container\">\n\t\t\t\t\t\t\t<div class=\"elementor-divider\">\n\t\t\t<span class=\"elementor-divider-separator\">\n\t\t\t\t\t\t<\/span>\n\t\t<\/div>\n\t\t\t\t\t\t<\/div>\n\t\t\t\t<\/div>\n\t\t\t\t<div class=\"elementor-element elementor-element-259018a6 elementor-widget elementor-widget-heading\" data-id=\"259018a6\" data-element_type=\"widget\" data-e-type=\"widget\" data-widget_type=\"heading.default\">\n\t\t\t\t<div class=\"elementor-widget-container\">\n\t\t\t\t\t<p class=\"elementor-heading-title elementor-size-medium\">Ro\u017ena dolina se za\u010dne v Ro\u017eeku! <\/p>\t\t\t\t<\/div>\n\t\t\t\t<\/div>\n\t\t\t\t\t<\/div>\n\t\t<\/div>\n\t\t\t\t\t<\/div>\n\t\t<\/section>\n\t\t\t\t<section class=\"elementor-section elementor-top-section elementor-element elementor-element-7c5d6d7 elementor-section-boxed elementor-section-height-default elementor-section-height-default\" data-id=\"7c5d6d7\" data-element_type=\"section\" data-e-type=\"section\" data-settings=\"{&quot;background_background&quot;:&quot;classic&quot;}\">\n\t\t\t\t\t\t<div class=\"elementor-container elementor-column-gap-default\">\n\t\t\t\t\t<div class=\"elementor-column elementor-col-100 elementor-top-column elementor-element elementor-element-a0d7954\" data-id=\"a0d7954\" data-element_type=\"column\" data-e-type=\"column\">\n\t\t\t<div class=\"elementor-widget-wrap elementor-element-populated\">\n\t\t\t\t\t\t<div class=\"elementor-element elementor-element-ed87607 elementor-widget elementor-widget-heading\" data-id=\"ed87607\" data-element_type=\"widget\" data-e-type=\"widget\" data-widget_type=\"heading.default\">\n\t\t\t\t<div class=\"elementor-widget-container\">\n\t\t\t\t\t<h3 class=\"elementor-heading-title elementor-size-default\">Dragi ob\u010dani, cenjene ob\u010danke, dragi \ngostje in obiskovalci!<\/h3>\t\t\t\t<\/div>\n\t\t\t\t<\/div>\n\t\t\t\t<div class=\"elementor-element elementor-element-bd35b7e elementor-widget elementor-widget-testimonial\" data-id=\"bd35b7e\" data-element_type=\"widget\" data-e-type=\"widget\" data-widget_type=\"testimonial.default\">\n\t\t\t\t<div class=\"elementor-widget-container\">\n\t\t\t\t\t\t\t<div class=\"elementor-testimonial-wrapper\">\n\t\t\t\t\t\t\t<div class=\"elementor-testimonial-content\">Veseli nas, da ste odprli na\u0161o \nspletno stran in si tako ustvarili sliko \no na\u0161i ob\u010dini in na\u0161ih storitvah! \nPridru\u017eite se mi na sprehodu po na\u0161i \nlepi in prikupni ob\u010dini. \u017delim vam lepo \nbivanje in veliko veselja z na\u0161o \nponudbo.<\/div>\n\t\t\t\n\t\t\t\t\t\t<div class=\"elementor-testimonial-meta elementor-has-image elementor-testimonial-image-position-aside\">\n\t\t\t\t<div class=\"elementor-testimonial-meta-inner\">\n\t\t\t\t\t\t\t\t\t\t\t<div class=\"elementor-testimonial-image\">\n\t\t\t\t\t\t\t<img fetchpriority=\"high\" decoding=\"async\" width=\"2560\" height=\"2560\" src=\"https:\/\/rosegg.gv.at\/wp-content\/uploads\/2021\/03\/FranzRichau-37-scaled.jpg\" class=\"attachment-full size-full wp-image-1325\" alt=\"\" srcset=\"https:\/\/rosegg.gv.at\/wp-content\/uploads\/2021\/03\/FranzRichau-37-scaled.jpg 2560w, https:\/\/rosegg.gv.at\/wp-content\/uploads\/2021\/03\/FranzRichau-37-300x300.jpg 300w, https:\/\/rosegg.gv.at\/wp-content\/uploads\/2021\/03\/FranzRichau-37-1024x1024.jpg 1024w, https:\/\/rosegg.gv.at\/wp-content\/uploads\/2021\/03\/FranzRichau-37-150x150.jpg 150w, https:\/\/rosegg.gv.at\/wp-content\/uploads\/2021\/03\/FranzRichau-37-768x768.jpg 768w, https:\/\/rosegg.gv.at\/wp-content\/uploads\/2021\/03\/FranzRichau-37-1536x1536.jpg 1536w, https:\/\/rosegg.gv.at\/wp-content\/uploads\/2021\/03\/FranzRichau-37-2048x2048.jpg 2048w\" sizes=\"(max-width: 2560px) 100vw, 2560px\" \/>\t\t\t\t\t\t<\/div>\n\t\t\t\t\t\n\t\t\t\t\t\t\t\t\t\t<div class=\"elementor-testimonial-details\">\n\t\t\t\t\t\t\t\t\t\t\t\t\t\t<div class=\"elementor-testimonial-name\">Franz Richau<\/div>\n\t\t\t\t\t\t\t\t\t\t\t\t\t\t\t\t\t\t\t\t\t\t<div class=\"elementor-testimonial-job\">\u017dupan<\/div>\n\t\t\t\t\t\t\t\t\t\t\t\t\t<\/div>\n\t\t\t\t\t\t\t\t\t<\/div>\n\t\t\t<\/div>\n\t\t\t\t\t<\/div>\n\t\t\t\t\t\t<\/div>\n\t\t\t\t<\/div>\n\t\t\t\t\t<\/div>\n\t\t<\/div>\n\t\t\t\t\t<\/div>\n\t\t<\/section>\n\t\t\t\t<section class=\"elementor-section elementor-top-section elementor-element elementor-element-739596c0 elementor-section-boxed elementor-section-height-default elementor-section-height-default\" data-id=\"739596c0\" data-element_type=\"section\" data-e-type=\"section\" data-settings=\"{&quot;background_background&quot;:&quot;classic&quot;}\">\n\t\t\t\t\t\t<div class=\"elementor-container elementor-column-gap-default\">\n\t\t\t\t\t<div class=\"elementor-column elementor-col-100 elementor-top-column elementor-element elementor-element-2759b61e\" data-id=\"2759b61e\" data-element_type=\"column\" data-e-type=\"column\">\n\t\t\t<div class=\"elementor-widget-wrap elementor-element-populated\">\n\t\t\t\t\t\t<div class=\"elementor-element elementor-element-1006f48c elementor-widget elementor-widget-heading\" data-id=\"1006f48c\" data-element_type=\"widget\" data-e-type=\"widget\" data-widget_type=\"heading.default\">\n\t\t\t\t<div class=\"elementor-widget-container\">\n\t\t\t\t\t<h3 class=\"elementor-heading-title elementor-size-large\">VSE O NA\u0160I OB\u010cINI <\/h3>\t\t\t\t<\/div>\n\t\t\t\t<\/div>\n\t\t\t\t<div class=\"elementor-element elementor-element-74459787 elementor-widget-divider--view-line elementor-widget elementor-widget-divider\" data-id=\"74459787\" data-element_type=\"widget\" data-e-type=\"widget\" data-widget_type=\"divider.default\">\n\t\t\t\t<div class=\"elementor-widget-container\">\n\t\t\t\t\t\t\t<div class=\"elementor-divider\">\n\t\t\t<span class=\"elementor-divider-separator\">\n\t\t\t\t\t\t<\/span>\n\t\t<\/div>\n\t\t\t\t\t\t<\/div>\n\t\t\t\t<\/div>\n\t\t\t\t<section class=\"elementor-section elementor-inner-section elementor-element elementor-element-b60896 elementor-section-boxed elementor-section-height-default elementor-section-height-default\" data-id=\"b60896\" data-element_type=\"section\" data-e-type=\"section\">\n\t\t\t\t\t\t<div class=\"elementor-container elementor-column-gap-wider\">\n\t\t\t\t\t<div class=\"elementor-column elementor-col-50 elementor-inner-column elementor-element elementor-element-708142ae\" data-id=\"708142ae\" data-element_type=\"column\" data-e-type=\"column\">\n\t\t\t<div class=\"elementor-widget-wrap elementor-element-populated\">\n\t\t\t\t\t\t<div class=\"elementor-element elementor-element-502601d3 elementor-vertical-align-middle elementor-widget elementor-widget-image-box\" data-id=\"502601d3\" data-element_type=\"widget\" data-e-type=\"widget\" data-widget_type=\"image-box.default\">\n\t\t\t\t<div class=\"elementor-widget-container\">\n\t\t\t\t\t<div class=\"elementor-image-box-wrapper\"><div class=\"elementor-image-box-content\"><h3 class=\"elementor-image-box-title\"><a href=\"https:\/\/rosegg.axandu.com\/sl\/neuigkeiten\/\">Novice<\/a><\/h3><p class=\"elementor-image-box-description\">Vse novosti o ob\u010dini najdete na spletni strani ali na aplikaciji ob\u010dine.<\/p><\/div><\/div>\t\t\t\t<\/div>\n\t\t\t\t<\/div>\n\t\t\t\t<div class=\"elementor-element elementor-element-29e25a72 elementor-vertical-align-middle elementor-widget elementor-widget-image-box\" data-id=\"29e25a72\" data-element_type=\"widget\" data-e-type=\"widget\" data-widget_type=\"image-box.default\">\n\t\t\t\t<div class=\"elementor-widget-container\">\n\t\t\t\t\t<div class=\"elementor-image-box-wrapper\"><div class=\"elementor-image-box-content\"><h3 class=\"elementor-image-box-title\"><a href=\"https:\/\/rosegg.axandu.com\/sl\/buergerservice\/\">Servis za ob\u010dane<\/a><\/h3><p class=\"elementor-image-box-description\">Informacije o servisnih storitvah ob\u010dine najdete na enem mestu. <\/p><\/div><\/div>\t\t\t\t<\/div>\n\t\t\t\t<\/div>\n\t\t\t\t<div class=\"elementor-element elementor-element-36b5c40e elementor-vertical-align-middle elementor-widget elementor-widget-image-box\" data-id=\"36b5c40e\" data-element_type=\"widget\" data-e-type=\"widget\" data-widget_type=\"image-box.default\">\n\t\t\t\t<div class=\"elementor-widget-container\">\n\t\t\t\t\t<div class=\"elementor-image-box-wrapper\"><div class=\"elementor-image-box-content\"><p class=\"elementor-image-box-description\"> <\/p><\/div><\/div>\t\t\t\t<\/div>\n\t\t\t\t<\/div>\n\t\t\t\t\t<\/div>\n\t\t<\/div>\n\t\t\t\t<div class=\"elementor-column elementor-col-50 elementor-inner-column elementor-element elementor-element-65e317ae\" data-id=\"65e317ae\" data-element_type=\"column\" data-e-type=\"column\">\n\t\t\t<div class=\"elementor-widget-wrap elementor-element-populated\">\n\t\t\t\t\t\t<div class=\"elementor-element elementor-element-329d1a27 elementor-vertical-align-middle elementor-widget elementor-widget-image-box\" data-id=\"329d1a27\" data-element_type=\"widget\" data-e-type=\"widget\" data-widget_type=\"image-box.default\">\n\t\t\t\t<div class=\"elementor-widget-container\">\n\t\t\t\t\t<div class=\"elementor-image-box-wrapper\"><div class=\"elementor-image-box-content\"><h3 class=\"elementor-image-box-title\"><a href=\"https:\/\/rosegg.axandu.com\/sl\/tourismus\/\">Tourismus  &amp; Freizeit<\/a><\/h3><p class=\"elementor-image-box-description\">Informacije o prireditvah in na\u0161em turizmu najdete na spletni strani.<\/p><\/div><\/div>\t\t\t\t<\/div>\n\t\t\t\t<\/div>\n\t\t\t\t<div class=\"elementor-element elementor-element-5dc368fd elementor-vertical-align-middle elementor-widget elementor-widget-image-box\" data-id=\"5dc368fd\" data-element_type=\"widget\" data-e-type=\"widget\" data-widget_type=\"image-box.default\">\n\t\t\t\t<div class=\"elementor-widget-container\">\n\t\t\t\t\t<div class=\"elementor-image-box-wrapper\"><div class=\"elementor-image-box-content\"><h3 class=\"elementor-image-box-title\"><a href=\"https:\/\/rosegg.axandu.com\/sl\/politik\/\">Politika<\/a><\/h3><p class=\"elementor-image-box-description\">Na na\u0161i spletni strani najdete na\u0161e politi\u010dno predstavni\u0161ko vodstvo ter sodelavce na ob\u010dini.<\/p><\/div><\/div>\t\t\t\t<\/div>\n\t\t\t\t<\/div>\n\t\t\t\t<div class=\"elementor-element elementor-element-15eee72c elementor-vertical-align-middle elementor-widget elementor-widget-image-box\" data-id=\"15eee72c\" data-element_type=\"widget\" data-e-type=\"widget\" data-widget_type=\"image-box.default\">\n\t\t\t\t<div class=\"elementor-widget-container\">\n\t\t\t\t\t<div class=\"elementor-image-box-wrapper\"><div class=\"elementor-image-box-content\"><h3 class=\"elementor-image-box-title\"><a href=\"https:\/\/rosegg.axandu.com\/sl\/leben-in-rosegg\/\">\u017divljenje v Ro\u017eeku<\/a><\/h3><p class=\"elementor-image-box-description\">Na\u0161a ob\u010dina ima nagradi \u00bbVarna ob\u010dina\u00ab in \u00bbZdrava ob\u010dina\u00ab ter dobre izobra\u017eevalne mo\u017enosti in veliko \u0161tevilo dru\u0161tev. <\/p><\/div><\/div>\t\t\t\t<\/div>\n\t\t\t\t<\/div>\n\t\t\t\t\t<\/div>\n\t\t<\/div>\n\t\t\t\t\t<\/div>\n\t\t<\/section>\n\t\t\t\t\t<\/div>\n\t\t<\/div>\n\t\t\t\t\t<\/div>\n\t\t<\/section>\n\t\t\t\t<section class=\"elementor-section elementor-top-section elementor-element elementor-element-713bb48a elementor-section-boxed elementor-section-height-default elementor-section-height-default\" data-id=\"713bb48a\" data-element_type=\"section\" data-e-type=\"section\" data-settings=\"{&quot;background_background&quot;:&quot;classic&quot;}\">\n\t\t\t\t\t\t<div class=\"elementor-container elementor-column-gap-default\">\n\t\t\t\t\t<div class=\"elementor-column elementor-col-12 elementor-top-column elementor-element elementor-element-267ce6a\" data-id=\"267ce6a\" data-element_type=\"column\" data-e-type=\"column\">\n\t\t\t<div class=\"elementor-widget-wrap elementor-element-populated\">\n\t\t\t\t\t\t<div class=\"elementor-element elementor-element-7e6b195 elementor-widget elementor-widget-image\" data-id=\"7e6b195\" data-element_type=\"widget\" data-e-type=\"widget\" data-widget_type=\"image.default\">\n\t\t\t\t<div class=\"elementor-widget-container\">\n\t\t\t\t\t\t\t\t\t\t\t\t\t\t\t\t<a href=\"https:\/\/www.keltenwelt.at\/\" target=\"_blank\">\n\t\t\t\t\t\t\t<img decoding=\"async\" width=\"800\" height=\"380\" src=\"https:\/\/rosegg.gv.at\/wp-content\/uploads\/2021\/03\/2021-03-29-21_23_41-Window-1024x486.png\" class=\"attachment-large size-large wp-image-1288\" alt=\"\" srcset=\"https:\/\/rosegg.gv.at\/wp-content\/uploads\/2021\/03\/2021-03-29-21_23_41-Window-1024x486.png 1024w, https:\/\/rosegg.gv.at\/wp-content\/uploads\/2021\/03\/2021-03-29-21_23_41-Window-300x142.png 300w, https:\/\/rosegg.gv.at\/wp-content\/uploads\/2021\/03\/2021-03-29-21_23_41-Window-768x365.png 768w, https:\/\/rosegg.gv.at\/wp-content\/uploads\/2021\/03\/2021-03-29-21_23_41-Window.png 1091w\" sizes=\"(max-width: 800px) 100vw, 800px\" \/>\t\t\t\t\t\t\t\t<\/a>\n\t\t\t\t\t\t\t\t\t\t\t\t\t\t\t<\/div>\n\t\t\t\t<\/div>\n\t\t\t\t\t<\/div>\n\t\t<\/div>\n\t\t\t\t<div class=\"elementor-column elementor-col-12 elementor-top-column elementor-element elementor-element-18d52559\" data-id=\"18d52559\" data-element_type=\"column\" data-e-type=\"column\">\n\t\t\t<div class=\"elementor-widget-wrap elementor-element-populated\">\n\t\t\t\t\t\t<div class=\"elementor-element elementor-element-329c1b7 elementor-widget elementor-widget-image\" data-id=\"329c1b7\" data-element_type=\"widget\" data-e-type=\"widget\" data-widget_type=\"image.default\">\n\t\t\t\t<div class=\"elementor-widget-container\">\n\t\t\t\t\t\t\t\t\t\t\t\t\t\t\t<img decoding=\"async\" width=\"800\" height=\"145\" src=\"https:\/\/rosegg.gv.at\/wp-content\/uploads\/2021\/03\/Logo-Sichere-Gemeinde-1024x186.jpg\" class=\"attachment-large size-large wp-image-135\" alt=\"\" srcset=\"https:\/\/rosegg.gv.at\/wp-content\/uploads\/2021\/03\/Logo-Sichere-Gemeinde-1024x186.jpg 1024w, https:\/\/rosegg.gv.at\/wp-content\/uploads\/2021\/03\/Logo-Sichere-Gemeinde-300x54.jpg 300w, https:\/\/rosegg.gv.at\/wp-content\/uploads\/2021\/03\/Logo-Sichere-Gemeinde-768x140.jpg 768w, https:\/\/rosegg.gv.at\/wp-content\/uploads\/2021\/03\/Logo-Sichere-Gemeinde.jpg 1536w\" sizes=\"(max-width: 800px) 100vw, 800px\" \/>\t\t\t\t\t\t\t\t\t\t\t\t\t\t\t<\/div>\n\t\t\t\t<\/div>\n\t\t\t\t\t<\/div>\n\t\t<\/div>\n\t\t\t\t<div class=\"elementor-column elementor-col-12 elementor-top-column elementor-element elementor-element-7edb15e\" data-id=\"7edb15e\" data-element_type=\"column\" data-e-type=\"column\">\n\t\t\t<div class=\"elementor-widget-wrap elementor-element-populated\">\n\t\t\t\t\t\t<div class=\"elementor-element elementor-element-59fd8a8 elementor-widget elementor-widget-image\" data-id=\"59fd8a8\" data-element_type=\"widget\" data-e-type=\"widget\" data-widget_type=\"image.default\">\n\t\t\t\t<div class=\"elementor-widget-container\">\n\t\t\t\t\t\t\t\t\t\t\t\t\t\t\t<img loading=\"lazy\" decoding=\"async\" width=\"800\" height=\"318\" src=\"https:\/\/rosegg.gv.at\/wp-content\/uploads\/2021\/03\/gesundegemeinde.jpg\" class=\"attachment-large size-large wp-image-133\" alt=\"\" srcset=\"https:\/\/rosegg.gv.at\/wp-content\/uploads\/2021\/03\/gesundegemeinde.jpg 800w, https:\/\/rosegg.gv.at\/wp-content\/uploads\/2021\/03\/gesundegemeinde-300x119.jpg 300w, https:\/\/rosegg.gv.at\/wp-content\/uploads\/2021\/03\/gesundegemeinde-768x305.jpg 768w\" sizes=\"(max-width: 800px) 100vw, 800px\" \/>\t\t\t\t\t\t\t\t\t\t\t\t\t\t\t<\/div>\n\t\t\t\t<\/div>\n\t\t\t\t\t<\/div>\n\t\t<\/div>\n\t\t\t\t<div class=\"elementor-column elementor-col-12 elementor-top-column elementor-element elementor-element-34bd5d9\" data-id=\"34bd5d9\" data-element_type=\"column\" data-e-type=\"column\">\n\t\t\t<div class=\"elementor-widget-wrap elementor-element-populated\">\n\t\t\t\t\t\t<div class=\"elementor-element elementor-element-204cd92 elementor-widget elementor-widget-image\" data-id=\"204cd92\" data-element_type=\"widget\" data-e-type=\"widget\" data-widget_type=\"image.default\">\n\t\t\t\t<div class=\"elementor-widget-container\">\n\t\t\t\t\t\t\t\t\t\t\t\t\t\t\t<img loading=\"lazy\" decoding=\"async\" width=\"800\" height=\"752\" src=\"https:\/\/rosegg.gv.at\/wp-content\/uploads\/2021\/03\/Guetezeichen_2014-1024x962.jpg\" class=\"attachment-large size-large wp-image-134\" alt=\"\" srcset=\"https:\/\/rosegg.gv.at\/wp-content\/uploads\/2021\/03\/Guetezeichen_2014-1024x962.jpg 1024w, https:\/\/rosegg.gv.at\/wp-content\/uploads\/2021\/03\/Guetezeichen_2014-300x282.jpg 300w, https:\/\/rosegg.gv.at\/wp-content\/uploads\/2021\/03\/Guetezeichen_2014-768x721.jpg 768w, https:\/\/rosegg.gv.at\/wp-content\/uploads\/2021\/03\/Guetezeichen_2014-1536x1443.jpg 1536w, https:\/\/rosegg.gv.at\/wp-content\/uploads\/2021\/03\/Guetezeichen_2014-2048x1924.jpg 2048w\" sizes=\"(max-width: 800px) 100vw, 800px\" \/>\t\t\t\t\t\t\t\t\t\t\t\t\t\t\t<\/div>\n\t\t\t\t<\/div>\n\t\t\t\t\t<\/div>\n\t\t<\/div>\n\t\t\t\t<div class=\"elementor-column elementor-col-12 elementor-top-column elementor-element elementor-element-4b23d58\" data-id=\"4b23d58\" data-element_type=\"column\" data-e-type=\"column\">\n\t\t\t<div class=\"elementor-widget-wrap elementor-element-populated\">\n\t\t\t\t\t\t<div class=\"elementor-element elementor-element-688b89f elementor-widget elementor-widget-image\" data-id=\"688b89f\" data-element_type=\"widget\" data-e-type=\"widget\" data-widget_type=\"image.default\">\n\t\t\t\t<div class=\"elementor-widget-container\">\n\t\t\t\t\t\t\t\t\t\t\t\t\t\t\t<img loading=\"lazy\" decoding=\"async\" width=\"285\" height=\"126\" src=\"https:\/\/rosegg.gv.at\/wp-content\/uploads\/2021\/03\/Zertifikatslogo_KindefreundlicheGemeinde2014.jpg\" class=\"attachment-large size-large wp-image-136\" alt=\"\" \/>\t\t\t\t\t\t\t\t\t\t\t\t\t\t\t<\/div>\n\t\t\t\t<\/div>\n\t\t\t\t\t<\/div>\n\t\t<\/div>\n\t\t\t\t<div class=\"elementor-column elementor-col-12 elementor-top-column elementor-element elementor-element-3eacd4c\" data-id=\"3eacd4c\" data-element_type=\"column\" data-e-type=\"column\">\n\t\t\t<div class=\"elementor-widget-wrap elementor-element-populated\">\n\t\t\t\t\t\t<div class=\"elementor-element elementor-element-c23babe elementor-widget elementor-widget-image\" data-id=\"c23babe\" data-element_type=\"widget\" data-e-type=\"widget\" data-widget_type=\"image.default\">\n\t\t\t\t<div class=\"elementor-widget-container\">\n\t\t\t\t\t\t\t\t\t\t\t\t\t\t\t<img loading=\"lazy\" decoding=\"async\" width=\"100\" height=\"100\" src=\"https:\/\/rosegg.gv.at\/wp-content\/uploads\/2021\/03\/logo_0002_siz.png\" class=\"attachment-large size-large wp-image-137\" alt=\"\" \/>\t\t\t\t\t\t\t\t\t\t\t\t\t\t\t<\/div>\n\t\t\t\t<\/div>\n\t\t\t\t\t<\/div>\n\t\t<\/div>\n\t\t\t\t<div class=\"elementor-column elementor-col-12 elementor-top-column elementor-element elementor-element-a16200e\" data-id=\"a16200e\" data-element_type=\"column\" data-e-type=\"column\">\n\t\t\t<div class=\"elementor-widget-wrap elementor-element-populated\">\n\t\t\t\t\t\t<div class=\"elementor-element elementor-element-a199168 elementor-widget elementor-widget-image\" data-id=\"a199168\" data-element_type=\"widget\" data-e-type=\"widget\" data-widget_type=\"image.default\">\n\t\t\t\t<div class=\"elementor-widget-container\">\n\t\t\t\t\t\t\t\t\t\t\t\t\t\t\t\t<a href=\"https:\/\/www.carnica-rosental.at\/\">\n\t\t\t\t\t\t\t<img decoding=\"async\" src=\"https:\/\/rosegg.gv.at\/wp-content\/uploads\/2024\/04\/Logo-Carnica-Region-Rosental-RGB.jpg\" title=\"Logotip Carnica Regija Rosental RGB\" alt=\"Logo Carnica Region Rosental RGB\" loading=\"lazy\" \/>\t\t\t\t\t\t\t\t<\/a>\n\t\t\t\t\t\t\t\t\t\t\t\t\t\t\t<\/div>\n\t\t\t\t<\/div>\n\t\t\t\t<div class=\"elementor-element elementor-element-9392993 elementor-widget elementor-widget-image\" data-id=\"9392993\" data-element_type=\"widget\" data-e-type=\"widget\" data-widget_type=\"image.default\">\n\t\t\t\t<div class=\"elementor-widget-container\">\n\t\t\t\t\t\t\t\t\t\t\t\t\t\t\t\t<a href=\"https:\/\/www.region-cku.at\/\">\n\t\t\t\t\t\t\t<img decoding=\"async\" src=\"https:\/\/rosegg.gv.at\/wp-content\/uploads\/2024\/04\/LAG-Region-Carnica-Klagenfurt-Umland-RGB.png\" title=\"Regija LAG Carnica-Klagenfurt-Umland-RGB\" alt=\"LAG Region Carnica-Klagenfurt-Umland-RGB\" loading=\"lazy\" \/>\t\t\t\t\t\t\t\t<\/a>\n\t\t\t\t\t\t\t\t\t\t\t\t\t\t\t<\/div>\n\t\t\t\t<\/div>\n\t\t\t\t\t<\/div>\n\t\t<\/div>\n\t\t\t\t<div class=\"elementor-column elementor-col-12 elementor-top-column elementor-element elementor-element-bbdf128\" data-id=\"bbdf128\" data-element_type=\"column\" data-e-type=\"column\">\n\t\t\t<div class=\"elementor-widget-wrap elementor-element-populated\">\n\t\t\t\t\t\t<div class=\"elementor-element elementor-element-f17df3e elementor-widget elementor-widget-image\" data-id=\"f17df3e\" data-element_type=\"widget\" data-e-type=\"widget\" data-widget_type=\"image.default\">\n\t\t\t\t<div class=\"elementor-widget-container\">\n\t\t\t\t\t\t\t\t\t\t\t\t\t\t\t\t<a href=\"http:\/\/www.pilgerwege-kaernten.at\">\n\t\t\t\t\t\t\t<img decoding=\"async\" src=\"https:\/\/rosegg.gv.at\/wp-content\/uploads\/2021\/05\/Jakobsw_LogoSBG.jpg\" title=\"Jakobsw_LogoSBG\" alt=\"Jakobsw_LogoSBG\" loading=\"lazy\" \/>\t\t\t\t\t\t\t\t<\/a>\n\t\t\t\t\t\t\t\t\t\t\t\t\t\t\t<\/div>\n\t\t\t\t<\/div>\n\t\t\t\t\t<\/div>\n\t\t<\/div>\n\t\t\t\t\t<\/div>\n\t\t<\/section>\n\t\t\t\t<\/div>","protected":false},"excerpt":{"rendered":"<p>Tr\u017eno mesto Rosegg Ro\u017ena dolina se za\u010dne v Roseggu! Dragi me\u0161\u010dani, gostje in obiskovalci! Veseli nas, da ste obiskali na\u0161o doma\u010do stran in dobili dober vtis o na\u0161em tr\u017enem mestu in na\u0161ih storitvah! Pridru\u017eite se mi na potovanju po na\u0161i lepi in prikupni ob\u010dini. \u017delim vam prijetno bivanje in veliko zabave, ki jo boste do\u017eiveli v na\u0161i ob\u010dini.<\/p>","protected":false},"author":1,"featured_media":0,"parent":0,"menu_order":0,"comment_status":"closed","ping_status":"closed","template":"","meta":{"footnotes":""},"class_list":["post-14","page","type-page","status-publish","hentry"],"_links":{"self":[{"href":"https:\/\/rosegg.gv.at\/slovenisch\/wp-json\/wp\/v2\/pages\/14"}],"collection":[{"href":"https:\/\/rosegg.gv.at\/slovenisch\/wp-json\/wp\/v2\/pages"}],"about":[{"href":"https:\/\/rosegg.gv.at\/slovenisch\/wp-json\/wp\/v2\/types\/page"}],"author":[{"embeddable":true,"href":"https:\/\/rosegg.gv.at\/slovenisch\/wp-json\/wp\/v2\/users\/1"}],"replies":[{"embeddable":true,"href":"https:\/\/rosegg.gv.at\/slovenisch\/wp-json\/wp\/v2\/comments?post=14"}],"version-history":[{"count":361,"href":"https:\/\/rosegg.gv.at\/slovenisch\/wp-json\/wp\/v2\/pages\/14\/revisions"}],"predecessor-version":[{"id":2764,"href":"https:\/\/rosegg.gv.at\/slovenisch\/wp-json\/wp\/v2\/pages\/14\/revisions\/2764"}],"wp:attachment":[{"href":"https:\/\/rosegg.gv.at\/slovenisch\/wp-json\/wp\/v2\/media?parent=14"}],"curies":[{"name":"wp","href":"https:\/\/api.w.org\/{rel}","templated":true}]}}