{"id":1234,"date":"2021-03-29T10:04:25","date_gmt":"2021-03-29T10:04:25","guid":{"rendered":"https:\/\/rosegg.axandu.com\/?page_id=1234"},"modified":"2024-07-25T06:36:00","modified_gmt":"2024-07-25T06:36:00","slug":"zahlen-und-fakten","status":"publish","type":"page","link":"https:\/\/rosegg.gv.at\/slovenisch\/zahlen-und-fakten\/","title":{"rendered":"Podatki in \u0161tevilke"},"content":{"rendered":"<div data-elementor-type=\"wp-page\" data-elementor-id=\"1234\" class=\"elementor elementor-1234\" data-elementor-post-type=\"page\">\n\t\t\t\t\t\t<section class=\"elementor-section elementor-top-section elementor-element elementor-element-7f665022 elementor-section-height-min-height elementor-section-boxed elementor-section-height-default elementor-section-items-middle\" data-id=\"7f665022\" data-element_type=\"section\" data-e-type=\"section\" data-settings=\"{&quot;background_background&quot;:&quot;slideshow&quot;,&quot;shape_divider_bottom&quot;:&quot;arrow&quot;,&quot;background_slideshow_gallery&quot;:[{&quot;id&quot;:279,&quot;url&quot;:&quot;https:\\\/\\\/rosegg.axandu.com\\\/wp-content\\\/uploads\\\/2021\\\/03\\\/rosegg028-1-scaled.jpg&quot;},{&quot;id&quot;:286,&quot;url&quot;:&quot;https:\\\/\\\/rosegg.axandu.com\\\/wp-content\\\/uploads\\\/2021\\\/03\\\/20180911_085226-scaled.jpg&quot;},{&quot;id&quot;:288,&quot;url&quot;:&quot;https:\\\/\\\/rosegg.axandu.com\\\/wp-content\\\/uploads\\\/2021\\\/03\\\/Petelin-Winter-scaled.jpg&quot;}],&quot;background_slideshow_ken_burns&quot;:&quot;yes&quot;,&quot;background_slideshow_loop&quot;:&quot;yes&quot;,&quot;background_slideshow_slide_duration&quot;:5000,&quot;background_slideshow_slide_transition&quot;:&quot;fade&quot;,&quot;background_slideshow_transition_duration&quot;:500,&quot;background_slideshow_ken_burns_zoom_direction&quot;:&quot;in&quot;}\">\n\t\t\t\t\t<div class=\"elementor-shape elementor-shape-bottom\" aria-hidden=\"true\" data-negative=\"false\">\n\t\t\t<svg xmlns=\"http:\/\/www.w3.org\/2000\/svg\" viewbox=\"0 0 700 10\" preserveaspectratio=\"none\">\n\t<path class=\"elementor-shape-fill\" d=\"M350,10L340,0h20L350,10z\"\/>\n<\/svg>\t\t<\/div>\n\t\t\t\t\t<div class=\"elementor-container elementor-column-gap-default\">\n\t\t\t\t\t<div class=\"elementor-column elementor-col-100 elementor-top-column elementor-element elementor-element-29d8f021\" data-id=\"29d8f021\" data-element_type=\"column\" data-e-type=\"column\">\n\t\t\t<div class=\"elementor-widget-wrap elementor-element-populated\">\n\t\t\t\t\t\t<div class=\"elementor-element elementor-element-60189449 elementor-widget elementor-widget-heading\" data-id=\"60189449\" data-element_type=\"widget\" data-e-type=\"widget\" data-widget_type=\"heading.default\">\n\t\t\t\t<div class=\"elementor-widget-container\">\n\t\t\t\t\t<h2 class=\"elementor-heading-title elementor-size-large\">Podatki in \u0161tevilke<\/h2>\t\t\t\t<\/div>\n\t\t\t\t<\/div>\n\t\t\t\t\t<\/div>\n\t\t<\/div>\n\t\t\t\t\t<\/div>\n\t\t<\/section>\n\t\t\t\t<section class=\"elementor-section elementor-top-section elementor-element elementor-element-2ca7f750 elementor-section-boxed elementor-section-height-default elementor-section-height-default\" data-id=\"2ca7f750\" data-element_type=\"section\" data-e-type=\"section\" data-settings=\"{&quot;background_background&quot;:&quot;classic&quot;}\">\n\t\t\t\t\t\t<div class=\"elementor-container elementor-column-gap-default\">\n\t\t\t\t\t<div class=\"elementor-column elementor-col-100 elementor-top-column elementor-element elementor-element-304895\" data-id=\"304895\" data-element_type=\"column\" data-e-type=\"column\">\n\t\t\t<div class=\"elementor-widget-wrap elementor-element-populated\">\n\t\t\t\t\t\t<div class=\"elementor-element elementor-element-325b1f5a elementor-widget elementor-widget-heading\" data-id=\"325b1f5a\" data-element_type=\"widget\" data-e-type=\"widget\" data-widget_type=\"heading.default\">\n\t\t\t\t<div class=\"elementor-widget-container\">\n\t\t\t\t\t<h2 class=\"elementor-heading-title elementor-size-large\">Nekaj \u0161tevilk in podatkov o tr\u0161ki ob\u010dini Ro\u017eek<\/h2>\t\t\t\t<\/div>\n\t\t\t\t<\/div>\n\t\t\t\t<section class=\"elementor-section elementor-inner-section elementor-element elementor-element-2d01c96 elementor-section-boxed elementor-section-height-default elementor-section-height-default\" data-id=\"2d01c96\" data-element_type=\"section\" data-e-type=\"section\">\n\t\t\t\t\t\t<div class=\"elementor-container elementor-column-gap-default\">\n\t\t\t\t\t<div class=\"elementor-column elementor-col-25 elementor-inner-column elementor-element elementor-element-a891d44\" data-id=\"a891d44\" data-element_type=\"column\" data-e-type=\"column\">\n\t\t\t<div class=\"elementor-widget-wrap elementor-element-populated\">\n\t\t\t\t\t\t<div class=\"elementor-element elementor-element-ecdb94c elementor-widget elementor-widget-counter\" data-id=\"ecdb94c\" data-element_type=\"widget\" data-e-type=\"widget\" data-widget_type=\"counter.default\">\n\t\t\t\t<div class=\"elementor-widget-container\">\n\t\t\t\t\t\t\t<div class=\"elementor-counter\">\n\t\t\t<div class=\"elementor-counter-title\">Prebivalcev<\/div>\t\t\t<div class=\"elementor-counter-number-wrapper\">\n\t\t\t\t<span class=\"elementor-counter-number-prefix\"><\/span>\n\t\t\t\t<span class=\"elementor-counter-number\" data-duration=\"2000\" data-to-value=\"1918\" data-from-value=\"0\" data-delimiter=\".\">0<\/span>\n\t\t\t\t<span class=\"elementor-counter-number-suffix\"><\/span>\n\t\t\t<\/div>\n\t\t<\/div>\n\t\t\t\t\t\t<\/div>\n\t\t\t\t<\/div>\n\t\t\t\t\t<\/div>\n\t\t<\/div>\n\t\t\t\t<div class=\"elementor-column elementor-col-25 elementor-inner-column elementor-element elementor-element-8f14b61\" data-id=\"8f14b61\" data-element_type=\"column\" data-e-type=\"column\">\n\t\t\t<div class=\"elementor-widget-wrap elementor-element-populated\">\n\t\t\t\t\t\t<div class=\"elementor-element elementor-element-ef1f9e8 elementor-widget elementor-widget-counter\" data-id=\"ef1f9e8\" data-element_type=\"widget\" data-e-type=\"widget\" data-widget_type=\"counter.default\">\n\t\t\t\t<div class=\"elementor-widget-container\">\n\t\t\t\t\t\t\t<div class=\"elementor-counter\">\n\t\t\t<div class=\"elementor-counter-title\">Vi\u0161ina (m n.m.)<\/div>\t\t\t<div class=\"elementor-counter-number-wrapper\">\n\t\t\t\t<span class=\"elementor-counter-number-prefix\"><\/span>\n\t\t\t\t<span class=\"elementor-counter-number\" data-duration=\"2000\" data-to-value=\"477\" data-from-value=\"0\" data-delimiter=\",\">0<\/span>\n\t\t\t\t<span class=\"elementor-counter-number-suffix\"><\/span>\n\t\t\t<\/div>\n\t\t<\/div>\n\t\t\t\t\t\t<\/div>\n\t\t\t\t<\/div>\n\t\t\t\t\t<\/div>\n\t\t<\/div>\n\t\t\t\t<div class=\"elementor-column elementor-col-25 elementor-inner-column elementor-element elementor-element-c9c9f12\" data-id=\"c9c9f12\" data-element_type=\"column\" data-e-type=\"column\">\n\t\t\t<div class=\"elementor-widget-wrap elementor-element-populated\">\n\t\t\t\t\t\t<div class=\"elementor-element elementor-element-62ef88b elementor-widget elementor-widget-counter\" data-id=\"62ef88b\" data-element_type=\"widget\" data-e-type=\"widget\" data-widget_type=\"counter.default\">\n\t\t\t\t<div class=\"elementor-widget-container\">\n\t\t\t\t\t\t\t<div class=\"elementor-counter\">\n\t\t\t<div class=\"elementor-counter-title\">Gostota prebivalstva<\/div>\t\t\t<div class=\"elementor-counter-number-wrapper\">\n\t\t\t\t<span class=\"elementor-counter-number-prefix\"><\/span>\n\t\t\t\t<span class=\"elementor-counter-number\" data-duration=\"2000\" data-to-value=\"95\" data-from-value=\"0\" data-delimiter=\",\">0<\/span>\n\t\t\t\t<span class=\"elementor-counter-number-suffix\"><\/span>\n\t\t\t<\/div>\n\t\t<\/div>\n\t\t\t\t\t\t<\/div>\n\t\t\t\t<\/div>\n\t\t\t\t\t<\/div>\n\t\t<\/div>\n\t\t\t\t<div class=\"elementor-column elementor-col-25 elementor-inner-column elementor-element elementor-element-34384b6\" data-id=\"34384b6\" data-element_type=\"column\" data-e-type=\"column\">\n\t\t\t<div class=\"elementor-widget-wrap elementor-element-populated\">\n\t\t\t\t\t\t<div class=\"elementor-element elementor-element-49ce6df elementor-widget elementor-widget-counter\" data-id=\"49ce6df\" data-element_type=\"widget\" data-e-type=\"widget\" data-widget_type=\"counter.default\">\n\t\t\t\t<div class=\"elementor-widget-container\">\n\t\t\t\t\t\t\t<div class=\"elementor-counter\">\n\t\t\t<div class=\"elementor-counter-title\">Povr\u0161ina (km\u00b2)<\/div>\t\t\t<div class=\"elementor-counter-number-wrapper\">\n\t\t\t\t<span class=\"elementor-counter-number-prefix\"><\/span>\n\t\t\t\t<span class=\"elementor-counter-number\" data-duration=\"2000\" data-to-value=\"20\" data-from-value=\"0\" data-delimiter=\",\">0<\/span>\n\t\t\t\t<span class=\"elementor-counter-number-suffix\"><\/span>\n\t\t\t<\/div>\n\t\t<\/div>\n\t\t\t\t\t\t<\/div>\n\t\t\t\t<\/div>\n\t\t\t\t\t<\/div>\n\t\t<\/div>\n\t\t\t\t\t<\/div>\n\t\t<\/section>\n\t\t\t\t<div class=\"elementor-element elementor-element-1cc772d2 elementor-widget-divider--view-line elementor-widget elementor-widget-divider\" data-id=\"1cc772d2\" data-element_type=\"widget\" data-e-type=\"widget\" data-widget_type=\"divider.default\">\n\t\t\t\t<div class=\"elementor-widget-container\">\n\t\t\t\t\t\t\t<div class=\"elementor-divider\">\n\t\t\t<span class=\"elementor-divider-separator\">\n\t\t\t\t\t\t<\/span>\n\t\t<\/div>\n\t\t\t\t\t\t<\/div>\n\t\t\t\t<\/div>\n\t\t\t\t<div class=\"elementor-element elementor-element-cba14ae elementor-widget elementor-widget-toggle\" data-id=\"cba14ae\" data-element_type=\"widget\" data-e-type=\"widget\" data-widget_type=\"toggle.default\">\n\t\t\t\t<div class=\"elementor-widget-container\">\n\t\t\t\t\t\t\t<div class=\"elementor-toggle\">\n\t\t\t\t\t\t\t<div class=\"elementor-toggle-item\">\n\t\t\t\t\t<div id=\"elementor-tab-title-2131\" class=\"elementor-tab-title\" data-tab=\"1\" role=\"button\" aria-controls=\"elementor-tab-content-2131\" aria-expanded=\"false\">\n\t\t\t\t\t\t\t\t\t\t\t\t<span class=\"elementor-toggle-icon elementor-toggle-icon-left\" aria-hidden=\"true\">\n\t\t\t\t\t\t\t\t\t\t\t\t\t\t\t<span class=\"elementor-toggle-icon-closed\"><i class=\"fas fa-caret-right\"><\/i><\/span>\n\t\t\t\t\t\t\t\t<span class=\"elementor-toggle-icon-opened\"><i class=\"elementor-toggle-icon-opened fas fa-caret-up\"><\/i><\/span>\n\t\t\t\t\t\t\t\t\t\t\t\t\t<\/span>\n\t\t\t\t\t\t\t\t\t\t\t\t<a class=\"elementor-toggle-title\" tabindex=\"0\">Lega in dostop do nas<\/a>\n\t\t\t\t\t<\/div>\n\n\t\t\t\t\t<div id=\"elementor-tab-content-2131\" class=\"elementor-tab-content elementor-clearfix\" data-tab=\"1\" role=\"region\" aria-labelledby=\"elementor-tab-title-2131\"><p><strong>Tr\u0161ka ob\u010dina Ro\u017eek<br><\/strong>Schlossallee 2<br>9232 Ro\u017eek<\/p>\n<p>Po ju\u017eni avtocesti A2, izvoz Velden-West, nato 5 km do Ro\u017eeka ali po Tauernautobahn A10 do priklju\u010dka Beljak, nato \npo Karawankenautobahn A11 do izvoza St.Niklas.\u200b<br>Pribli\u017eno 6 km sledite oznakam levo za Rosegg. <\/p><\/div>\n\t\t\t\t<\/div>\n\t\t\t\t\t\t\t<div class=\"elementor-toggle-item\">\n\t\t\t\t\t<div id=\"elementor-tab-title-2132\" class=\"elementor-tab-title\" data-tab=\"2\" role=\"button\" aria-controls=\"elementor-tab-content-2132\" aria-expanded=\"false\">\n\t\t\t\t\t\t\t\t\t\t\t\t<span class=\"elementor-toggle-icon elementor-toggle-icon-left\" aria-hidden=\"true\">\n\t\t\t\t\t\t\t\t\t\t\t\t\t\t\t<span class=\"elementor-toggle-icon-closed\"><i class=\"fas fa-caret-right\"><\/i><\/span>\n\t\t\t\t\t\t\t\t<span class=\"elementor-toggle-icon-opened\"><i class=\"elementor-toggle-icon-opened fas fa-caret-up\"><\/i><\/span>\n\t\t\t\t\t\t\t\t\t\t\t\t\t<\/span>\n\t\t\t\t\t\t\t\t\t\t\t\t<a class=\"elementor-toggle-title\" tabindex=\"0\">Zgodovina<\/a>\n\t\t\t\t\t<\/div>\n\n\t\t\t\t\t<div id=\"elementor-tab-content-2132\" class=\"elementor-tab-content elementor-clearfix\" data-tab=\"2\" role=\"region\" aria-labelledby=\"elementor-tab-title-2132\"><ul>\n<li><strong>875&nbsp;<\/strong>Bri\u017einski \u0161kof Arnold zamenja kmetijo v Ro\u017eeku (in loco, qui dicitur Rase) za drugo v Weridi (Maria W\u00f6rth).<\/li>\n<li><strong>1106<\/strong>&nbsp;Oglejski patriarh Ulrik I. podari \u017eupnijo Ras kapitlju kanonikov v Dobrli vasi (1. dokumentarna omemba).<\/li>\n<li><strong>1171<\/strong>&nbsp;Vitez Rudolf se imenuje \"Rudolf de Rasek\" po gradu, ki ga je zgradil na dana\u0161njem grajskem gri\u010du. Rudolf II. Ras se udele\u017ei turnirja v mestu Bre\u017ee.<\/li>\n<li><strong>1255<\/strong>&nbsp;Vitez Rudolf zasede grad Vetrov (Federaun), kjer ga uklene \u0161kof Heinrich I.<\/li>\n<li><strong>1298<\/strong>&nbsp;Gospodarji Ras-Ro\u017eek se poravnajo z bamber\u0161kimi \u0161kofi.<\/li>\n<li><strong>1315<\/strong>&nbsp;Gospodje vitezi iz Rasa izumrejo.<\/li>\n<li><strong>1320<\/strong>&nbsp;Njihove posesti pridobi Peter iz Liebenberga.<\/li>\n<li><strong>1335<\/strong>&nbsp;Zaradi politi\u010dnih in strate\u0161kih potez Peter Liebenber\u0161ki izgubi gospostvo Ro\u017eek, ki ga pridobijo gospodje Ptujski in Wallsee.<\/li>\n<li><strong>1438<\/strong>&nbsp;je Anna grofica von Schaumburg podedovala po bratu Eberhardu Ptujskem tudi gospostvo Ro\u017eek.<\/li>\n<li><strong>1478<\/strong>&nbsp;Turki napadejo Ro\u017e. Na tiso\u010de ljudi je bilo ugrabljenih; po besedah \u200b\u200bkronista Jakoba Unresta je med Ro\u017eekom in Mohli\u010dami (M\u00f6chling) bilo prizaneseno le nekaj doma\u010dijam.<\/li>\n<li><strong>1514<\/strong>&nbsp;je gospostvo Ro\u017eek kupil Ga\u0161par von Perkheim. Po oporoki bratov Wolfa in J\u00f6rga von Perkheima (1543) pade vladavina Ro\u017eek.<\/li>\n<li><strong>1566<\/strong>&nbsp;Po poroki poslednje dedinje Perkheima leta z Georg Achazom von Losenstein le-ta postane gospodar.<\/li>\n<li><strong>1605<\/strong>&nbsp;Gospostvo Ro\u017eek kupi Hans Rudolf von Raitenau, najmlaj\u0161i brat salzbur\u0161kega nad\u0161kofa Wolfa Dietricha.<\/li>\n<li><strong>1671<\/strong>&nbsp;Rudolf Hannibal von Raitenau, zadnji iz rodbine umrje brez otrok. Ena izmed ne\u010dakinj, ki je poro\u010dena z Adamom Syfriedom von Aichelberg, podeduje posest.<\/li>\n<li><strong>1686<\/strong>&nbsp;Dru\u017eina Aichelburg je zaradi finan\u010dnih te\u017eav, ki so nastale zaradi po\u017eara gradu, grad in gospostvo prodala Georgu Niklasu grofu von Orsini und Rosenberg.<\/li>\n<li><strong>1772<\/strong>&nbsp;Franz Xaver Wolf von Orsini-Rosenberg za\u010dne graditi grad v dolini.<\/li>\n<li><strong>1776<\/strong>&nbsp;Gradnja mosta \u010dez Dravo pri \u0160mihelu.<\/li>\n<li><strong>1813<\/strong>&nbsp;Francozi so bili pregnani iz Ro\u017eeka. Med boji je bil uni\u010den ve\u010dji del vasi in \u017eupnijska cerkev.<\/li>\n<li><strong>1829<\/strong>&nbsp;je Peter vitez von Bohr na dra\u017ebi pridobil posest Ro\u017eek od dru\u017eine Orsini-Rosenberg.<\/li>\n<li><strong>1831&nbsp;<\/strong>Knez Johann von Liechtenstein pridobi grad v Ro\u017eeku.<\/li>\n<li><strong>1848&nbsp;<\/strong>je bilo odpravljeno zemlji\u0161ko gospostvo in podlo\u017eni\u0161tvo. Kmet je tako postal lastnik svojega posestva.<\/li>\n<li><strong>1849\/1850<\/strong>&nbsp;Ro\u017eek postane samostojna ob\u010dina. Ob\u010dina obsega obmo\u010dje starega de\u017eelnega sodi\u0161\u010da Ro\u017eek, ki sega od Podgorij do Ba\u0161kega jezera. Prvi svobodno izvoljeni \u017eupan Anton Bernold nastopi slu\u017ebo.<\/li>\n<li><strong>1888<\/strong>&nbsp;Sedanja ob\u010dina \u0160entjakob se lo\u010di od Ro\u017eeka.<\/li>\n<li><strong>1911<\/strong>&nbsp;Ledince se lo\u010dijo od Ro\u017eeka.<\/li>\n<li><strong>1918\/1919<\/strong>&nbsp;Ro\u017eek postane prizori\u0161\u010de obrambnega boja. Ob mostu \u010dez Dravo pride do hudih oboro\u017eenih spopadov.<\/li>\n<li><strong>1930<\/strong>&nbsp;Kot priznanje za zasluge v obrambnem boju Ro\u017eek dobi status tr\u0161ke ob\u010dine.<\/li>\n<li><strong>1933<\/strong>&nbsp;Tr\u0161ka ob\u010dina prejme grb. Gre za govore\u010di grb, ki v trikotniku prikazuje vrtnico dru\u017eine Orsini-Rosenberg.<\/li>\n<li><strong>1963<\/strong>&nbsp;Za\u010detek gradnje novega dravskega mosta.<\/li>\n<li><strong>1965<\/strong>&nbsp;2. septembra poplave zru\u0161ijo dravski most. Zato se za\u010dne \u0161e pred\u010dasno uporabljati nov betonski most, ki \u0161e ni bil dokon\u010dan.<\/li>\n<li><strong>1969<\/strong>&nbsp;Za\u010detek gradnje hidroelektrarne Ro\u017eek.<\/li>\n<li><strong>1974<\/strong>&nbsp;Za\u010detek obratovanja hidroelektrarne.<\/li>\n<li><strong>1993<\/strong> Odprtje nove ljudske \u0161ole.<br><\/li>\n<li><strong>1996<\/strong>&nbsp;Selitev ob\u010dinske uprave v obnovljeno staro ljudsko \u0161olo.<\/li>\n<li><strong>2002<\/strong>&nbsp;Odprtje prazgodovinskega centra Breg pri Ro\u017eeku, gomilna grobi\u0161\u010da hal\u0161tatske dobe dostopna za javnost.<\/li>\n<li><strong>2005<\/strong>&nbsp;Raz\u0161iritev Keltske vasi Breg in postavitev turisti\u010dnih ka\u017eipotov na obmo\u010dju ob\u010dine.<\/li>\n<\/ul><\/div>\n\t\t\t\t<\/div>\n\t\t\t\t\t\t\t<div class=\"elementor-toggle-item\">\n\t\t\t\t\t<div id=\"elementor-tab-title-2133\" class=\"elementor-tab-title\" data-tab=\"3\" role=\"button\" aria-controls=\"elementor-tab-content-2133\" aria-expanded=\"false\">\n\t\t\t\t\t\t\t\t\t\t\t\t<span class=\"elementor-toggle-icon elementor-toggle-icon-left\" aria-hidden=\"true\">\n\t\t\t\t\t\t\t\t\t\t\t\t\t\t\t<span class=\"elementor-toggle-icon-closed\"><i class=\"fas fa-caret-right\"><\/i><\/span>\n\t\t\t\t\t\t\t\t<span class=\"elementor-toggle-icon-opened\"><i class=\"elementor-toggle-icon-opened fas fa-caret-up\"><\/i><\/span>\n\t\t\t\t\t\t\t\t\t\t\t\t\t<\/span>\n\t\t\t\t\t\t\t\t\t\t\t\t<a class=\"elementor-toggle-title\" tabindex=\"0\">Pobratene ob\u010dine<\/a>\n\t\t\t\t\t<\/div>\n\n\t\t\t\t\t<div id=\"elementor-tab-content-2133\" class=\"elementor-tab-content elementor-clearfix\" data-tab=\"3\" role=\"region\" aria-labelledby=\"elementor-tab-title-2133\"><p><strong>Osoppo<br \/><\/strong>Piazza Napoleone 6, 33010 Osoppo, ITALIJA,<br \/><a title=\"ob\u010dina osoppo\" href=\"http:\/\/www.comune.osoppo.ud.it\/\" target=\"_blank\" rel=\"noopener\">spletna stran<\/a><br \/><strong><br \/>Lauco<br \/><\/strong>Piazza Municipo 104, 33029 Lauco, ITALIJA<br \/><strong><br \/>Zuglio<br \/><\/strong>Via Giulio Cesare 1, 33020 Zuglio, ITALIJA,<br \/><a title=\"ob\u010dina zuglio\" href=\"http:\/\/www.comune.zuglio.ud.it\/\" target=\"_blank\" rel=\"noopener\">spletna stran<\/a><br \/><strong><br \/>Bohinj<br \/><\/strong>Triglavska cesta 35, 4264 Bohinjska Bistrica, SLOVENIJA,<br \/><a title=\"obcina bohinj\" href=\"http:\/\/obcina.bohinj.si\/\" target=\"_blank\" rel=\"noopener\">spletna stran<\/a><\/p><\/div>\n\t\t\t\t<\/div>\n\t\t\t\t\t\t\t\t<\/div>\n\t\t\t\t\t\t<\/div>\n\t\t\t\t<\/div>\n\t\t\t\t\t<\/div>\n\t\t<\/div>\n\t\t\t\t\t<\/div>\n\t\t<\/section>\n\t\t\t\t<\/div>","protected":false},"excerpt":{"rendered":"<p>Zahlen und Fakten Einige Zahlen und Fakten zur Marktgemeinde Rosegg Einwohner 0 H\u00f6he (m \u00fc. A.) 0 Bev\u00f6lkerungsdichte (pro km\u00b2) 0 Fl\u00e4che (km\u00b2) 0 Lage &#038; Anreise Marktgemeinde RoseggSchlossallee 29232 Rosegg A2 S\u00fcdautobahn, Abfahrt Velden West, Wegweiser ca. 5 km nach Rosegg folgen oder A10 Tauernautobahn bis zum Knoten Villach, danach auf die A11 Karawankenautobahn, [&hellip;]<\/p>","protected":false},"author":1,"featured_media":0,"parent":0,"menu_order":0,"comment_status":"closed","ping_status":"closed","template":"","meta":{"footnotes":""},"class_list":["post-1234","page","type-page","status-publish","hentry"],"_links":{"self":[{"href":"https:\/\/rosegg.gv.at\/slovenisch\/wp-json\/wp\/v2\/pages\/1234"}],"collection":[{"href":"https:\/\/rosegg.gv.at\/slovenisch\/wp-json\/wp\/v2\/pages"}],"about":[{"href":"https:\/\/rosegg.gv.at\/slovenisch\/wp-json\/wp\/v2\/types\/page"}],"author":[{"embeddable":true,"href":"https:\/\/rosegg.gv.at\/slovenisch\/wp-json\/wp\/v2\/users\/1"}],"replies":[{"embeddable":true,"href":"https:\/\/rosegg.gv.at\/slovenisch\/wp-json\/wp\/v2\/comments?post=1234"}],"version-history":[{"count":58,"href":"https:\/\/rosegg.gv.at\/slovenisch\/wp-json\/wp\/v2\/pages\/1234\/revisions"}],"predecessor-version":[{"id":2546,"href":"https:\/\/rosegg.gv.at\/slovenisch\/wp-json\/wp\/v2\/pages\/1234\/revisions\/2546"}],"wp:attachment":[{"href":"https:\/\/rosegg.gv.at\/slovenisch\/wp-json\/wp\/v2\/media?parent=1234"}],"curies":[{"name":"wp","href":"https:\/\/api.w.org\/{rel}","templated":true}]}}