{"id":1106,"date":"2021-03-16T19:28:10","date_gmt":"2021-03-16T19:28:10","guid":{"rendered":"https:\/\/rosegg.axandu.com\/?page_id=1106"},"modified":"2021-04-16T12:41:53","modified_gmt":"2021-04-16T12:41:53","slug":"kundmachungen","status":"publish","type":"page","link":"https:\/\/rosegg.gv.at\/slovenisch\/kundmachungen\/","title":{"rendered":"Objave"},"content":{"rendered":"<div data-elementor-type=\"wp-page\" data-elementor-id=\"1106\" class=\"elementor elementor-1106\" data-elementor-post-type=\"page\">\n\t\t\t\t\t\t<section class=\"elementor-section elementor-top-section elementor-element elementor-element-16b1999a elementor-section-height-min-height elementor-section-boxed elementor-section-height-default elementor-section-items-middle\" data-id=\"16b1999a\" data-element_type=\"section\" data-e-type=\"section\" data-settings=\"{&quot;background_background&quot;:&quot;slideshow&quot;,&quot;shape_divider_bottom&quot;:&quot;arrow&quot;,&quot;background_slideshow_gallery&quot;:[{&quot;id&quot;:279,&quot;url&quot;:&quot;https:\\\/\\\/rosegg.axandu.com\\\/wp-content\\\/uploads\\\/2021\\\/03\\\/rosegg028-1-scaled.jpg&quot;},{&quot;id&quot;:288,&quot;url&quot;:&quot;https:\\\/\\\/rosegg.axandu.com\\\/wp-content\\\/uploads\\\/2021\\\/03\\\/Petelin-Winter-scaled.jpg&quot;}],&quot;background_slideshow_ken_burns&quot;:&quot;yes&quot;,&quot;background_slideshow_loop&quot;:&quot;yes&quot;,&quot;background_slideshow_slide_duration&quot;:5000,&quot;background_slideshow_slide_transition&quot;:&quot;fade&quot;,&quot;background_slideshow_transition_duration&quot;:500,&quot;background_slideshow_ken_burns_zoom_direction&quot;:&quot;in&quot;}\">\n\t\t\t\t\t<div class=\"elementor-shape elementor-shape-bottom\" aria-hidden=\"true\" data-negative=\"false\">\n\t\t\t<svg xmlns=\"http:\/\/www.w3.org\/2000\/svg\" viewbox=\"0 0 700 10\" preserveaspectratio=\"none\">\n\t<path class=\"elementor-shape-fill\" d=\"M350,10L340,0h20L350,10z\"\/>\n<\/svg>\t\t<\/div>\n\t\t\t\t\t<div class=\"elementor-container elementor-column-gap-default\">\n\t\t\t\t\t<div class=\"elementor-column elementor-col-100 elementor-top-column elementor-element elementor-element-3027a2c2\" data-id=\"3027a2c2\" data-element_type=\"column\" data-e-type=\"column\">\n\t\t\t<div class=\"elementor-widget-wrap elementor-element-populated\">\n\t\t\t\t\t\t<div class=\"elementor-element elementor-element-4fe90117 elementor-widget elementor-widget-heading\" data-id=\"4fe90117\" data-element_type=\"widget\" data-e-type=\"widget\" data-widget_type=\"heading.default\">\n\t\t\t\t<div class=\"elementor-widget-container\">\n\t\t\t\t\t<h2 class=\"elementor-heading-title elementor-size-large\">Objave<\/h2>\t\t\t\t<\/div>\n\t\t\t\t<\/div>\n\t\t\t\t\t<\/div>\n\t\t<\/div>\n\t\t\t\t\t<\/div>\n\t\t<\/section>\n\t\t\t\t<section class=\"elementor-section elementor-top-section elementor-element elementor-element-3b0b6b77 elementor-section-boxed elementor-section-height-default elementor-section-height-default\" data-id=\"3b0b6b77\" data-element_type=\"section\" data-e-type=\"section\" data-settings=\"{&quot;background_background&quot;:&quot;classic&quot;}\">\n\t\t\t\t\t\t<div class=\"elementor-container elementor-column-gap-default\">\n\t\t\t\t\t<div class=\"elementor-column elementor-col-100 elementor-top-column elementor-element elementor-element-2ae5f73e\" data-id=\"2ae5f73e\" data-element_type=\"column\" data-e-type=\"column\" data-settings=\"{&quot;background_background&quot;:&quot;classic&quot;}\">\n\t\t\t<div class=\"elementor-widget-wrap elementor-element-populated\">\n\t\t\t\t\t\t<div class=\"elementor-element elementor-element-46d6d367 elementor-widget elementor-widget-wp-widget-gap1_widget\" data-id=\"46d6d367\" data-element_type=\"widget\" data-e-type=\"widget\" data-widget_type=\"wp-widget-gap1_widget.default\">\n\t\t\t\t<div class=\"elementor-widget-container\">\n\t\t\t\t\t<div class=\"documentContainer\" style=\"                                                                                                \"><div style='font-family:Roboto'>                <div onclick=\"location.href='https:\/\/gemeindeappstorage.blob.core.windows.net\/usercontent\/0b4fe5c0-f579-497e-9c38-1936fef26e15\/full\/5f2d8183-46d8-4549-843d-3382f936f2f9\/Edikt.pdf';\" class=\"container\">\n                    <div class=\"row\">\n                        <div class=\"col-4\">\n                            <img decoding=\"async\" class=\"img-thumbnail documentPicture\" src=\"https:\/\/gemeindeappstorage.blob.core.windows.net\/usercontent\/0b4fe5c0-f579-497e-9c38-1936fef26e15\/thumbnail\/5f2d8183-46d8-4549-843d-3382f936f2f9\/Edikt.jpg\" alt=\"Abwasserverband W\u00f6rthersee West, ABA W\u00f6rthersee West, BA 09; Wiederverleihung des Wasserrechtes; Kun\">\n                        <\/div>\n                        <div class=\"col-8\">\n                            <h5 style='text-align: left; font-size: 1.2rem'>Abwasserverband W\u00f6rthersee West, ABA W\u00f6rthersee West, BA 09; Wiederverleihung des Wasserrechtes; Kun<\/h5>                            <p>\n                                                                                            <\/p>\n                            <p>  <\/p>\n                        <\/div>\n                    <\/div>\n                <\/div>\n                                <div onclick=\"location.href='https:\/\/gemeindeappstorage.blob.core.windows.net\/usercontent\/0b4fe5c0-f579-497e-9c38-1936fef26e15\/full\/ceea147d-1d01-4b92-a56e-4596ac3aa357\/2.%20Kundmachung%20Sch%C3%B6ffenverzeichnis.pdf';\" class=\"container\">\n                    <div class=\"row\">\n                        <div class=\"col-4\">\n                            <img decoding=\"async\" class=\"img-thumbnail documentPicture\" src=\"https:\/\/gemeindeappstorage.blob.core.windows.net\/usercontent\/0b4fe5c0-f579-497e-9c38-1936fef26e15\/thumbnail\/ceea147d-1d01-4b92-a56e-4596ac3aa357\/2.%20Kundmachung%20Sch%C3%B6ffenverzeichnis.jpg\" alt=\"Sch\u00f6ffenermittlung 2027\/2028\">\n                        <\/div>\n                        <div class=\"col-8\">\n                            <h5 style='text-align: left; font-size: 1.2rem'>Sch\u00f6ffenermittlung 2027\/2028<\/h5>                            <p>\n                                                                                            <\/p>\n                            <p>  <\/p>\n                        <\/div>\n                    <\/div>\n                <\/div>\n                                <div onclick=\"location.href='https:\/\/gemeindeappstorage.blob.core.windows.net\/usercontent\/0b4fe5c0-f579-497e-9c38-1936fef26e15\/full\/d68e696f-e38e-41a5-b50c-0cad88d5701e\/Verordnung_1.%20NTVA%202022-2907095943407.pdf';\" class=\"container\">\n                    <div class=\"row\">\n                        <div class=\"col-4\">\n                            <img decoding=\"async\" class=\"img-thumbnail documentPicture\" src=\"https:\/\/gemeindeappstorage.blob.core.windows.net\/usercontent\/0b4fe5c0-f579-497e-9c38-1936fef26e15\/thumbnail\/d68e696f-e38e-41a5-b50c-0cad88d5701e\/Verordnung_1.%20NTVA%202022-2907095943407.jpg\" alt=\"Verordnung 1. NTV 2022\">\n                        <\/div>\n                        <div class=\"col-8\">\n                            <h5 style='text-align: left; font-size: 1.2rem'>Uredba 1. NTV 2022<\/h5>                            <p>\n                                                                Priloge<br\/><a href='https:\/\/gemeindeappstorage.blob.core.windows.net\/usercontent\/0b4fe5c0-f579-497e-9c38-1936fef26e15\/full\/d68e696f-e38e-41a5-b50c-0cad88d5701e\/Verordnung_1.%20NTVA%202022-2907095943407.pdf'>Uredba_1. NTVA 2022-2907095943407.pdf<\/a><br\/><a href='https:\/\/gemeindeappstorage.blob.core.windows.net\/usercontent\/0b4fe5c0-f579-497e-9c38-1936fef26e15\/full\/f7b57a7d-97f7-4eb7-865a-e93c6542ae50\/1.%20NTV%202022%20beschlossene%20Fassung_amtssigniert.pdf'>1. NTV 2022 sprejeta razli\u010dica_oficialno_podpisana.pdf<\/a><br\/>                            <\/p>\n                            <p>  <\/p>\n                        <\/div>\n                    <\/div>\n                <\/div>\n                                <div onclick=\"location.href='https:\/\/gemeindeappstorage.blob.core.windows.net\/usercontent\/0b4fe5c0-f579-497e-9c38-1936fef26e15\/full\/35304182-fa03-4698-b9db-3f29424cb0ee\/Verordnung_2022-2504113916965.pdf';\" class=\"container\">\n                    <div class=\"row\">\n                        <div class=\"col-4\">\n                            <img decoding=\"async\" class=\"img-thumbnail documentPicture\" src=\"https:\/\/gemeindeappstorage.blob.core.windows.net\/usercontent\/0b4fe5c0-f579-497e-9c38-1936fef26e15\/thumbnail\/35304182-fa03-4698-b9db-3f29424cb0ee\/Verordnung_2022-2504113916965.jpg\" alt=\"Kundmachung zur Einsicht nach Beschlussfassung des Rechnungsabschluss 2021\">\n                        <\/div>\n                        <div class=\"col-8\">\n                            <h5 style='text-align: left; font-size: 1.2rem'>Obvestilo za pregled po sprejetju ra\u010dunovodskih izkazov 2021<\/h5>                            <p>\n                                                                Priloge<br\/><a href='https:\/\/gemeindeappstorage.blob.core.windows.net\/usercontent\/0b4fe5c0-f579-497e-9c38-1936fef26e15\/full\/35304182-fa03-4698-b9db-3f29424cb0ee\/Verordnung_2022-2504113916965.pdf'>Verordnung_2022-2504113916965.pdf<\/a><br\/><a href='https:\/\/gemeindeappstorage.blob.core.windows.net\/usercontent\/0b4fe5c0-f579-497e-9c38-1936fef26e15\/full\/1745d31a-16e2-4796-943d-ccb8988d18ce\/Rechnungsabschluss%202021%20beschlossene%20Fassung%20vom%2020.04.2022_amtssigniert.pdf'>Zaklju\u010dni ra\u010dun za leto 2021, sprejeta razli\u010dica z dne 20.04.2022_official_signature.pdf<\/a><br\/>                            <\/p>\n                            <p>  <\/p>\n                        <\/div>\n                    <\/div>\n                <\/div>\n                                <div onclick=\"location.href='https:\/\/gemeindeappstorage.blob.core.windows.net\/usercontent\/0b4fe5c0-f579-497e-9c38-1936fef26e15\/full\/02fd5861-8bdf-41ed-a7ce-c55c4a40110b\/Kundmachung%20LWK%20Wahl.pdf';\" class=\"container\">\n                    <div class=\"row\">\n                        <div class=\"col-4\">\n                            <img decoding=\"async\" class=\"img-thumbnail documentPicture\" src=\"https:\/\/gemeindeappstorage.blob.core.windows.net\/usercontent\/0b4fe5c0-f579-497e-9c38-1936fef26e15\/thumbnail\/02fd5861-8bdf-41ed-a7ce-c55c4a40110b\/Kundmachung%20LWK%20Wahl.jpg\" alt=\"Kundmachung \u00fcber die Ausschreibung der Wahl in die Vollversammlung der K\u00e4rntner Landwirtschaftskamme\">\n                        <\/div>\n                        <div class=\"col-8\">\n                            <h5 style='text-align: left; font-size: 1.2rem'>Obvestilo o razpisu volitev v plenarno skup\u0161\u010dino Koro\u0161ke kmetijske zbornice<\/h5>                            <p>\n                                                                                            <\/p>\n                            <p> Odlok koro\u0161ke de\u017eelne vlade z dne 28. junija 2021, LGBl.Nr. 53\/2021, o razpisu volitev v plenarno skup\u0161\u010dino kmetijske zbornice: <\/p>\n                        <\/div>\n                    <\/div>\n                <\/div>\n                                <div onclick=\"location.href='https:\/\/gemeindeappstorage.blob.core.windows.net\/usercontent\/0b4fe5c0-f579-497e-9c38-1936fef26e15\/full\/2af7b00b-aa3e-45fb-b80c-865a1104168c\/Verlautbarung%20Volksbegehren.pdf';\" class=\"container\">\n                    <div class=\"row\">\n                        <div class=\"col-4\">\n                            <img decoding=\"async\" class=\"img-thumbnail documentPicture\" src=\"https:\/\/gemeindeappstorage.blob.core.windows.net\/usercontent\/0b4fe5c0-f579-497e-9c38-1936fef26e15\/thumbnail\/2af7b00b-aa3e-45fb-b80c-865a1104168c\/Verlautbarung%20Volksbegehren.jpg\" alt=\"Verlautbarung \u00fcber das Eintragungsverfahren f\u00fcr das Volksbegehren mit den Kurzbezeichnungen\">\n                        <\/div>\n                        <div class=\"col-8\">\n                            <h5 style='text-align: left; font-size: 1.2rem'>Obvestilo o postopku registracije referendumske peticije s kraticami<\/h5>                            <p>\n                                                                                            <\/p>\n                            <p> Obvezno cepljenje: po potrebi DA\nObvezno cepljenje: strogo NE <\/p>\n                        <\/div>\n                    <\/div>\n                <\/div>\n                                <div onclick=\"location.href='https:\/\/gemeindeappstorage.blob.core.windows.net\/usercontent\/0b4fe5c0-f579-497e-9c38-1936fef26e15\/full\/011501c8-0780-4f26-be0d-30e8119299e0\/Kundmachung_Auflageamtssigniert_2021-2106102349926.pdf';\" class=\"container\">\n                    <div class=\"row\">\n                        <div class=\"col-4\">\n                            <img decoding=\"async\" class=\"img-thumbnail documentPicture\" src=\"https:\/\/gemeindeappstorage.blob.core.windows.net\/usercontent\/0b4fe5c0-f579-497e-9c38-1936fef26e15\/thumbnail\/011501c8-0780-4f26-be0d-30e8119299e0\/Kundmachung_Auflageamtssigniert_2021-2106102349926.jpg\" alt=\"Kundmachung 1. Nachtragsvoranschlag 2021 - Auflage Entwurf\">\n                        <\/div>\n                        <div class=\"col-8\">\n                            <h5 style='text-align: left; font-size: 1.2rem'>Objava prvega dodatnega prora\u010duna za leto 2021 - razpo\u0161iljanje osnutka<\/h5>                            <p>\n                                                                Priloge<br\/><a href='https:\/\/gemeindeappstorage.blob.core.windows.net\/usercontent\/0b4fe5c0-f579-497e-9c38-1936fef26e15\/full\/011501c8-0780-4f26-be0d-30e8119299e0\/Kundmachung_Auflageamtssigniert_2021-2106102349926.pdf'>Kundmachung_Auflageamtssigniert_2021-2106102349926.pdf<\/a><br\/><a href='https:\/\/gemeindeappstorage.blob.core.windows.net\/usercontent\/0b4fe5c0-f579-497e-9c38-1936fef26e15\/full\/20b52e0e-ff2c-40da-a3da-17377e807a6c\/1.ntva2021%20Entwurf_amtssigniert.pdf'>1.ntva2021 draft_official_signing.pdf<\/a><br\/>                            <\/p>\n                            <p> Na podlagi 2. odstavka 6. \u010dlena v povezavi z 8. \u010dlenom Zakona o prora\u010dunu de\u017eele Koro\u0161ke (K-GHG), LGBl. \u0161t. 80\/2019, zadnja sprememba 66\/2020, se objavlja, da je predlog prvega dodatnega prora\u010duna za prora\u010dunsko leto 2021, vklju\u010dno z besedilnimi obrazlo\u017eitvami, na voljo za javni pregled. <\/p>\n                        <\/div>\n                    <\/div>\n                <\/div>\n                <\/div><\/div>\t\t\t\t<\/div>\n\t\t\t\t<\/div>\n\t\t\t\t\t<\/div>\n\t\t<\/div>\n\t\t\t\t\t<\/div>\n\t\t<\/section>\n\t\t\t\t<\/div>","protected":false},"excerpt":{"rendered":"<p>Objave<\/p>","protected":false},"author":1,"featured_media":0,"parent":0,"menu_order":0,"comment_status":"closed","ping_status":"closed","template":"","meta":{"footnotes":""},"class_list":["post-1106","page","type-page","status-publish","hentry"],"_links":{"self":[{"href":"https:\/\/rosegg.gv.at\/slovenisch\/wp-json\/wp\/v2\/pages\/1106"}],"collection":[{"href":"https:\/\/rosegg.gv.at\/slovenisch\/wp-json\/wp\/v2\/pages"}],"about":[{"href":"https:\/\/rosegg.gv.at\/slovenisch\/wp-json\/wp\/v2\/types\/page"}],"author":[{"embeddable":true,"href":"https:\/\/rosegg.gv.at\/slovenisch\/wp-json\/wp\/v2\/users\/1"}],"replies":[{"embeddable":true,"href":"https:\/\/rosegg.gv.at\/slovenisch\/wp-json\/wp\/v2\/comments?post=1106"}],"version-history":[{"count":7,"href":"https:\/\/rosegg.gv.at\/slovenisch\/wp-json\/wp\/v2\/pages\/1106\/revisions"}],"predecessor-version":[{"id":1545,"href":"https:\/\/rosegg.gv.at\/slovenisch\/wp-json\/wp\/v2\/pages\/1106\/revisions\/1545"}],"wp:attachment":[{"href":"https:\/\/rosegg.gv.at\/slovenisch\/wp-json\/wp\/v2\/media?parent=1106"}],"curies":[{"name":"wp","href":"https:\/\/api.w.org\/{rel}","templated":true}]}}