{"id":913,"date":"2021-03-16T08:26:22","date_gmt":"2021-03-16T08:26:22","guid":{"rendered":"https:\/\/rosegg.axandu.com\/?page_id=913"},"modified":"2024-07-25T08:22:43","modified_gmt":"2024-07-25T08:22:43","slug":"trinkwasser","status":"publish","type":"page","link":"https:\/\/rosegg.gv.at\/italienisch\/trinkwasser\/","title":{"rendered":"Bevendo acqua"},"content":{"rendered":"<div data-elementor-type=\"wp-page\" data-elementor-id=\"913\" class=\"elementor elementor-913\" data-elementor-post-type=\"page\">\n\t\t\t\t\t\t<section class=\"elementor-section elementor-top-section elementor-element elementor-element-27506210 elementor-section-height-min-height elementor-section-boxed elementor-section-height-default elementor-section-items-middle\" data-id=\"27506210\" data-element_type=\"section\" data-e-type=\"section\" data-settings=\"{&quot;background_background&quot;:&quot;slideshow&quot;,&quot;shape_divider_bottom&quot;:&quot;arrow&quot;,&quot;background_slideshow_gallery&quot;:[{&quot;id&quot;:279,&quot;url&quot;:&quot;https:\\\/\\\/rosegg.axandu.com\\\/wp-content\\\/uploads\\\/2021\\\/03\\\/rosegg028-1-scaled.jpg&quot;},{&quot;id&quot;:288,&quot;url&quot;:&quot;https:\\\/\\\/rosegg.axandu.com\\\/wp-content\\\/uploads\\\/2021\\\/03\\\/Petelin-Winter-scaled.jpg&quot;}],&quot;background_slideshow_ken_burns&quot;:&quot;yes&quot;,&quot;background_slideshow_loop&quot;:&quot;yes&quot;,&quot;background_slideshow_slide_duration&quot;:5000,&quot;background_slideshow_slide_transition&quot;:&quot;fade&quot;,&quot;background_slideshow_transition_duration&quot;:500,&quot;background_slideshow_ken_burns_zoom_direction&quot;:&quot;in&quot;}\">\n\t\t\t\t\t<div class=\"elementor-shape elementor-shape-bottom\" aria-hidden=\"true\" data-negative=\"false\">\n\t\t\t<svg xmlns=\"http:\/\/www.w3.org\/2000\/svg\" viewbox=\"0 0 700 10\" preserveaspectratio=\"none\">\n\t<path class=\"elementor-shape-fill\" d=\"M350,10L340,0h20L350,10z\"\/>\n<\/svg>\t\t<\/div>\n\t\t\t\t\t<div class=\"elementor-container elementor-column-gap-default\">\n\t\t\t\t\t<div class=\"elementor-column elementor-col-100 elementor-top-column elementor-element elementor-element-4f1d06e2\" data-id=\"4f1d06e2\" data-element_type=\"column\" data-e-type=\"column\">\n\t\t\t<div class=\"elementor-widget-wrap elementor-element-populated\">\n\t\t\t\t\t\t<div class=\"elementor-element elementor-element-151c1c4b elementor-widget elementor-widget-heading\" data-id=\"151c1c4b\" data-element_type=\"widget\" data-e-type=\"widget\" data-widget_type=\"heading.default\">\n\t\t\t\t<div class=\"elementor-widget-container\">\n\t\t\t\t\t<h2 class=\"elementor-heading-title elementor-size-large\">Bevendo acqua<\/h2>\t\t\t\t<\/div>\n\t\t\t\t<\/div>\n\t\t\t\t\t<\/div>\n\t\t<\/div>\n\t\t\t\t\t<\/div>\n\t\t<\/section>\n\t\t\t\t<section class=\"elementor-section elementor-top-section elementor-element elementor-element-7bb2452e elementor-section-boxed elementor-section-height-default elementor-section-height-default\" data-id=\"7bb2452e\" data-element_type=\"section\" data-e-type=\"section\" data-settings=\"{&quot;background_background&quot;:&quot;classic&quot;}\">\n\t\t\t\t\t\t<div class=\"elementor-container elementor-column-gap-default\">\n\t\t\t\t\t<div class=\"elementor-column elementor-col-100 elementor-top-column elementor-element elementor-element-692e691\" data-id=\"692e691\" data-element_type=\"column\" data-e-type=\"column\">\n\t\t\t<div class=\"elementor-widget-wrap elementor-element-populated\">\n\t\t\t\t\t\t<div class=\"elementor-element elementor-element-22248141 elementor-widget elementor-widget-heading\" data-id=\"22248141\" data-element_type=\"widget\" data-e-type=\"widget\" data-widget_type=\"heading.default\">\n\t\t\t\t<div class=\"elementor-widget-container\">\n\t\t\t\t\t<h2 class=\"elementor-heading-title elementor-size-large\">Associazione per l'approvvigionamento idrico della zona di Faaker See<\/h2>\t\t\t\t<\/div>\n\t\t\t\t<\/div>\n\t\t\t\t<div class=\"elementor-element elementor-element-7c1a1b1d elementor-widget elementor-widget-heading\" data-id=\"7c1a1b1d\" data-element_type=\"widget\" data-e-type=\"widget\" data-widget_type=\"heading.default\">\n\t\t\t\t<div class=\"elementor-widget-container\">\n\t\t\t\t\t<h3 class=\"elementor-heading-title elementor-size-large\">Aktuelle Trinkwasserinformation - WVV Faaker See Gebiet<\/h3>\t\t\t\t<\/div>\n\t\t\t\t<\/div>\n\t\t\t\t<div class=\"elementor-element elementor-element-73667a15 elementor-widget elementor-widget-text-editor\" data-id=\"73667a15\" data-element_type=\"widget\" data-e-type=\"widget\" data-widget_type=\"text-editor.default\">\n\t\t\t\t<div class=\"elementor-widget-container\">\n\t\t\t\t\t\t\t\t\t<div class=\"field field-name-body field-type-text-with-summary field-label-hidden\"><div class=\"field-items\"><div class=\"field-item even\"><p>Qui potete trovare informazioni aggiornate sull'acqua potabile in formato PDF da scaricare:<\/p><\/div><\/div><\/div><div class=\"field field-name-field-pdf field-type-file field-label-hidden\"><div class=\"field-items\"><a href=\"https:\/\/rosegg.axandu.com\/wp-content\/uploads\/2021\/03\/wasserbefunde_fuer_gemeindezeitungen_2016.pdf\">Attuale situazione dell'acqua nel comune di Rosegg<\/a><\/div><\/div>\t\t\t\t\t\t\t\t<\/div>\n\t\t\t\t<\/div>\n\t\t\t\t<div class=\"elementor-element elementor-element-16969ce5 elementor-widget-divider--view-line elementor-widget elementor-widget-divider\" data-id=\"16969ce5\" data-element_type=\"widget\" data-e-type=\"widget\" data-widget_type=\"divider.default\">\n\t\t\t\t<div class=\"elementor-widget-container\">\n\t\t\t\t\t\t\t<div class=\"elementor-divider\">\n\t\t\t<span class=\"elementor-divider-separator\">\n\t\t\t\t\t\t<\/span>\n\t\t<\/div>\n\t\t\t\t\t\t<\/div>\n\t\t\t\t<\/div>\n\t\t\t\t<div class=\"elementor-element elementor-element-4814737 elementor-widget elementor-widget-heading\" data-id=\"4814737\" data-element_type=\"widget\" data-e-type=\"widget\" data-widget_type=\"heading.default\">\n\t\t\t\t<div class=\"elementor-widget-container\">\n\t\t\t\t\t<h3 class=\"elementor-heading-title elementor-size-large\">Contatto<\/h3>\t\t\t\t<\/div>\n\t\t\t\t<\/div>\n\t\t\t\t<div class=\"elementor-element elementor-element-846949c elementor-widget elementor-widget-text-editor\" data-id=\"846949c\" data-element_type=\"widget\" data-e-type=\"widget\" data-widget_type=\"text-editor.default\">\n\t\t\t\t<div class=\"elementor-widget-container\">\n\t\t\t\t\t\t\t\t\t<div class=\"field field-name-body field-type-text-with-summary field-label-hidden\">\n<div class=\"field-items\">\n<div class=\"field-item even\">\n<p>Wasserversorgungsverband Faaker See Gebiet<br>Strada vista lago 159<br>9580 Drobollach&nbsp;<br>Tel.:&nbsp;+43&nbsp;(0) 4254 24 34 0<br>Fax: +43 (0)&nbsp;4254 24 34 22<br>e-mail:&nbsp;&nbsp;<a href=\"mailto:office@wvv-fsg.at\">office@wvv-fsg.at<\/a><\/p>\n<p><strong>Orario d'ufficio:<\/strong><br>Montag bis Donnerstag 07:00 Uhr&nbsp;bis 12:00 Uhr-Parteienverkehr<br>Da luned\u00ec a gioved\u00ec dalle 13.00 alle 16.00<br>Venerd\u00ec dalle 07:00 alle 13:00<\/p>\n<\/div>\n<\/div>\n<\/div>\n<div class=\"field field-name-field-pdf field-type-file field-label-hidden\">&nbsp;<\/div>\t\t\t\t\t\t\t\t<\/div>\n\t\t\t\t<\/div>\n\t\t\t\t\t<\/div>\n\t\t<\/div>\n\t\t\t\t\t<\/div>\n\t\t<\/section>\n\t\t\t\t<\/div>","protected":false},"excerpt":{"rendered":"<p>Trinkwasser Wasserversorgungsverband Faaker-See-Gebiet Aktuelle Trinkwasserinformation &#8211; WVV Faaker See Gebiet Hier finden Sie aktuelle Informationen zu Ihrem Trinkwasser als PDF-Datei zum Download: Aktuelle Wasserbefunde Marktgemeinde Rosegg Kontakt Wasserversorgungsverband Faaker See GebietSeeblickstra\u00dfe 1599580 Drobollach&nbsp;Tel.:&nbsp;+43&nbsp;(0) 4254 24 34 0Fax: +43 (0)&nbsp;4254 24 34 22e-mail:&nbsp;&nbsp;office@wvv-fsg.at B\u00fcrozeiten:Montag bis Donnerstag 07:00 Uhr&nbsp;bis 12:00 Uhr-ParteienverkehrMontag bis Donnerstag 13:00 Uhr bis 16:00 [&hellip;]<\/p>","protected":false},"author":1,"featured_media":0,"parent":0,"menu_order":0,"comment_status":"closed","ping_status":"closed","template":"","meta":{"footnotes":""},"class_list":["post-913","page","type-page","status-publish","hentry"],"_links":{"self":[{"href":"https:\/\/rosegg.gv.at\/italienisch\/wp-json\/wp\/v2\/pages\/913"}],"collection":[{"href":"https:\/\/rosegg.gv.at\/italienisch\/wp-json\/wp\/v2\/pages"}],"about":[{"href":"https:\/\/rosegg.gv.at\/italienisch\/wp-json\/wp\/v2\/types\/page"}],"author":[{"embeddable":true,"href":"https:\/\/rosegg.gv.at\/italienisch\/wp-json\/wp\/v2\/users\/1"}],"replies":[{"embeddable":true,"href":"https:\/\/rosegg.gv.at\/italienisch\/wp-json\/wp\/v2\/comments?post=913"}],"version-history":[{"count":16,"href":"https:\/\/rosegg.gv.at\/italienisch\/wp-json\/wp\/v2\/pages\/913\/revisions"}],"predecessor-version":[{"id":2583,"href":"https:\/\/rosegg.gv.at\/italienisch\/wp-json\/wp\/v2\/pages\/913\/revisions\/2583"}],"wp:attachment":[{"href":"https:\/\/rosegg.gv.at\/italienisch\/wp-json\/wp\/v2\/media?parent=913"}],"curies":[{"name":"wp","href":"https:\/\/api.w.org\/{rel}","templated":true}]}}