{"id":1386,"date":"2021-04-07T12:39:33","date_gmt":"2021-04-07T12:39:33","guid":{"rendered":"http:\/\/rosegg.gv.at\/?page_id=1386"},"modified":"2024-09-05T09:14:35","modified_gmt":"2024-09-05T09:14:35","slug":"gemeindeapp","status":"publish","type":"page","link":"https:\/\/rosegg.gv.at\/italienisch\/gemeindeapp\/","title":{"rendered":"L'app comunitaria"},"content":{"rendered":"<div data-elementor-type=\"wp-page\" data-elementor-id=\"1386\" class=\"elementor elementor-1386\" data-elementor-post-type=\"page\">\n\t\t\t\t\t\t<section class=\"elementor-section elementor-top-section elementor-element elementor-element-22dbc332 elementor-section-height-min-height elementor-section-boxed elementor-section-height-default elementor-section-items-middle\" data-id=\"22dbc332\" data-element_type=\"section\" data-e-type=\"section\" data-settings=\"{&quot;background_background&quot;:&quot;slideshow&quot;,&quot;shape_divider_bottom&quot;:&quot;arrow&quot;,&quot;background_slideshow_gallery&quot;:[{&quot;id&quot;:279,&quot;url&quot;:&quot;https:\\\/\\\/rosegg.axandu.com\\\/wp-content\\\/uploads\\\/2021\\\/03\\\/rosegg028-1-scaled.jpg&quot;},{&quot;id&quot;:286,&quot;url&quot;:&quot;https:\\\/\\\/rosegg.axandu.com\\\/wp-content\\\/uploads\\\/2021\\\/03\\\/20180911_085226-scaled.jpg&quot;},{&quot;id&quot;:288,&quot;url&quot;:&quot;https:\\\/\\\/rosegg.axandu.com\\\/wp-content\\\/uploads\\\/2021\\\/03\\\/Petelin-Winter-scaled.jpg&quot;}],&quot;background_slideshow_ken_burns&quot;:&quot;yes&quot;,&quot;background_slideshow_loop&quot;:&quot;yes&quot;,&quot;background_slideshow_slide_duration&quot;:5000,&quot;background_slideshow_slide_transition&quot;:&quot;fade&quot;,&quot;background_slideshow_transition_duration&quot;:500,&quot;background_slideshow_ken_burns_zoom_direction&quot;:&quot;in&quot;}\">\n\t\t\t\t\t<div class=\"elementor-shape elementor-shape-bottom\" aria-hidden=\"true\" data-negative=\"false\">\n\t\t\t<svg xmlns=\"http:\/\/www.w3.org\/2000\/svg\" viewbox=\"0 0 700 10\" preserveaspectratio=\"none\">\n\t<path class=\"elementor-shape-fill\" d=\"M350,10L340,0h20L350,10z\"\/>\n<\/svg>\t\t<\/div>\n\t\t\t\t\t<div class=\"elementor-container elementor-column-gap-default\">\n\t\t\t\t\t<div class=\"elementor-column elementor-col-100 elementor-top-column elementor-element elementor-element-23c4a6ac\" data-id=\"23c4a6ac\" data-element_type=\"column\" data-e-type=\"column\">\n\t\t\t<div class=\"elementor-widget-wrap elementor-element-populated\">\n\t\t\t\t\t\t<div class=\"elementor-element elementor-element-252c2bc0 elementor-widget elementor-widget-heading\" data-id=\"252c2bc0\" data-element_type=\"widget\" data-e-type=\"widget\" data-widget_type=\"heading.default\">\n\t\t\t\t<div class=\"elementor-widget-container\">\n\t\t\t\t\t<h2 class=\"elementor-heading-title elementor-size-default\">Rosegg utilizza l'app della comunit\u00e0 austriaca<\/h2>\t\t\t\t<\/div>\n\t\t\t\t<\/div>\n\t\t\t\t\t<\/div>\n\t\t<\/div>\n\t\t\t\t\t<\/div>\n\t\t<\/section>\n\t\t\t\t<section class=\"elementor-section elementor-top-section elementor-element elementor-element-54468635 elementor-section-boxed elementor-section-height-default elementor-section-height-default\" data-id=\"54468635\" data-element_type=\"section\" data-e-type=\"section\" data-settings=\"{&quot;background_background&quot;:&quot;classic&quot;}\">\n\t\t\t\t\t\t<div class=\"elementor-container elementor-column-gap-default\">\n\t\t\t\t\t<div class=\"elementor-column elementor-col-100 elementor-top-column elementor-element elementor-element-6e2df97a\" data-id=\"6e2df97a\" data-element_type=\"column\" data-e-type=\"column\" data-settings=\"{&quot;background_background&quot;:&quot;classic&quot;}\">\n\t\t\t<div class=\"elementor-widget-wrap elementor-element-populated\">\n\t\t\t\t\t\t<div class=\"elementor-element elementor-element-45ff9487 elementor-widget elementor-widget-text-editor\" data-id=\"45ff9487\" data-element_type=\"widget\" data-e-type=\"widget\" data-widget_type=\"text-editor.default\">\n\t\t\t\t<div class=\"elementor-widget-container\">\n\t\t\t\t\t\t\t\t\t<p>Il <a href=\"https:\/\/gemeindeapp.at\/\">L'app comunitaria <\/a>raggruppa il flusso di informazioni all'interno della tua comunit\u00e0 e ti consente di essere informato su tutti gli eventi importanti. Che si tratti di informazioni sulla community, notizie o eventi, tutto \u00e8 presentato in modo chiaro e attraente nell'app della community. Anche le aziende locali, i club e i ristoranti possono condividere le loro informazioni e preoccupazioni.<\/p>\t\t\t\t\t\t\t\t<\/div>\n\t\t\t\t<\/div>\n\t\t\t\t<section class=\"elementor-section elementor-inner-section elementor-element elementor-element-3ef1a95 elementor-section-boxed elementor-section-height-default elementor-section-height-default\" data-id=\"3ef1a95\" data-element_type=\"section\" data-e-type=\"section\">\n\t\t\t\t\t\t<div class=\"elementor-container elementor-column-gap-default\">\n\t\t\t\t\t<div class=\"elementor-column elementor-col-50 elementor-inner-column elementor-element elementor-element-2446177\" data-id=\"2446177\" data-element_type=\"column\" data-e-type=\"column\">\n\t\t\t<div class=\"elementor-widget-wrap elementor-element-populated\">\n\t\t\t\t\t\t<div class=\"elementor-element elementor-element-7debb4fb elementor-widget elementor-widget-heading\" data-id=\"7debb4fb\" data-element_type=\"widget\" data-e-type=\"widget\" data-widget_type=\"heading.default\">\n\t\t\t\t<div class=\"elementor-widget-container\">\n\t\t\t\t\t<h5 class=\"elementor-heading-title elementor-size-default\">Scarica, scegli e scegli dalla community<\/h5>\t\t\t\t<\/div>\n\t\t\t\t<\/div>\n\t\t\t\t<div class=\"elementor-element elementor-element-21ca1f1 elementor-widget elementor-widget-text-editor\" data-id=\"21ca1f1\" data-element_type=\"widget\" data-e-type=\"widget\" data-widget_type=\"text-editor.default\">\n\t\t\t\t<div class=\"elementor-widget-container\">\n\t\t\t\t\t\t\t\t\t<p class=\" translation-block\">Ora disponibile per <strong>Android<\/strong> e <strong>iOS<\/strong>! Basta aprire i seguenti link...<\/p>\t\t\t\t\t\t\t\t<\/div>\n\t\t\t\t<\/div>\n\t\t\t\t<div class=\"elementor-element elementor-element-2b0911e elementor-shape-rounded elementor-grid-0 e-grid-align-center elementor-widget elementor-widget-social-icons\" data-id=\"2b0911e\" data-element_type=\"widget\" data-e-type=\"widget\" data-widget_type=\"social-icons.default\">\n\t\t\t\t<div class=\"elementor-widget-container\">\n\t\t\t\t\t\t\t<div class=\"elementor-social-icons-wrapper elementor-grid\" role=\"list\">\n\t\t\t\t\t\t\t<span class=\"elementor-grid-item\" role=\"listitem\">\n\t\t\t\t\t<a class=\"elementor-icon elementor-social-icon elementor-social-icon-android elementor-animation-grow elementor-repeater-item-3512707\" href=\"https:\/\/play.google.com\/store\/apps\/details?id=com.axandu.gemeindeapp&#038;gl=AT\" target=\"_blank\">\n\t\t\t\t\t\t<span class=\"elementor-screen-only\">Android<\/span>\n\t\t\t\t\t\t<i aria-hidden=\"true\" class=\"fab fa-android\"><\/i>\t\t\t\t\t<\/a>\n\t\t\t\t<\/span>\n\t\t\t\t\t\t\t<span class=\"elementor-grid-item\" role=\"listitem\">\n\t\t\t\t\t<a class=\"elementor-icon elementor-social-icon elementor-social-icon-apple elementor-animation-grow elementor-repeater-item-69269ee\" href=\"https:\/\/apps.apple.com\/at\/app\/gemeindeapp-%C3%B6sterreich\/id1519395369\" target=\"_blank\">\n\t\t\t\t\t\t<span class=\"elementor-screen-only\">Mela<\/span>\n\t\t\t\t\t\t<i aria-hidden=\"true\" class=\"fab fa-apple\"><\/i>\t\t\t\t\t<\/a>\n\t\t\t\t<\/span>\n\t\t\t\t\t<\/div>\n\t\t\t\t\t\t<\/div>\n\t\t\t\t<\/div>\n\t\t\t\t<div class=\"elementor-element elementor-element-694c93c elementor-widget elementor-widget-text-editor\" data-id=\"694c93c\" data-element_type=\"widget\" data-e-type=\"widget\" data-widget_type=\"text-editor.default\">\n\t\t\t\t<div class=\"elementor-widget-container\">\n\t\t\t\t\t\t\t\t\t<p class=\" translation-block\">... oppure cerca <strong>\"GemeindeApp \u00d6sterreich\"<\/strong> nei rispettivi app store e cerca la seguente icona dell'app:<\/p>\t\t\t\t\t\t\t\t<\/div>\n\t\t\t\t<\/div>\n\t\t\t\t<div class=\"elementor-element elementor-element-17c5bb9 elementor-widget elementor-widget-image\" data-id=\"17c5bb9\" data-element_type=\"widget\" data-e-type=\"widget\" data-widget_type=\"image.default\">\n\t\t\t\t<div class=\"elementor-widget-container\">\n\t\t\t\t\t\t\t\t\t\t\t\t\t\t\t\t<a href=\"https:\/\/gemeindeapp.at\/\" target=\"_blank\">\n\t\t\t\t\t\t\t<img decoding=\"async\" width=\"150\" height=\"150\" src=\"https:\/\/rosegg.gv.at\/wp-content\/uploads\/2021\/11\/180-150x150.png\" class=\"attachment-thumbnail size-thumbnail wp-image-1865\" alt=\"\" srcset=\"https:\/\/rosegg.gv.at\/wp-content\/uploads\/2021\/11\/180-150x150.png 150w, https:\/\/rosegg.gv.at\/wp-content\/uploads\/2021\/11\/180.png 180w\" sizes=\"(max-width: 150px) 100vw, 150px\" \/>\t\t\t\t\t\t\t\t<\/a>\n\t\t\t\t\t\t\t\t\t\t\t\t\t\t\t<\/div>\n\t\t\t\t<\/div>\n\t\t\t\t\t<\/div>\n\t\t<\/div>\n\t\t\t\t<div class=\"elementor-column elementor-col-50 elementor-inner-column elementor-element elementor-element-3366b05\" data-id=\"3366b05\" data-element_type=\"column\" data-e-type=\"column\">\n\t\t\t<div class=\"elementor-widget-wrap elementor-element-populated\">\n\t\t\t\t\t\t<div class=\"elementor-element elementor-element-3cd9d5b elementor-widget elementor-widget-image\" data-id=\"3cd9d5b\" data-element_type=\"widget\" data-e-type=\"widget\" data-widget_type=\"image.default\">\n\t\t\t\t<div class=\"elementor-widget-container\">\n\t\t\t\t\t\t\t\t\t\t\t\t\t\t\t\t<a href=\"https:\/\/gemeindeapp.at\/\" target=\"_blank\">\n\t\t\t\t\t\t\t<img fetchpriority=\"high\" decoding=\"async\" width=\"288\" height=\"515\" src=\"https:\/\/rosegg.gv.at\/wp-content\/uploads\/2021\/04\/img1-1.png\" class=\"attachment-large size-large wp-image-1392\" alt=\"\" srcset=\"https:\/\/rosegg.gv.at\/wp-content\/uploads\/2021\/04\/img1-1.png 288w, https:\/\/rosegg.gv.at\/wp-content\/uploads\/2021\/04\/img1-1-168x300.png 168w\" sizes=\"(max-width: 288px) 100vw, 288px\" \/>\t\t\t\t\t\t\t\t<\/a>\n\t\t\t\t\t\t\t\t\t\t\t\t\t\t\t<\/div>\n\t\t\t\t<\/div>\n\t\t\t\t\t<\/div>\n\t\t<\/div>\n\t\t\t\t\t<\/div>\n\t\t<\/section>\n\t\t\t\t<div class=\"elementor-element elementor-element-4f0f920e elementor-widget-divider--view-line elementor-widget elementor-widget-divider\" data-id=\"4f0f920e\" data-element_type=\"widget\" data-e-type=\"widget\" data-widget_type=\"divider.default\">\n\t\t\t\t<div class=\"elementor-widget-container\">\n\t\t\t\t\t\t\t<div class=\"elementor-divider\">\n\t\t\t<span class=\"elementor-divider-separator\">\n\t\t\t\t\t\t<\/span>\n\t\t<\/div>\n\t\t\t\t\t\t<\/div>\n\t\t\t\t<\/div>\n\t\t\t\t<section class=\"elementor-section elementor-inner-section elementor-element elementor-element-8613cd2 elementor-section-boxed elementor-section-height-default elementor-section-height-default\" data-id=\"8613cd2\" data-element_type=\"section\" data-e-type=\"section\">\n\t\t\t\t\t\t<div class=\"elementor-container elementor-column-gap-default\">\n\t\t\t\t\t<div class=\"elementor-column elementor-col-50 elementor-inner-column elementor-element elementor-element-d34041b\" data-id=\"d34041b\" data-element_type=\"column\" data-e-type=\"column\">\n\t\t\t<div class=\"elementor-widget-wrap elementor-element-populated\">\n\t\t\t\t\t\t<div class=\"elementor-element elementor-element-c3ba24f elementor-widget elementor-widget-text-editor\" data-id=\"c3ba24f\" data-element_type=\"widget\" data-e-type=\"widget\" data-widget_type=\"text-editor.default\">\n\t\t\t\t<div class=\"elementor-widget-container\">\n\t\t\t\t\t\t\t\t\t<p><strong>La linea diretta conduce attraverso la nuova e innovativa app del comune<\/strong><\/p>\n<ul>\n<li>Collegamento diretto con la comunit\u00e0.<\/li>\n<li>Informazioni sempre aggiornate.<\/li>\n<li>Collegamento diretto con tutti i servizi comunali.<\/li>\n<li>Linea diretta con tutti i club del comune.<\/li>\n<li>Informationsaustausch mit allen Institutionen der Gemeinde. <\/li>\n<li>Veranstaltungen.<\/li>\n<li>Einsicht in den M\u00fcllkalender mit Erinnerungsfuntkion.<\/li>\n<li>Einsicht in aktuelle Gemeindethemen z.B Verordnungen, Sitzungen etc. <br><\/li>\n<\/ul>\t\t\t\t\t\t\t\t<\/div>\n\t\t\t\t<\/div>\n\t\t\t\t\t<\/div>\n\t\t<\/div>\n\t\t\t\t<div class=\"elementor-column elementor-col-50 elementor-inner-column elementor-element elementor-element-6c97067\" data-id=\"6c97067\" data-element_type=\"column\" data-e-type=\"column\">\n\t\t\t<div class=\"elementor-widget-wrap elementor-element-populated\">\n\t\t\t\t\t\t<div class=\"elementor-element elementor-element-59e09a0 elementor-widget elementor-widget-image\" data-id=\"59e09a0\" data-element_type=\"widget\" data-e-type=\"widget\" data-widget_type=\"image.default\">\n\t\t\t\t<div class=\"elementor-widget-container\">\n\t\t\t\t\t\t\t\t\t\t\t\t<figure class=\"wp-caption\">\n\t\t\t\t\t\t\t\t\t\t\t<a href=\"https:\/\/gemeindeapp.at\/\" target=\"_blank\">\n\t\t\t\t\t\t\t<img decoding=\"async\" width=\"541\" height=\"402\" src=\"https:\/\/rosegg.gv.at\/wp-content\/uploads\/2021\/04\/GemAppInfo.png\" class=\"attachment-large size-large wp-image-1402\" alt=\"\" srcset=\"https:\/\/rosegg.gv.at\/wp-content\/uploads\/2021\/04\/GemAppInfo.png 541w, https:\/\/rosegg.gv.at\/wp-content\/uploads\/2021\/04\/GemAppInfo-300x223.png 300w\" sizes=\"(max-width: 541px) 100vw, 541px\" \/>\t\t\t\t\t\t\t\t<\/a>\n\t\t\t\t\t\t\t\t\t\t\t<figcaption class=\"widget-image-caption wp-caption-text\">Per maggiori informazioni, visitare gemeindeapp.at<\/figcaption>\n\t\t\t\t\t\t\t\t\t\t<\/figure>\n\t\t\t\t\t\t\t\t\t<\/div>\n\t\t\t\t<\/div>\n\t\t\t\t\t<\/div>\n\t\t<\/div>\n\t\t\t\t\t<\/div>\n\t\t<\/section>\n\t\t\t\t\t<\/div>\n\t\t<\/div>\n\t\t\t\t\t<\/div>\n\t\t<\/section>\n\t\t\t\t<\/div>","protected":false},"excerpt":{"rendered":"<p>Rosegg nUtzt die GEmeindeapp \u00d6sterreich Die GemeindeApp b\u00fcndelt den Informationsfluss innerhalb Ihrer Gemeinde und erm\u00f6glicht es Ihnen \u00fcber alle wesentlichen Geschehnisse informiert zu sein. Egal ob Gemeindeinformationen, Neuigkeiten oder Veranstaltungen alles wird \u00fcbersichtlich und ansprechend in der Gemeinde App dargestellt. Auch lokalen Firmen, Vereine und Gastst\u00e4tten k\u00f6nnen ihre Informationen und Anliegen teilen. App downloaden, Gemeinde [&hellip;]<\/p>","protected":false},"author":1,"featured_media":0,"parent":0,"menu_order":0,"comment_status":"closed","ping_status":"closed","template":"","meta":{"footnotes":""},"class_list":["post-1386","page","type-page","status-publish","hentry"],"_links":{"self":[{"href":"https:\/\/rosegg.gv.at\/italienisch\/wp-json\/wp\/v2\/pages\/1386"}],"collection":[{"href":"https:\/\/rosegg.gv.at\/italienisch\/wp-json\/wp\/v2\/pages"}],"about":[{"href":"https:\/\/rosegg.gv.at\/italienisch\/wp-json\/wp\/v2\/types\/page"}],"author":[{"embeddable":true,"href":"https:\/\/rosegg.gv.at\/italienisch\/wp-json\/wp\/v2\/users\/1"}],"replies":[{"embeddable":true,"href":"https:\/\/rosegg.gv.at\/italienisch\/wp-json\/wp\/v2\/comments?post=1386"}],"version-history":[{"count":61,"href":"https:\/\/rosegg.gv.at\/italienisch\/wp-json\/wp\/v2\/pages\/1386\/revisions"}],"predecessor-version":[{"id":2681,"href":"https:\/\/rosegg.gv.at\/italienisch\/wp-json\/wp\/v2\/pages\/1386\/revisions\/2681"}],"wp:attachment":[{"href":"https:\/\/rosegg.gv.at\/italienisch\/wp-json\/wp\/v2\/media?parent=1386"}],"curies":[{"name":"wp","href":"https:\/\/api.w.org\/{rel}","templated":true}]}}