{"id":1234,"date":"2021-03-29T10:04:25","date_gmt":"2021-03-29T10:04:25","guid":{"rendered":"https:\/\/rosegg.axandu.com\/?page_id=1234"},"modified":"2024-07-25T06:36:00","modified_gmt":"2024-07-25T06:36:00","slug":"zahlen-und-fakten","status":"publish","type":"page","link":"https:\/\/rosegg.gv.at\/italienisch\/zahlen-und-fakten\/","title":{"rendered":"Dati e cifre"},"content":{"rendered":"<div data-elementor-type=\"wp-page\" data-elementor-id=\"1234\" class=\"elementor elementor-1234\" data-elementor-post-type=\"page\">\n\t\t\t\t\t\t<section class=\"elementor-section elementor-top-section elementor-element elementor-element-7f665022 elementor-section-height-min-height elementor-section-boxed elementor-section-height-default elementor-section-items-middle\" data-id=\"7f665022\" data-element_type=\"section\" data-e-type=\"section\" data-settings=\"{&quot;background_background&quot;:&quot;slideshow&quot;,&quot;shape_divider_bottom&quot;:&quot;arrow&quot;,&quot;background_slideshow_gallery&quot;:[{&quot;id&quot;:279,&quot;url&quot;:&quot;https:\\\/\\\/rosegg.axandu.com\\\/wp-content\\\/uploads\\\/2021\\\/03\\\/rosegg028-1-scaled.jpg&quot;},{&quot;id&quot;:286,&quot;url&quot;:&quot;https:\\\/\\\/rosegg.axandu.com\\\/wp-content\\\/uploads\\\/2021\\\/03\\\/20180911_085226-scaled.jpg&quot;},{&quot;id&quot;:288,&quot;url&quot;:&quot;https:\\\/\\\/rosegg.axandu.com\\\/wp-content\\\/uploads\\\/2021\\\/03\\\/Petelin-Winter-scaled.jpg&quot;}],&quot;background_slideshow_ken_burns&quot;:&quot;yes&quot;,&quot;background_slideshow_loop&quot;:&quot;yes&quot;,&quot;background_slideshow_slide_duration&quot;:5000,&quot;background_slideshow_slide_transition&quot;:&quot;fade&quot;,&quot;background_slideshow_transition_duration&quot;:500,&quot;background_slideshow_ken_burns_zoom_direction&quot;:&quot;in&quot;}\">\n\t\t\t\t\t<div class=\"elementor-shape elementor-shape-bottom\" aria-hidden=\"true\" data-negative=\"false\">\n\t\t\t<svg xmlns=\"http:\/\/www.w3.org\/2000\/svg\" viewbox=\"0 0 700 10\" preserveaspectratio=\"none\">\n\t<path class=\"elementor-shape-fill\" d=\"M350,10L340,0h20L350,10z\"\/>\n<\/svg>\t\t<\/div>\n\t\t\t\t\t<div class=\"elementor-container elementor-column-gap-default\">\n\t\t\t\t\t<div class=\"elementor-column elementor-col-100 elementor-top-column elementor-element elementor-element-29d8f021\" data-id=\"29d8f021\" data-element_type=\"column\" data-e-type=\"column\">\n\t\t\t<div class=\"elementor-widget-wrap elementor-element-populated\">\n\t\t\t\t\t\t<div class=\"elementor-element elementor-element-60189449 elementor-widget elementor-widget-heading\" data-id=\"60189449\" data-element_type=\"widget\" data-e-type=\"widget\" data-widget_type=\"heading.default\">\n\t\t\t\t<div class=\"elementor-widget-container\">\n\t\t\t\t\t<h2 class=\"elementor-heading-title elementor-size-large\">Dati e cifre<\/h2>\t\t\t\t<\/div>\n\t\t\t\t<\/div>\n\t\t\t\t\t<\/div>\n\t\t<\/div>\n\t\t\t\t\t<\/div>\n\t\t<\/section>\n\t\t\t\t<section class=\"elementor-section elementor-top-section elementor-element elementor-element-2ca7f750 elementor-section-boxed elementor-section-height-default elementor-section-height-default\" data-id=\"2ca7f750\" data-element_type=\"section\" data-e-type=\"section\" data-settings=\"{&quot;background_background&quot;:&quot;classic&quot;}\">\n\t\t\t\t\t\t<div class=\"elementor-container elementor-column-gap-default\">\n\t\t\t\t\t<div class=\"elementor-column elementor-col-100 elementor-top-column elementor-element elementor-element-304895\" data-id=\"304895\" data-element_type=\"column\" data-e-type=\"column\">\n\t\t\t<div class=\"elementor-widget-wrap elementor-element-populated\">\n\t\t\t\t\t\t<div class=\"elementor-element elementor-element-325b1f5a elementor-widget elementor-widget-heading\" data-id=\"325b1f5a\" data-element_type=\"widget\" data-e-type=\"widget\" data-widget_type=\"heading.default\">\n\t\t\t\t<div class=\"elementor-widget-container\">\n\t\t\t\t\t<h2 class=\"elementor-heading-title elementor-size-large\">Alcuni dati e cifre sul comune di mercato Rosegg<\/h2>\t\t\t\t<\/div>\n\t\t\t\t<\/div>\n\t\t\t\t<section class=\"elementor-section elementor-inner-section elementor-element elementor-element-2d01c96 elementor-section-boxed elementor-section-height-default elementor-section-height-default\" data-id=\"2d01c96\" data-element_type=\"section\" data-e-type=\"section\">\n\t\t\t\t\t\t<div class=\"elementor-container elementor-column-gap-default\">\n\t\t\t\t\t<div class=\"elementor-column elementor-col-25 elementor-inner-column elementor-element elementor-element-a891d44\" data-id=\"a891d44\" data-element_type=\"column\" data-e-type=\"column\">\n\t\t\t<div class=\"elementor-widget-wrap elementor-element-populated\">\n\t\t\t\t\t\t<div class=\"elementor-element elementor-element-ecdb94c elementor-widget elementor-widget-counter\" data-id=\"ecdb94c\" data-element_type=\"widget\" data-e-type=\"widget\" data-widget_type=\"counter.default\">\n\t\t\t\t<div class=\"elementor-widget-container\">\n\t\t\t\t\t\t\t<div class=\"elementor-counter\">\n\t\t\t<div class=\"elementor-counter-title\">Abitanti<\/div>\t\t\t<div class=\"elementor-counter-number-wrapper\">\n\t\t\t\t<span class=\"elementor-counter-number-prefix\"><\/span>\n\t\t\t\t<span class=\"elementor-counter-number\" data-duration=\"2000\" data-to-value=\"1918\" data-from-value=\"0\" data-delimiter=\".\">0<\/span>\n\t\t\t\t<span class=\"elementor-counter-number-suffix\"><\/span>\n\t\t\t<\/div>\n\t\t<\/div>\n\t\t\t\t\t\t<\/div>\n\t\t\t\t<\/div>\n\t\t\t\t\t<\/div>\n\t\t<\/div>\n\t\t\t\t<div class=\"elementor-column elementor-col-25 elementor-inner-column elementor-element elementor-element-8f14b61\" data-id=\"8f14b61\" data-element_type=\"column\" data-e-type=\"column\">\n\t\t\t<div class=\"elementor-widget-wrap elementor-element-populated\">\n\t\t\t\t\t\t<div class=\"elementor-element elementor-element-ef1f9e8 elementor-widget elementor-widget-counter\" data-id=\"ef1f9e8\" data-element_type=\"widget\" data-e-type=\"widget\" data-widget_type=\"counter.default\">\n\t\t\t\t<div class=\"elementor-widget-container\">\n\t\t\t\t\t\t\t<div class=\"elementor-counter\">\n\t\t\t<div class=\"elementor-counter-title\">Altezza (s.l.m.)<\/div>\t\t\t<div class=\"elementor-counter-number-wrapper\">\n\t\t\t\t<span class=\"elementor-counter-number-prefix\"><\/span>\n\t\t\t\t<span class=\"elementor-counter-number\" data-duration=\"2000\" data-to-value=\"477\" data-from-value=\"0\" data-delimiter=\",\">0<\/span>\n\t\t\t\t<span class=\"elementor-counter-number-suffix\"><\/span>\n\t\t\t<\/div>\n\t\t<\/div>\n\t\t\t\t\t\t<\/div>\n\t\t\t\t<\/div>\n\t\t\t\t\t<\/div>\n\t\t<\/div>\n\t\t\t\t<div class=\"elementor-column elementor-col-25 elementor-inner-column elementor-element elementor-element-c9c9f12\" data-id=\"c9c9f12\" data-element_type=\"column\" data-e-type=\"column\">\n\t\t\t<div class=\"elementor-widget-wrap elementor-element-populated\">\n\t\t\t\t\t\t<div class=\"elementor-element elementor-element-62ef88b elementor-widget elementor-widget-counter\" data-id=\"62ef88b\" data-element_type=\"widget\" data-e-type=\"widget\" data-widget_type=\"counter.default\">\n\t\t\t\t<div class=\"elementor-widget-container\">\n\t\t\t\t\t\t\t<div class=\"elementor-counter\">\n\t\t\t<div class=\"elementor-counter-title\">Densit\u00e0 demografica<\/div>\t\t\t<div class=\"elementor-counter-number-wrapper\">\n\t\t\t\t<span class=\"elementor-counter-number-prefix\"><\/span>\n\t\t\t\t<span class=\"elementor-counter-number\" data-duration=\"2000\" data-to-value=\"95\" data-from-value=\"0\" data-delimiter=\",\">0<\/span>\n\t\t\t\t<span class=\"elementor-counter-number-suffix\"><\/span>\n\t\t\t<\/div>\n\t\t<\/div>\n\t\t\t\t\t\t<\/div>\n\t\t\t\t<\/div>\n\t\t\t\t\t<\/div>\n\t\t<\/div>\n\t\t\t\t<div class=\"elementor-column elementor-col-25 elementor-inner-column elementor-element elementor-element-34384b6\" data-id=\"34384b6\" data-element_type=\"column\" data-e-type=\"column\">\n\t\t\t<div class=\"elementor-widget-wrap elementor-element-populated\">\n\t\t\t\t\t\t<div class=\"elementor-element elementor-element-49ce6df elementor-widget elementor-widget-counter\" data-id=\"49ce6df\" data-element_type=\"widget\" data-e-type=\"widget\" data-widget_type=\"counter.default\">\n\t\t\t\t<div class=\"elementor-widget-container\">\n\t\t\t\t\t\t\t<div class=\"elementor-counter\">\n\t\t\t<div class=\"elementor-counter-title\">Superficie (km\u00b2)<\/div>\t\t\t<div class=\"elementor-counter-number-wrapper\">\n\t\t\t\t<span class=\"elementor-counter-number-prefix\"><\/span>\n\t\t\t\t<span class=\"elementor-counter-number\" data-duration=\"2000\" data-to-value=\"20\" data-from-value=\"0\" data-delimiter=\",\">0<\/span>\n\t\t\t\t<span class=\"elementor-counter-number-suffix\"><\/span>\n\t\t\t<\/div>\n\t\t<\/div>\n\t\t\t\t\t\t<\/div>\n\t\t\t\t<\/div>\n\t\t\t\t\t<\/div>\n\t\t<\/div>\n\t\t\t\t\t<\/div>\n\t\t<\/section>\n\t\t\t\t<div class=\"elementor-element elementor-element-1cc772d2 elementor-widget-divider--view-line elementor-widget elementor-widget-divider\" data-id=\"1cc772d2\" data-element_type=\"widget\" data-e-type=\"widget\" data-widget_type=\"divider.default\">\n\t\t\t\t<div class=\"elementor-widget-container\">\n\t\t\t\t\t\t\t<div class=\"elementor-divider\">\n\t\t\t<span class=\"elementor-divider-separator\">\n\t\t\t\t\t\t<\/span>\n\t\t<\/div>\n\t\t\t\t\t\t<\/div>\n\t\t\t\t<\/div>\n\t\t\t\t<div class=\"elementor-element elementor-element-cba14ae elementor-widget elementor-widget-toggle\" data-id=\"cba14ae\" data-element_type=\"widget\" data-e-type=\"widget\" data-widget_type=\"toggle.default\">\n\t\t\t\t<div class=\"elementor-widget-container\">\n\t\t\t\t\t\t\t<div class=\"elementor-toggle\">\n\t\t\t\t\t\t\t<div class=\"elementor-toggle-item\">\n\t\t\t\t\t<div id=\"elementor-tab-title-2131\" class=\"elementor-tab-title\" data-tab=\"1\" role=\"button\" aria-controls=\"elementor-tab-content-2131\" aria-expanded=\"false\">\n\t\t\t\t\t\t\t\t\t\t\t\t<span class=\"elementor-toggle-icon elementor-toggle-icon-left\" aria-hidden=\"true\">\n\t\t\t\t\t\t\t\t\t\t\t\t\t\t\t<span class=\"elementor-toggle-icon-closed\"><i class=\"fas fa-caret-right\"><\/i><\/span>\n\t\t\t\t\t\t\t\t<span class=\"elementor-toggle-icon-opened\"><i class=\"elementor-toggle-icon-opened fas fa-caret-up\"><\/i><\/span>\n\t\t\t\t\t\t\t\t\t\t\t\t\t<\/span>\n\t\t\t\t\t\t\t\t\t\t\t\t<a class=\"elementor-toggle-title\" tabindex=\"0\">Posizione ed indicazioni su come arrivare<\/a>\n\t\t\t\t\t<\/div>\n\n\t\t\t\t\t<div id=\"elementor-tab-content-2131\" class=\"elementor-tab-content elementor-clearfix\" data-tab=\"1\" role=\"region\" aria-labelledby=\"elementor-tab-title-2131\"><p><strong>Comune di mercato Rosegg<br><\/strong>Schlossallee 2<br>9232 Rosegg<\/p>\n<p>Autostrada A2 (S\u00fcdautobahn), uscita Velden-West, seguire la segnaletica per Rosegg per circa 5 km, oppure l\u00b4autostrada A10 (Tauernautobahn) fino allo svincolo Villach, poi successivamente procedere sull\u00b4autostrada A11 (Karawankenautobahn) e, dopo circa 4 km, prendere l\u00b4uscita St. Niklas.<br>Seguire le indicazioni a sinistra per Rosegg per circa 6 km. <\/p><\/div>\n\t\t\t\t<\/div>\n\t\t\t\t\t\t\t<div class=\"elementor-toggle-item\">\n\t\t\t\t\t<div id=\"elementor-tab-title-2132\" class=\"elementor-tab-title\" data-tab=\"2\" role=\"button\" aria-controls=\"elementor-tab-content-2132\" aria-expanded=\"false\">\n\t\t\t\t\t\t\t\t\t\t\t\t<span class=\"elementor-toggle-icon elementor-toggle-icon-left\" aria-hidden=\"true\">\n\t\t\t\t\t\t\t\t\t\t\t\t\t\t\t<span class=\"elementor-toggle-icon-closed\"><i class=\"fas fa-caret-right\"><\/i><\/span>\n\t\t\t\t\t\t\t\t<span class=\"elementor-toggle-icon-opened\"><i class=\"elementor-toggle-icon-opened fas fa-caret-up\"><\/i><\/span>\n\t\t\t\t\t\t\t\t\t\t\t\t\t<\/span>\n\t\t\t\t\t\t\t\t\t\t\t\t<a class=\"elementor-toggle-title\" tabindex=\"0\">Storia<\/a>\n\t\t\t\t\t<\/div>\n\n\t\t\t\t\t<div id=\"elementor-tab-content-2132\" class=\"elementor-tab-content elementor-clearfix\" data-tab=\"2\" role=\"region\" aria-labelledby=\"elementor-tab-title-2132\"><ul>\n<li><strong>875&nbsp;<\/strong>il vescovo Arnold von Freising offre un terreno (Bauernhube) situato a Rosegg (in loco, qui dicitur Rase) in cambio di un altro a Werida (Maria W\u00f6rth).<\/li>\n<li><strong>1106<\/strong>&nbsp;il Patriarca Ulrico I di Aquileia regala la parrocchia di Ras al Capitolo Canonico di Ebendorf (prima menzione documentata).<\/li>\n<li><strong>1171<\/strong>&nbsp;Rudolf von Ras prende il nome di \"Rudolf de Rase'' dal castello appena costruito sul recente colle fortificato. Rudolf II von Ras prende parte al Torneo Friesacher.<\/li>\n<li><strong>1255<\/strong>&nbsp;Rudolf von Ras occupa il castello di Federaun e viene catturato dal vescovo Enrico I.<\/li>\n<li><strong>1298<\/strong>&nbsp;I signori di Ras-Rosegg si confrontano con i vescovi di Bamberga.<\/li>\n<li><strong>1315<\/strong>&nbsp;La linea principale della famiglia Raser si estingue.<\/li>\n<li><strong>1320<\/strong>&nbsp;Peter von Liebenberg acquisisce la Signoria della famiglia Raser.<\/li>\n<li><strong>1335<\/strong>&nbsp;Peter von Liebenberg perde la Signoria di Rosegg lasciandolo ai signori di Wallsee e Pettau a seguito di manovre politiche e strategiche.<\/li>\n<li><strong>1438<\/strong>&nbsp;La contessa di Schaunburg Anna eredita la Signoria di Rosegg dal fratello Eberhard von Pettau.<\/li>\n<li><strong>1478<\/strong>&nbsp;I turchi invadono la Rosental. Migliaia di persone vengono catturate; secondo il cronista Jakob Unrest, tra Rosegg e M\u00f6chling furono risparmiate solamente alcune fattorie.<\/li>\n<li><strong>1514<\/strong>&nbsp;Caspar von Perkheim acquista la Signoria di Rosegg. Nel testamento dei fratelli Wolf e J\u00f6rg von Perkheim (1543) rientra anche la Signoria di Rosegg.<\/li>\n<li><strong>1566<\/strong>&nbsp;Tramite il matrimonio dell'ultima erede della famiglia Perkheim con Georg Achaz della famiglia di Losenstein, la Signoria passa nel loro possesso.<\/li>\n<li><strong>1605<\/strong>&nbsp;Hans Rudolf von Raitenau, il fratello minore dell'arcivescovo di Salisburgo Wolf Dietrich, acquista la Signoria di Rosegg.<\/li>\n<li><strong>1671<\/strong>&nbsp;L'ultimo von Raitenau muore a Rosegg nel 1671 senza figli. Una nipote la quale era sposata con Adam Seyfired von Aichelburg eredita la propriet\u00e0.<\/li>\n<li><strong>1686<\/strong>&nbsp;Difficolt\u00e0 finanziarie, causate da un incendio nel castello, costringono la famiglia Aichelburg a venderlo a Georg Niclas conte di Orsini e Rosenberg.<\/li>\n<li><strong>1772<\/strong>&nbsp;Franz Xaver Wolf della famiglia Orsini-Rosenberg inizia a costruire un castello nel fondo valle.<\/li>\n<li><strong>1776<\/strong>&nbsp;Presso St. Michel viene costruito un ponte sopra fiume Drava (Drau).<\/li>\n<li><strong>1813<\/strong>&nbsp;I francesi vengono cacciati da Rosegg. Durante gli scontri vengono distrutte una gran parte del luogo ed anche la parrocchia.<\/li>\n<li><strong>1829<\/strong>&nbsp;Peter Ritter von Bohr acquisisce la Signoria di Rosegg dalla famiglia Orsini-Rosenberg.<\/li>\n<li><strong>1831&nbsp;<\/strong>Il principe Johann von Liechtenstein acquista la Signoria di Rosegg.<\/li>\n<li><strong>1848&nbsp;<\/strong>La Signoria e la sudditanza vengono abrogati. Il contadino adesso diventa il vero proprietario dei propri possedimenti.<\/li>\n<li><strong>1849\/1850<\/strong>&nbsp;Rosegg diventa un comune autonomo. Il comune comprende il territorio dell'antico Landgericht di Rosegg che va da Maria Elend fino al lago Faaker See. Anton Bernold, il primo sindaco liberamente eletto, assume il proprio incarico.<\/li>\n<li><strong>1888<\/strong>&nbsp;L'odierno territorio del comune di St. Jakob viene separato da quello di Rosegg.<\/li>\n<li><strong>1911<\/strong>&nbsp;Ledenitzen viene separato da Rosegg.<\/li>\n<li><strong>1918\/1919<\/strong>&nbsp;Rosegg diventa una zona importante della battaglia difensiva. I ponti sopra fiume Drava sono teatro di combattimenti.<\/li>\n<li><strong>1930<\/strong>&nbsp;In riconoscimento per il merito avuto durante la battaglia difensiva, Rosegg diventa un comune di mercato.<\/li>\n<li><strong>1933<\/strong>&nbsp;Alla cittadina di mercato viene assegnato uno stemma. Si tratta di uno stemma che rappresenta la rosa della famiglia Orsini-Rosenberg all'interno di un triangolo.<\/li>\n<li><strong>1963<\/strong>&nbsp;Inizio del lavoro per il nuovo ponte sopra il fiume Drava.<\/li>\n<li><strong>1965<\/strong>&nbsp;Il 2 settembre il vecchio ponte sul fiume Drava viene distrutto da un'alluvione. Per questo motivo \u00e8 stato messo in funzione anticipatamente il nuovo ponte in cemento non ancora terminato.<\/li>\n<li><strong>1969<\/strong>&nbsp;Inizio dei lavori dell'impianto idroelettrico di Rosegg.<\/li>\n<li><strong>1974<\/strong>&nbsp;Messa in servizio dell'impianto idroelettrico.<\/li>\n<li><strong>1993<\/strong> Apertura della nuova scuola elementare.<br><\/li>\n<li><strong>1996<\/strong>&nbsp;Trasferimento dell'amministrazione comunale nella vecchia scuola elementare restaurata.<\/li>\n<li><strong>2002<\/strong>&nbsp;Apertura del museo preistorico di Fr\u00f6g presso Rosegg; la necropoli di Hallstatt viene aperta al pubblico.<\/li>\n<li><strong>2005<\/strong>&nbsp;Il Mondo dei Celti a Fr\u00f6g viene ulteriormente sviluppato e, nel territorio comunale, viene create una segnaletica turistica.<\/li>\n<\/ul><\/div>\n\t\t\t\t<\/div>\n\t\t\t\t\t\t\t<div class=\"elementor-toggle-item\">\n\t\t\t\t\t<div id=\"elementor-tab-title-2133\" class=\"elementor-tab-title\" data-tab=\"3\" role=\"button\" aria-controls=\"elementor-tab-content-2133\" aria-expanded=\"false\">\n\t\t\t\t\t\t\t\t\t\t\t\t<span class=\"elementor-toggle-icon elementor-toggle-icon-left\" aria-hidden=\"true\">\n\t\t\t\t\t\t\t\t\t\t\t\t\t\t\t<span class=\"elementor-toggle-icon-closed\"><i class=\"fas fa-caret-right\"><\/i><\/span>\n\t\t\t\t\t\t\t\t<span class=\"elementor-toggle-icon-opened\"><i class=\"elementor-toggle-icon-opened fas fa-caret-up\"><\/i><\/span>\n\t\t\t\t\t\t\t\t\t\t\t\t\t<\/span>\n\t\t\t\t\t\t\t\t\t\t\t\t<a class=\"elementor-toggle-title\" tabindex=\"0\">Comuni gemellati<\/a>\n\t\t\t\t\t<\/div>\n\n\t\t\t\t\t<div id=\"elementor-tab-content-2133\" class=\"elementor-tab-content elementor-clearfix\" data-tab=\"3\" role=\"region\" aria-labelledby=\"elementor-tab-title-2133\"><p><strong>Osoppo<br \/><\/strong>Piazza Napoleone 6, 33010 Osoppo, ITALIA,<br \/><a title=\"comune di osoppo\" href=\"http:\/\/www.comune.osoppo.ud.it\/\" target=\"_blank\" rel=\"noopener\">sito web<\/a><br \/><strong><br \/>Lauco<br \/><\/strong>Piazza Municipo 104, 33029 Lauco, ITALIA<br \/><strong><br \/>Zuglio<br \/><\/strong>Via Giulio Cesare 1, 33020 Zuglio, ITALIA,<br \/><a title=\"comune di zuglio\" href=\"http:\/\/www.comune.zuglio.ud.it\/\" target=\"_blank\" rel=\"noopener\">sito web<\/a><br \/><strong><br \/>Bohinj<br \/><\/strong>Triglavska cesta 35, 4264 Bohinjska Bistrica, SLOVENIA,<br \/><a title=\"obcina bohinj\" href=\"http:\/\/obcina.bohinj.si\/\" target=\"_blank\" rel=\"noopener\">sito web<\/a><\/p><\/div>\n\t\t\t\t<\/div>\n\t\t\t\t\t\t\t\t<\/div>\n\t\t\t\t\t\t<\/div>\n\t\t\t\t<\/div>\n\t\t\t\t\t<\/div>\n\t\t<\/div>\n\t\t\t\t\t<\/div>\n\t\t<\/section>\n\t\t\t\t<\/div>","protected":false},"excerpt":{"rendered":"<p>Zahlen und Fakten Einige Zahlen und Fakten zur Marktgemeinde Rosegg Einwohner 0 H\u00f6he (m \u00fc. A.) 0 Bev\u00f6lkerungsdichte (pro km\u00b2) 0 Fl\u00e4che (km\u00b2) 0 Lage &#038; Anreise Marktgemeinde RoseggSchlossallee 29232 Rosegg A2 S\u00fcdautobahn, Abfahrt Velden West, Wegweiser ca. 5 km nach Rosegg folgen oder A10 Tauernautobahn bis zum Knoten Villach, danach auf die A11 Karawankenautobahn, [&hellip;]<\/p>","protected":false},"author":1,"featured_media":0,"parent":0,"menu_order":0,"comment_status":"closed","ping_status":"closed","template":"","meta":{"footnotes":""},"class_list":["post-1234","page","type-page","status-publish","hentry"],"_links":{"self":[{"href":"https:\/\/rosegg.gv.at\/italienisch\/wp-json\/wp\/v2\/pages\/1234"}],"collection":[{"href":"https:\/\/rosegg.gv.at\/italienisch\/wp-json\/wp\/v2\/pages"}],"about":[{"href":"https:\/\/rosegg.gv.at\/italienisch\/wp-json\/wp\/v2\/types\/page"}],"author":[{"embeddable":true,"href":"https:\/\/rosegg.gv.at\/italienisch\/wp-json\/wp\/v2\/users\/1"}],"replies":[{"embeddable":true,"href":"https:\/\/rosegg.gv.at\/italienisch\/wp-json\/wp\/v2\/comments?post=1234"}],"version-history":[{"count":58,"href":"https:\/\/rosegg.gv.at\/italienisch\/wp-json\/wp\/v2\/pages\/1234\/revisions"}],"predecessor-version":[{"id":2546,"href":"https:\/\/rosegg.gv.at\/italienisch\/wp-json\/wp\/v2\/pages\/1234\/revisions\/2546"}],"wp:attachment":[{"href":"https:\/\/rosegg.gv.at\/italienisch\/wp-json\/wp\/v2\/media?parent=1234"}],"curies":[{"name":"wp","href":"https:\/\/api.w.org\/{rel}","templated":true}]}}