{"id":943,"date":"2021-03-16T08:38:15","date_gmt":"2021-03-16T08:38:15","guid":{"rendered":"https:\/\/rosegg.axandu.com\/?page_id=943"},"modified":"2021-03-23T20:37:10","modified_gmt":"2021-03-23T20:37:10","slug":"tarife","status":"publish","type":"page","link":"https:\/\/rosegg.gv.at\/englisch\/tarife\/","title":{"rendered":"Tarife"},"content":{"rendered":"<div data-elementor-type=\"wp-page\" data-elementor-id=\"943\" class=\"elementor elementor-943\" data-elementor-post-type=\"page\">\n\t\t\t\t\t\t<section class=\"elementor-section elementor-top-section elementor-element elementor-element-9a68154 elementor-section-height-min-height elementor-section-boxed elementor-section-height-default elementor-section-items-middle\" data-id=\"9a68154\" data-element_type=\"section\" data-e-type=\"section\" data-settings=\"{&quot;background_background&quot;:&quot;slideshow&quot;,&quot;shape_divider_bottom&quot;:&quot;arrow&quot;,&quot;background_slideshow_gallery&quot;:[{&quot;id&quot;:279,&quot;url&quot;:&quot;https:\\\/\\\/rosegg.axandu.com\\\/wp-content\\\/uploads\\\/2021\\\/03\\\/rosegg028-1-scaled.jpg&quot;},{&quot;id&quot;:288,&quot;url&quot;:&quot;https:\\\/\\\/rosegg.axandu.com\\\/wp-content\\\/uploads\\\/2021\\\/03\\\/Petelin-Winter-scaled.jpg&quot;}],&quot;background_slideshow_ken_burns&quot;:&quot;yes&quot;,&quot;background_slideshow_loop&quot;:&quot;yes&quot;,&quot;background_slideshow_slide_duration&quot;:5000,&quot;background_slideshow_slide_transition&quot;:&quot;fade&quot;,&quot;background_slideshow_transition_duration&quot;:500,&quot;background_slideshow_ken_burns_zoom_direction&quot;:&quot;in&quot;}\">\n\t\t\t\t\t<div class=\"elementor-shape elementor-shape-bottom\" aria-hidden=\"true\" data-negative=\"false\">\n\t\t\t<svg xmlns=\"http:\/\/www.w3.org\/2000\/svg\" viewbox=\"0 0 700 10\" preserveaspectratio=\"none\">\n\t<path class=\"elementor-shape-fill\" d=\"M350,10L340,0h20L350,10z\"\/>\n<\/svg>\t\t<\/div>\n\t\t\t\t\t<div class=\"elementor-container elementor-column-gap-default\">\n\t\t\t\t\t<div class=\"elementor-column elementor-col-100 elementor-top-column elementor-element elementor-element-4d40b04d\" data-id=\"4d40b04d\" data-element_type=\"column\" data-e-type=\"column\">\n\t\t\t<div class=\"elementor-widget-wrap elementor-element-populated\">\n\t\t\t\t\t\t<div class=\"elementor-element elementor-element-77a853da elementor-widget elementor-widget-heading\" data-id=\"77a853da\" data-element_type=\"widget\" data-e-type=\"widget\" data-widget_type=\"heading.default\">\n\t\t\t\t<div class=\"elementor-widget-container\">\n\t\t\t\t\t<h2 class=\"elementor-heading-title elementor-size-large\">Agricultural equipment rental<\/h2>\t\t\t\t<\/div>\n\t\t\t\t<\/div>\n\t\t\t\t\t<\/div>\n\t\t<\/div>\n\t\t\t\t\t<\/div>\n\t\t<\/section>\n\t\t\t\t<section class=\"elementor-section elementor-top-section elementor-element elementor-element-34335587 elementor-section-boxed elementor-section-height-default elementor-section-height-default\" data-id=\"34335587\" data-element_type=\"section\" data-e-type=\"section\" data-settings=\"{&quot;background_background&quot;:&quot;classic&quot;}\">\n\t\t\t\t\t\t<div class=\"elementor-container elementor-column-gap-default\">\n\t\t\t\t\t<div class=\"elementor-column elementor-col-100 elementor-top-column elementor-element elementor-element-17be38e2\" data-id=\"17be38e2\" data-element_type=\"column\" data-e-type=\"column\">\n\t\t\t<div class=\"elementor-widget-wrap elementor-element-populated\">\n\t\t\t\t\t\t<div class=\"elementor-element elementor-element-5d369cce elementor-widget elementor-widget-heading\" data-id=\"5d369cce\" data-element_type=\"widget\" data-e-type=\"widget\" data-widget_type=\"heading.default\">\n\t\t\t\t<div class=\"elementor-widget-container\">\n\t\t\t\t\t<h2 class=\"elementor-heading-title elementor-size-large\">Tariff overview<\/h2>\t\t\t\t<\/div>\n\t\t\t\t<\/div>\n\t\t\t\t<div class=\"elementor-element elementor-element-37f64b4c elementor-widget elementor-widget-heading\" data-id=\"37f64b4c\" data-element_type=\"widget\" data-e-type=\"widget\" data-widget_type=\"heading.default\">\n\t\t\t\t<div class=\"elementor-widget-container\">\n\t\t\t\t\t<h3 class=\"elementor-heading-title elementor-size-large\">Membership can be obtained by paying an annual\nmembership fee of \u20ac 25,00.<\/h3>\t\t\t\t<\/div>\n\t\t\t\t<\/div>\n\t\t\t\t<div class=\"elementor-element elementor-element-23c7e6c7 elementor-widget elementor-widget-text-editor\" data-id=\"23c7e6c7\" data-element_type=\"widget\" data-e-type=\"widget\" data-widget_type=\"text-editor.default\">\n\t\t\t\t<div class=\"elementor-widget-container\">\n\t\t\t\t\t\t\t\t\t<table><thead><tr><td>\u00a0<\/td><td colspan=\"2\"><b>Prices for members<\/b><\/td><td colspan=\"2\"><b>Prices for non-members<\/b><\/td><\/tr><tr><td><b>Device<\/b><\/td><td><b>Half day<\/b><\/td><td><b>full day<\/b><\/td><td><b>Half day<\/b><\/td><td><b>full day<\/b><\/td><\/tr><\/thead><tbody><tr><td>Cambridge roller<\/td><td>\u20ac 15,00<\/td><td>\u20ac 30,00<\/td><td>\u20ac 25,00<\/td><td>\u20ac 40,00<\/td><\/tr><tr><td>Spring Tooth Harrow<\/td><td>\u20ac 7,00<\/td><td>\u20ac 12,00<\/td><td>\u20ac 17,00<\/td><td>\u20ac 22,00<\/td><\/tr><tr><td>Winged Scraper Cultivator<\/td><td>\u20ac 18,00<\/td><td>\u20ac 30,00<\/td><td>\u20ac 28,00<\/td><td>\u20ac 40,00<\/td><\/tr><tr><td>Grain Cleaner<\/td><td>\u00a0<\/td><td>\u20ac 10,00<\/td><td>\u00a0<\/td><td>\u20ac 20,00<\/td><\/tr><tr><td>Wood splitter<\/td><td>\u20ac 18,00<\/td><td>\u20ac 25,00<\/td><td>\u20ac 28,00<\/td><td>\u20ac 35,00<\/td><\/tr><tr><td>Cesspool<br \/>4000 litres<\/td><td>\u20ac 20,00<\/td><td>\u20ac 30,00<\/td><td>\u20ac 30,00<\/td><td>\u20ac 40,00<\/td><\/tr><tr><td>Cesspool<br \/>2200 litres<\/td><td>\u00a0<\/td><td>\u20ac 15,00<\/td><td>\u00a0<\/td><td>\u20ac 25,00<\/td><\/tr><tr><td>Tipper<\/td><td>\u20ac 20,00<\/td><td>\u20ac 30,00<\/td><td>\u20ac 30,00<\/td><td>\u20ac 40,00<\/td><\/tr><tr><td>Grain auger<br \/>3 mm<\/td><td>\u00a0<\/td><td>\u20ac 10,00<\/td><td>\u00a0<\/td><td>\u20ac 20,00<\/td><\/tr><tr><td>Corn hoe<\/td><td>\u20ac 10,00<\/td><td>\u20ac 15,00<\/td><td>\u20ac 20,00<\/td><td>\u20ac 25,00<\/td><\/tr><tr><td>Must pump<br \/>With filter<\/td><td>\u00a0<\/td><td>\u20ac 10,00<\/td><td>\u00a0<\/td><td>\u20ac 20,00<\/td><\/tr><tr><td>Peeling machine<\/td><td>\u00a0<\/td><td>\u20ac 15,00<\/td><td>\u00a0<\/td><td>\u20ac 25,00<\/td><\/tr><tr><td>Vacuum packer<\/td><td>\u00a0<\/td><td>\u20ac 10,00<\/td><td>\u00a0<\/td><td>\u20ac 20,00<\/td><\/tr><tr><td>Cattle truck<\/td><td>\u20ac 10,00<\/td><td>\u20ac 15,00<\/td><td>\u20ac 20,00<\/td><td>\u20ac 25,00<\/td><\/tr><tr><td>Wood splitter new<br \/>(lying)<\/td><td>\u20ac 20,00<\/td><td>\u20ac 30,00<\/td><td>\u20ac 30,00<\/td><td>\u20ac 40,00<\/td><\/tr><tr><td>Wood splitter new<\/td><td>\u20ac 18,00<\/td><td>\u20ac 25,00<\/td><td>\u20ac 28,00<\/td><td>\u20ac 35,00<\/td><\/tr><\/tbody><\/table>\t\t\t\t\t\t\t\t<\/div>\n\t\t\t\t<\/div>\n\t\t\t\t<div class=\"elementor-element elementor-element-7eabe4c5 elementor-widget-divider--view-line elementor-widget elementor-widget-divider\" data-id=\"7eabe4c5\" data-element_type=\"widget\" data-e-type=\"widget\" data-widget_type=\"divider.default\">\n\t\t\t\t<div class=\"elementor-widget-container\">\n\t\t\t\t\t\t\t<div class=\"elementor-divider\">\n\t\t\t<span class=\"elementor-divider-separator\">\n\t\t\t\t\t\t<\/span>\n\t\t<\/div>\n\t\t\t\t\t\t<\/div>\n\t\t\t\t<\/div>\n\t\t\t\t\t<\/div>\n\t\t<\/div>\n\t\t\t\t\t<\/div>\n\t\t<\/section>\n\t\t\t\t<\/div>","protected":false},"excerpt":{"rendered":"<p>Landwirtschaftlicher Ger\u00e4teverleih Tarif\u00fcbersicht Die Mitgliedschaft kann durch Entrichtung eines j\u00e4hrlichen Mitgliedsbeitrages von \u20ac 25,00 erreicht werden. \u00a0 Preise f\u00fcr Mitglieder Preise f\u00fcr Nichtmitglieder Ger\u00e4t halber Tag ganzer Tag halber Tag ganzer Tag Cambridge Walze \u20ac 15,00 \u20ac 30,00 \u20ac 25,00 \u20ac 40,00 Federzahnhackegge \u20ac 7,00 \u20ac 12,00 \u20ac 17,00 \u20ac 22,00 Fl\u00fcgelscharrgrubber \u20ac 18,00 \u20ac [&hellip;]<\/p>","protected":false},"author":1,"featured_media":0,"parent":0,"menu_order":0,"comment_status":"closed","ping_status":"closed","template":"","meta":{"footnotes":""},"class_list":["post-943","page","type-page","status-publish","hentry"],"_links":{"self":[{"href":"https:\/\/rosegg.gv.at\/englisch\/wp-json\/wp\/v2\/pages\/943"}],"collection":[{"href":"https:\/\/rosegg.gv.at\/englisch\/wp-json\/wp\/v2\/pages"}],"about":[{"href":"https:\/\/rosegg.gv.at\/englisch\/wp-json\/wp\/v2\/types\/page"}],"author":[{"embeddable":true,"href":"https:\/\/rosegg.gv.at\/englisch\/wp-json\/wp\/v2\/users\/1"}],"replies":[{"embeddable":true,"href":"https:\/\/rosegg.gv.at\/englisch\/wp-json\/wp\/v2\/comments?post=943"}],"version-history":[{"count":25,"href":"https:\/\/rosegg.gv.at\/englisch\/wp-json\/wp\/v2\/pages\/943\/revisions"}],"predecessor-version":[{"id":1170,"href":"https:\/\/rosegg.gv.at\/englisch\/wp-json\/wp\/v2\/pages\/943\/revisions\/1170"}],"wp:attachment":[{"href":"https:\/\/rosegg.gv.at\/englisch\/wp-json\/wp\/v2\/media?parent=943"}],"curies":[{"name":"wp","href":"https:\/\/api.w.org\/{rel}","templated":true}]}}