{"id":1353,"date":"2021-03-31T15:13:00","date_gmt":"2021-03-31T15:13:00","guid":{"rendered":"http:\/\/rosegg.gv.at\/?page_id=1353"},"modified":"2021-03-31T15:17:32","modified_gmt":"2021-03-31T15:17:32","slug":"impressum","status":"publish","type":"page","link":"https:\/\/rosegg.gv.at\/englisch\/impressum\/","title":{"rendered":"Imprint"},"content":{"rendered":"<div data-elementor-type=\"wp-page\" data-elementor-id=\"1353\" class=\"elementor elementor-1353\" data-elementor-post-type=\"page\">\n\t\t\t\t\t\t<section class=\"elementor-section elementor-top-section elementor-element elementor-element-2ee78434 elementor-section-height-min-height elementor-section-boxed elementor-section-height-default elementor-section-items-middle\" data-id=\"2ee78434\" data-element_type=\"section\" data-e-type=\"section\" data-settings=\"{&quot;background_background&quot;:&quot;slideshow&quot;,&quot;shape_divider_bottom&quot;:&quot;arrow&quot;,&quot;background_slideshow_gallery&quot;:[{&quot;id&quot;:279,&quot;url&quot;:&quot;https:\\\/\\\/rosegg.axandu.com\\\/wp-content\\\/uploads\\\/2021\\\/03\\\/rosegg028-1-scaled.jpg&quot;},{&quot;id&quot;:286,&quot;url&quot;:&quot;https:\\\/\\\/rosegg.axandu.com\\\/wp-content\\\/uploads\\\/2021\\\/03\\\/20180911_085226-scaled.jpg&quot;},{&quot;id&quot;:288,&quot;url&quot;:&quot;https:\\\/\\\/rosegg.axandu.com\\\/wp-content\\\/uploads\\\/2021\\\/03\\\/Petelin-Winter-scaled.jpg&quot;}],&quot;background_slideshow_ken_burns&quot;:&quot;yes&quot;,&quot;background_slideshow_loop&quot;:&quot;yes&quot;,&quot;background_slideshow_slide_duration&quot;:5000,&quot;background_slideshow_slide_transition&quot;:&quot;fade&quot;,&quot;background_slideshow_transition_duration&quot;:500,&quot;background_slideshow_ken_burns_zoom_direction&quot;:&quot;in&quot;}\">\n\t\t\t\t\t<div class=\"elementor-shape elementor-shape-bottom\" aria-hidden=\"true\" data-negative=\"false\">\n\t\t\t<svg xmlns=\"http:\/\/www.w3.org\/2000\/svg\" viewbox=\"0 0 700 10\" preserveaspectratio=\"none\">\n\t<path class=\"elementor-shape-fill\" d=\"M350,10L340,0h20L350,10z\"\/>\n<\/svg>\t\t<\/div>\n\t\t\t\t\t<div class=\"elementor-container elementor-column-gap-default\">\n\t\t\t\t\t<div class=\"elementor-column elementor-col-100 elementor-top-column elementor-element elementor-element-242d9ad\" data-id=\"242d9ad\" data-element_type=\"column\" data-e-type=\"column\">\n\t\t\t<div class=\"elementor-widget-wrap elementor-element-populated\">\n\t\t\t\t\t\t<div class=\"elementor-element elementor-element-27dd7838 elementor-widget elementor-widget-heading\" data-id=\"27dd7838\" data-element_type=\"widget\" data-e-type=\"widget\" data-widget_type=\"heading.default\">\n\t\t\t\t<div class=\"elementor-widget-container\">\n\t\t\t\t\t<h2 class=\"elementor-heading-title elementor-size-large\">Imprint<\/h2>\t\t\t\t<\/div>\n\t\t\t\t<\/div>\n\t\t\t\t\t<\/div>\n\t\t<\/div>\n\t\t\t\t\t<\/div>\n\t\t<\/section>\n\t\t\t\t<section class=\"elementor-section elementor-top-section elementor-element elementor-element-5597b733 elementor-section-boxed elementor-section-height-default elementor-section-height-default\" data-id=\"5597b733\" data-element_type=\"section\" data-e-type=\"section\" data-settings=\"{&quot;background_background&quot;:&quot;classic&quot;}\">\n\t\t\t\t\t\t<div class=\"elementor-container elementor-column-gap-default\">\n\t\t\t\t\t<div class=\"elementor-column elementor-col-100 elementor-top-column elementor-element elementor-element-4d9444f5\" data-id=\"4d9444f5\" data-element_type=\"column\" data-e-type=\"column\">\n\t\t\t<div class=\"elementor-widget-wrap elementor-element-populated\">\n\t\t\t\t\t\t<div class=\"elementor-element elementor-element-506c88dd elementor-widget elementor-widget-heading\" data-id=\"506c88dd\" data-element_type=\"widget\" data-e-type=\"widget\" data-widget_type=\"heading.default\">\n\t\t\t\t<div class=\"elementor-widget-container\">\n\t\t\t\t\t<h2 class=\"elementor-heading-title elementor-size-large\">Imprint<\/h2>\t\t\t\t<\/div>\n\t\t\t\t<\/div>\n\t\t\t\t<div class=\"elementor-element elementor-element-4590ab6e elementor-widget elementor-widget-heading\" data-id=\"4590ab6e\" data-element_type=\"widget\" data-e-type=\"widget\" data-widget_type=\"heading.default\">\n\t\t\t\t<div class=\"elementor-widget-container\">\n\t\t\t\t\t<h3 class=\"elementor-heading-title elementor-size-large\">Website operator<\/h3>\t\t\t\t<\/div>\n\t\t\t\t<\/div>\n\t\t\t\t<div class=\"elementor-element elementor-element-6ea85da7 elementor-widget elementor-widget-text-editor\" data-id=\"6ea85da7\" data-element_type=\"widget\" data-e-type=\"widget\" data-widget_type=\"text-editor.default\">\n\t\t\t\t<div class=\"elementor-widget-container\">\n\t\t\t\t\t\t\t\t\t<p><strong>Market town of Rosegg<\/strong><br \/>Castle avenue no. 2<br \/>A-9232 Rosegg<\/p><p>Tel.: +43 (0) 4274 \/ 2712 - 0<br \/>email:\u00a0<a href=\"mailto:rosegg@ktn.gde.at\">rosegg@ktn.gde.at<\/a>\u00a0<br \/>internet:\u00a0<a href=\"http:\/\/rosegg.gv.at\/\" target=\"_blank\" rel=\"noopener\">rosegg.gv.at<\/a><\/p><p>Technical support:\u00a0<a title=\"webmaster link\" href=\"http:\/\/gemeindeapp.at\/\" target=\"_blank\" rel=\"noopener\">Axandu - Community App<\/a><\/p><p>The implementation of the barrier-free municipal homepage was supported by the province of Carinthia.<\/p>\t\t\t\t\t\t\t\t<\/div>\n\t\t\t\t<\/div>\n\t\t\t\t<div class=\"elementor-element elementor-element-33f0e293 elementor-widget-divider--view-line elementor-widget elementor-widget-divider\" data-id=\"33f0e293\" data-element_type=\"widget\" data-e-type=\"widget\" data-widget_type=\"divider.default\">\n\t\t\t\t<div class=\"elementor-widget-container\">\n\t\t\t\t\t\t\t<div class=\"elementor-divider\">\n\t\t\t<span class=\"elementor-divider-separator\">\n\t\t\t\t\t\t<\/span>\n\t\t<\/div>\n\t\t\t\t\t\t<\/div>\n\t\t\t\t<\/div>\n\t\t\t\t<div class=\"elementor-element elementor-element-7e06f45 elementor-widget elementor-widget-heading\" data-id=\"7e06f45\" data-element_type=\"widget\" data-e-type=\"widget\" data-widget_type=\"heading.default\">\n\t\t\t\t<div class=\"elementor-widget-container\">\n\t\t\t\t\t<h3 class=\"elementor-heading-title elementor-size-large\">Data protection and copyright<\/h3>\t\t\t\t<\/div>\n\t\t\t\t<\/div>\n\t\t\t\t<div class=\"elementor-element elementor-element-d15a7f3 elementor-widget elementor-widget-text-editor\" data-id=\"d15a7f3\" data-element_type=\"widget\" data-e-type=\"widget\" data-widget_type=\"text-editor.default\">\n\t\t\t\t<div class=\"elementor-widget-container\">\n\t\t\t\t\t\t\t\t\t<p>The content of this website is protected by copyright. The information is intended for personal use only. Any further use, in particular storage in databases, duplication and any form of commercial use as well as disclosure to third parties, even in part or in revised form, is prohibited without the consent of the market town of Rosegg.<\/p><p>Hyperlinks to\u00a0<a href=\"http:\/\/rosegg.gv.at\/\" target=\"_self\">rosegg.gv.at<\/a>\u00a0are welcome!<\/p><p>Any integration of individual pages of our offer into external frames is not permitted.The market town of Rosegg makes itself aware of external content on pages that are accessed via links on this website (<a href=\"http:\/\/rosegg.gv.at\/\" target=\"_self\">rosegg.gv.at<\/a>) and assumes no responsibility for them. It expressly distances itself from inadmissible or ambiguous third-party content.<\/p>\t\t\t\t\t\t\t\t<\/div>\n\t\t\t\t<\/div>\n\t\t\t\t\t<\/div>\n\t\t<\/div>\n\t\t\t\t\t<\/div>\n\t\t<\/section>\n\t\t\t\t<\/div>","protected":false},"excerpt":{"rendered":"<p>Impressum Impressum Betreiber der Website Marktgemeinde RoseggSchlossallee Nr. 2A-9232 Rosegg Tel.: +43 (0) 4274 \/ 2712 &#8211; 0email:\u00a0rosegg@ktn.gde.at\u00a0internet:\u00a0rosegg.gv.at Technische Betreuung:\u00a0Axandu &#8211; GemeindeApp Die Umsetzung der barrierefreien Gemeindehomepage wurde durch das Land K\u00e4rnten unterst\u00fctzt. Datenschutz und Copyright Der Inhalt dieser Website ist urheberrechtlich gesch\u00fctzt. Die Informationen sind nur f\u00fcr die pers\u00f6nliche Verwendung bestimmt. Jede weitergehende Nutzung [&hellip;]<\/p>","protected":false},"author":1,"featured_media":0,"parent":0,"menu_order":0,"comment_status":"closed","ping_status":"closed","template":"","meta":{"footnotes":""},"class_list":["post-1353","page","type-page","status-publish","hentry"],"_links":{"self":[{"href":"https:\/\/rosegg.gv.at\/englisch\/wp-json\/wp\/v2\/pages\/1353"}],"collection":[{"href":"https:\/\/rosegg.gv.at\/englisch\/wp-json\/wp\/v2\/pages"}],"about":[{"href":"https:\/\/rosegg.gv.at\/englisch\/wp-json\/wp\/v2\/types\/page"}],"author":[{"embeddable":true,"href":"https:\/\/rosegg.gv.at\/englisch\/wp-json\/wp\/v2\/users\/1"}],"replies":[{"embeddable":true,"href":"https:\/\/rosegg.gv.at\/englisch\/wp-json\/wp\/v2\/comments?post=1353"}],"version-history":[{"count":11,"href":"https:\/\/rosegg.gv.at\/englisch\/wp-json\/wp\/v2\/pages\/1353\/revisions"}],"predecessor-version":[{"id":1366,"href":"https:\/\/rosegg.gv.at\/englisch\/wp-json\/wp\/v2\/pages\/1353\/revisions\/1366"}],"wp:attachment":[{"href":"https:\/\/rosegg.gv.at\/englisch\/wp-json\/wp\/v2\/media?parent=1353"}],"curies":[{"name":"wp","href":"https:\/\/api.w.org\/{rel}","templated":true}]}}