{"id":969,"date":"2021-03-16T10:26:36","date_gmt":"2021-03-16T10:26:36","guid":{"rendered":"https:\/\/rosegg.axandu.com\/?page_id=969"},"modified":"2026-03-10T12:19:11","modified_gmt":"2026-03-10T12:19:11","slug":"gebuehren","status":"publish","type":"page","link":"https:\/\/rosegg.gv.at\/de_de\/gebuehren\/","title":{"rendered":"Geb\u00fchren"},"content":{"rendered":"\t\t<div data-elementor-type=\"wp-page\" data-elementor-id=\"969\" class=\"elementor elementor-969\" data-elementor-post-type=\"page\">\n\t\t\t\t\t\t<section class=\"elementor-section elementor-top-section elementor-element elementor-element-103bdcf elementor-section-height-min-height elementor-section-boxed elementor-section-height-default elementor-section-items-middle\" data-id=\"103bdcf\" data-element_type=\"section\" data-e-type=\"section\" data-settings=\"{&quot;background_background&quot;:&quot;slideshow&quot;,&quot;shape_divider_bottom&quot;:&quot;arrow&quot;,&quot;background_slideshow_gallery&quot;:[{&quot;id&quot;:279,&quot;url&quot;:&quot;https:\\\/\\\/rosegg.axandu.com\\\/wp-content\\\/uploads\\\/2021\\\/03\\\/rosegg028-1-scaled.jpg&quot;},{&quot;id&quot;:286,&quot;url&quot;:&quot;https:\\\/\\\/rosegg.axandu.com\\\/wp-content\\\/uploads\\\/2021\\\/03\\\/20180911_085226-scaled.jpg&quot;},{&quot;id&quot;:288,&quot;url&quot;:&quot;https:\\\/\\\/rosegg.axandu.com\\\/wp-content\\\/uploads\\\/2021\\\/03\\\/Petelin-Winter-scaled.jpg&quot;}],&quot;background_slideshow_ken_burns&quot;:&quot;yes&quot;,&quot;background_slideshow_loop&quot;:&quot;yes&quot;,&quot;background_slideshow_slide_duration&quot;:5000,&quot;background_slideshow_slide_transition&quot;:&quot;fade&quot;,&quot;background_slideshow_transition_duration&quot;:500,&quot;background_slideshow_ken_burns_zoom_direction&quot;:&quot;in&quot;}\">\n\t\t\t\t\t<div class=\"elementor-shape elementor-shape-bottom\" aria-hidden=\"true\" data-negative=\"false\">\n\t\t\t<svg xmlns=\"http:\/\/www.w3.org\/2000\/svg\" viewBox=\"0 0 700 10\" preserveAspectRatio=\"none\">\n\t<path class=\"elementor-shape-fill\" d=\"M350,10L340,0h20L350,10z\"\/>\n<\/svg>\t\t<\/div>\n\t\t\t\t\t<div class=\"elementor-container elementor-column-gap-default\">\n\t\t\t\t\t<div class=\"elementor-column elementor-col-100 elementor-top-column elementor-element elementor-element-72592db1\" data-id=\"72592db1\" data-element_type=\"column\" data-e-type=\"column\">\n\t\t\t<div class=\"elementor-widget-wrap elementor-element-populated\">\n\t\t\t\t\t\t<div class=\"elementor-element elementor-element-1d708905 elementor-widget elementor-widget-heading\" data-id=\"1d708905\" data-element_type=\"widget\" data-e-type=\"widget\" data-widget_type=\"heading.default\">\n\t\t\t\t<div class=\"elementor-widget-container\">\n\t\t\t\t\t<h2 class=\"elementor-heading-title elementor-size-large\">Geb\u00fchren<\/h2>\t\t\t\t<\/div>\n\t\t\t\t<\/div>\n\t\t\t\t\t<\/div>\n\t\t<\/div>\n\t\t\t\t\t<\/div>\n\t\t<\/section>\n\t\t\t\t<section class=\"elementor-section elementor-top-section elementor-element elementor-element-b01f029 elementor-section-boxed elementor-section-height-default elementor-section-height-default\" data-id=\"b01f029\" data-element_type=\"section\" data-e-type=\"section\" data-settings=\"{&quot;background_background&quot;:&quot;classic&quot;}\">\n\t\t\t\t\t\t<div class=\"elementor-container elementor-column-gap-default\">\n\t\t\t\t\t<div class=\"elementor-column elementor-col-100 elementor-top-column elementor-element elementor-element-1cfe4986\" data-id=\"1cfe4986\" data-element_type=\"column\" data-e-type=\"column\">\n\t\t\t<div class=\"elementor-widget-wrap elementor-element-populated\">\n\t\t\t\t\t\t<div class=\"elementor-element elementor-element-7198364f elementor-widget elementor-widget-heading\" data-id=\"7198364f\" data-element_type=\"widget\" data-e-type=\"widget\" data-widget_type=\"heading.default\">\n\t\t\t\t<div class=\"elementor-widget-container\">\n\t\t\t\t\t<h2 class=\"elementor-heading-title elementor-size-large\">\u00dcbersicht \u00fcber Abgaben<\/h2>\t\t\t\t<\/div>\n\t\t\t\t<\/div>\n\t\t\t\t<div class=\"elementor-element elementor-element-75d01e05 elementor-widget elementor-widget-heading\" data-id=\"75d01e05\" data-element_type=\"widget\" data-e-type=\"widget\" data-widget_type=\"heading.default\">\n\t\t\t\t<div class=\"elementor-widget-container\">\n\t\t\t\t\t<h3 class=\"elementor-heading-title elementor-size-large\">\u00dcbersicht \u00fcber Abgaben (Beitr\u00e4ge, Steuern, Geb\u00fchren) und privatrechtliche Entgelte der Marktgemeinde Rosegg\n\n<\/h3>\t\t\t\t<\/div>\n\t\t\t\t<\/div>\n\t\t\t\t<div class=\"elementor-element elementor-element-3d389786 elementor-widget elementor-widget-text-editor\" data-id=\"3d389786\" data-element_type=\"widget\" data-e-type=\"widget\" data-widget_type=\"text-editor.default\">\n\t\t\t\t<div class=\"elementor-widget-container\">\n\t\t\t\t\t\t\t\t\t<p><strong>EINSCHALTUNGSGEB\u00dcHREN-ROSEGGER NACHRICHTEN<br \/><\/strong>Inseratspreise je Ausgabe:<\/p><p>Ganze Seite\u00a0EUR 349,20 inkl. 20 % MWST<br \/>1 \/ 2 Seite\u00a0EUR 218,40 inkl. 20 %\u00a0MWST<br \/>1 \/ 4 Seite\u00a0EUR 109,20 inkl. 20 % MWST<br \/>1 \/ 8 Seite\u00a0EUR 54,00 inkl. 20 % MWST<\/p><p>Rabattierung: Bei\u00a0drei Einschaltungen pro Kalenderjahr wird eine 10%ige\u00a0Erm\u00e4\u00dfigung auf die Einschaltungsgeb\u00fchren gew\u00e4hrt.<\/p>\t\t\t\t\t\t\t\t<\/div>\n\t\t\t\t<\/div>\n\t\t\t\t<div class=\"elementor-element elementor-element-5870966 elementor-widget elementor-widget-text-editor\" data-id=\"5870966\" data-element_type=\"widget\" data-e-type=\"widget\" data-widget_type=\"text-editor.default\">\n\t\t\t\t<div class=\"elementor-widget-container\">\n\t\t\t\t\t\t\t\t\t<p><strong>GRABGEB\u00dcHREN<br \/><\/strong>Aufbahrungshallengeb\u00fchren:<\/p><p>Aufbahrung pro Tag EUR 80,00<br \/>jeder weitere Tag der Aufbahrung EUR 60,00<\/p><p><br \/>Nutzungsrecht:<br \/>Die H\u00f6he des Entgeltes betr\u00e4gt auf die Dauer der Ruhefrist (10 Jahre)<\/p><p>f\u00fcr ein EinzelgrabUrnengrab EUR 100,00<br \/>f\u00fcr ein Familiengrab EUR 200,00<br \/>f\u00fcr eine Urnennische\u00a0\u00a0EUR 300,00<br \/>f\u00fcr eine Urnennische mit Blumenfach EUR 362,50<br \/>f\u00fcr ein Urnens\u00e4ulensegment EUR 100,00<br \/>f\u00fcr eine Familienurnens\u00e4ule (3 Segmente) EUR 300,00<br \/>Infrastrukturabgabe f\u00fcr die Ben\u00fctzung des Friedhofes f\u00fcr jedes Grab und jede Nische j\u00e4hrlich EUR 15,00<br \/>Von den Nutzungsberechtigten des Standplatzes zur Aufstellung eines Urnens\u00e4ulensegmentes sind die Kosten f\u00fcr die Urnens\u00e4ulensegmente samt Zubeh\u00f6r zu entrichten, sowie die Gravur der Inschrift auf eigene Kosten vorzunehmen.<\/p>\t\t\t\t\t\t\t\t<\/div>\n\t\t\t\t<\/div>\n\t\t\t\t<div class=\"elementor-element elementor-element-f1350bc elementor-widget elementor-widget-text-editor\" data-id=\"f1350bc\" data-element_type=\"widget\" data-e-type=\"widget\" data-widget_type=\"text-editor.default\">\n\t\t\t\t<div class=\"elementor-widget-container\">\n\t\t\t\t\t\t\t\t\t<p><strong>GRUNDSTEUER<\/strong><br>Hebesatz f\u00fcr die Grundsteuer 500 v.H.<\/p>\t\t\t\t\t\t\t\t<\/div>\n\t\t\t\t<\/div>\n\t\t\t\t<div class=\"elementor-element elementor-element-3d2f972 elementor-widget elementor-widget-text-editor\" data-id=\"3d2f972\" data-element_type=\"widget\" data-e-type=\"widget\" data-widget_type=\"text-editor.default\">\n\t\t\t\t<div class=\"elementor-widget-container\">\n\t\t\t\t\t\t\t\t\t<p><strong>GEB\u00dcHR F\u00dcR AUFBAHRUNG<\/strong><br>Mehrt\u00e4gige Aufbahrung: EUR 80,00 inkl. 20 % MWST<br>Eint\u00e4gige Aufbahrung: EUR 40,00 inkl. 20 % MWST<\/p>\t\t\t\t\t\t\t\t<\/div>\n\t\t\t\t<\/div>\n\t\t\t\t<div class=\"elementor-element elementor-element-770b7b7 elementor-widget elementor-widget-text-editor\" data-id=\"770b7b7\" data-element_type=\"widget\" data-e-type=\"widget\" data-widget_type=\"text-editor.default\">\n\t\t\t\t<div class=\"elementor-widget-container\">\n\t\t\t\t\t\t\t\t\t<p><strong>HUNDEABGABE ab 01.01.2022<\/strong><br \/>Wachhund EUR 25,00<br \/>Hund der in Aus\u00fcbung eines Berufes oder Erwerbes gehalten wird EUR 25,00<br \/>alle \u00fcbrigen Hunde EUR 30,00<\/p>\t\t\t\t\t\t\t\t<\/div>\n\t\t\t\t<\/div>\n\t\t\t\t<div class=\"elementor-element elementor-element-c64efe4 elementor-widget elementor-widget-menu-anchor\" data-id=\"c64efe4\" data-element_type=\"widget\" data-e-type=\"widget\" data-widget_type=\"menu-anchor.default\">\n\t\t\t\t<div class=\"elementor-widget-container\">\n\t\t\t\t\t\t\t<div class=\"elementor-menu-anchor\" id=\"Abwasserentsorgung\"><\/div>\n\t\t\t\t\t\t<\/div>\n\t\t\t\t<\/div>\n\t\t\t\t<div class=\"elementor-element elementor-element-ba0a2de elementor-widget elementor-widget-text-editor\" data-id=\"ba0a2de\" data-element_type=\"widget\" data-e-type=\"widget\" data-widget_type=\"text-editor.default\">\n\t\t\t\t<div class=\"elementor-widget-container\">\n\t\t\t\t\t\t\t\t\t<p><strong>KANALANSCHLUSSBEITRAG<\/strong><\/p><p>die aktuelle Geb\u00fchrenaufstellung finden sie online unter<\/p><p>https:\/\/www.awvww.at\/kosten\/<\/p><p>weiters sind unter dem Reiter Downloads alle ben\u00f6tigten Formulare und Antr\u00e4ge versammelt<\/p>\t\t\t\t\t\t\t\t<\/div>\n\t\t\t\t<\/div>\n\t\t\t\t<div class=\"elementor-element elementor-element-95d91eb elementor-widget elementor-widget-text-editor\" data-id=\"95d91eb\" data-element_type=\"widget\" data-e-type=\"widget\" data-widget_type=\"text-editor.default\">\n\t\t\t\t<div class=\"elementor-widget-container\">\n\t\t\t\t\t\t\t\t\t<p><strong>KANALGEB\u00dcHREN<\/strong><\/p><p>die aktuelle Geb\u00fchrenaufstellung finden sie online unter<\/p><p>https:\/\/www.awvww.at\/kosten\/<\/p>\t\t\t\t\t\t\t\t<\/div>\n\t\t\t\t<\/div>\n\t\t\t\t<div class=\"elementor-element elementor-element-1f5693c elementor-widget elementor-widget-menu-anchor\" data-id=\"1f5693c\" data-element_type=\"widget\" data-e-type=\"widget\" data-widget_type=\"menu-anchor.default\">\n\t\t\t\t<div class=\"elementor-widget-container\">\n\t\t\t\t\t\t\t<div class=\"elementor-menu-anchor\" id=\"Abfallentsorgung\"><\/div>\n\t\t\t\t\t\t<\/div>\n\t\t\t\t<\/div>\n\t\t\t\t<div class=\"elementor-element elementor-element-fbd212b elementor-widget elementor-widget-text-editor\" data-id=\"fbd212b\" data-element_type=\"widget\" data-e-type=\"widget\" data-widget_type=\"text-editor.default\">\n\t\t\t\t<div class=\"elementor-widget-container\">\n\t\t\t\t\t\t\t\t\t<p><strong>M\u00dcLLGEB\u00dcHREN\/j\u00e4hrlich ab 01.01.2026<\/strong><br \/>Bereitstellungsgeb\u00fchren:<\/p><p>a) im Abholbereich:<br \/>je 120 l M\u00fcllbeh\u00e4lter EUR 69,70 inkl. 10 % MWST<br \/>je 240 l M\u00fcllbeh\u00e4lter EUR 139,40 inkl. 10 % MWST<br \/>je 1100 l M\u00fcllbeh\u00e4lter EUR 638,92 inkl. 10 % MWST<br \/>60 l M\u00fcllsacksystem EUR 35,49 inkl. 10 % MWST<\/p><p>b) im Sonderbereich<br \/>je 60 l M\u00fcllsacksystem EUR 35,49 inkl. 10 % MWST<\/p><p>Ben\u00fctzungsgeb\u00fchren pro Entleerung:\u00a0<br \/>je 60 l M\u00fcllsack EUR 3,03 inkl. 10 % MWST<br \/>je 120 l M\u00fcllbeh\u00e4lter EUR 5,91 inkl. 10 % MWST<br \/>je 240 l M\u00fcllbeh\u00e4lter EUR 11,82 inkl. 10 % MWST<br \/>je 1100 l M\u00fcllbeh\u00e4lter EUR 54,17 inkl. 10 % MWST<\/p><p><strong>BIOM\u00dcLL<\/strong><br \/>je 90 l Tonne Geb\u00fchr pro Entleerung EUR 8,11 inkl. 10 % MWST<br \/>je 120 l Tonne Geb\u00fchr pro Entleerung EUR 10,52 inkl. 10 % MWST<br \/>je 240 l Tonne Geb\u00fchr pro Entleerung EUR 13,73 inkl. 10 % MWST<\/p><p>M\u00dcLLGEB\u00dcHREN\/j\u00e4hrlich ab 01.01.2027<br \/>Bereitstellungsgeb\u00fchren:<\/p><p>a) im Abholbereich:<br \/>je 120 l M\u00fcllbeh\u00e4lter EUR 70,98 inkl. 10 % MWST<br \/>je 240 l M\u00fcllbeh\u00e4lter EUR 141,95 inkl. 10 % MWST<br \/>je 1100 l M\u00fcllbeh\u00e4lter EUR 650,61 inkl. 10 % MWST<br \/>60 l M\u00fcllsacksystem EUR 35,49 inkl. 10 % MWST<\/p><p>b) im Sonderbereich<br \/>je 60 l M\u00fcllsacksystem EUR 35,49 inkl. 10 % MWST<\/p><p>Ben\u00fctzungsgeb\u00fchren pro Entleerung:\u00a0<br \/>je 60 l M\u00fcllsack EUR 3,19 inkl. 10 % MWST<br \/>je 120 l M\u00fcllbeh\u00e4lter EUR 6,39 inkl. 10 % MWST<br \/>je 240 l M\u00fcllbeh\u00e4lter EUR 12,77 inkl. 10 % MWST<br \/>je 1100 l M\u00fcllbeh\u00e4lter EUR 558,55 inkl. 10 % MWST<\/p><p><strong>BIOM\u00dcLL<\/strong><br \/>je 90 l Tonne Geb\u00fchr pro Entleerung EUR 8,22 inkl. 10 % MWST<br \/>je 120 l Tonne Geb\u00fchr pro Entleerung EUR 10,66 inkl. 10 % MWST<br \/>je 240 l Tonne Geb\u00fchr pro Entleerung EUR 13,91 inkl. 10 % MWST<\/p><p>\u00a0<\/p><p><strong>SPERRM\u00dcLL ab 01.01.2022<\/strong><br \/>Sperrm\u00fcllentsorgungs-Ben\u00fctzungsgeb\u00fchr f\u00fcr Hausabholung je angefangenen m3 EUR 42,00 inkl. 10 % MWST (max. 3 m3 pro Termin).<br \/>Sperrm\u00fcllentsorgungs-Ben\u00fctzungsgeb\u00fchr f\u00fcr die Bringung zum Wirtschaftshof je angefangenem m3 EUR 26,00 inkl. 10 % MWST. (max. 3 m3 pro Termin)<\/p>\t\t\t\t\t\t\t\t<\/div>\n\t\t\t\t<\/div>\n\t\t\t\t<div class=\"elementor-element elementor-element-cb4b520 elementor-widget elementor-widget-text-editor\" data-id=\"cb4b520\" data-element_type=\"widget\" data-e-type=\"widget\" data-widget_type=\"text-editor.default\">\n\t\t\t\t<div class=\"elementor-widget-container\">\n\t\t\t\t\t\t\t\t\t<p><strong>ORTS- UND N\u00c4CHTIGUNGSTAXE<\/strong><br \/>Ortstaxe Zone 1 EUR 2,00 pro N\u00e4chtigung\u00a0\u00a0\u00a0\u00a0\u00a0\u00a0\u00a0\u00a0\u00a0\u00a0\u00a0\u00a0\u00a0\u00a0\u00a0\u00a0\u00a0\u00a0\u00a0\u00a0\u00a0\u00a0\u00a0\u00a0\u00a0\u00a0\u00a0\u00a0\u00a0\u00a0\u00a0\u00a0\u00a0\u00a0\u00a0\u00a0\u00a0\u00a0\u00a0\u00a0\u00a0\u00a0\u00a0\u00a0\u00a0\u00a0\u00a0\u00a0\u00a0\u00a0\u00a0\u00a0\u00a0\u00a0\u00a0\u00a0\u00a0\u00a0\u00a0\u00a0\u00a0\u00a0\u00a0\u00a0\u00a0\u00a0\u00a0\u00a0\u00a0\u00a0\u00a0\u00a0\u00a0\u00a0\u00a0\u00a0\u00a0\u00a0\u00a0\u00a0\u00a0\u00a0\u00a0\u00a0\u00a0\u00a0\u00a0\u00a0\u00a0\u00a0\u00a0\u00a0\u00a0\u00a0\u00a0\u00a0\u00a0\u00a0\u00a0\u00a0\u00a0\u00a0\u00a0\u00a0\u00a0\u00a0\u00a0\u00a0\u00a0\u00a0\u00a0\u00a0\u00a0\u00a0\u00a0\u00a0\u00a0\u00a0\u00a0\u00a0\u00a0\u00a0\u00a0\u00a0\u00a0\u00a0\u00a0\u00a0\u00a0\u00a0\u00a0\u00a0\u00a0\u00a0\u00a0\u00a0\u00a0\u00a0\u00a0\u00a0\u00a0\u00a0\u00a0\u00a0\u00a0\u00a0\u00a0\u00a0\u00a0\u00a0\u00a0\u00a0\u00a0\u00a0\u00a0\u00a0\u00a0\u00a0\u00a0\u00a0\u00a0\u00a0\u00a0\u00a0\u00a0\u00a0\u00a0\u00a0\u00a0\u00a0\u00a0\u00a0\u00a0\u00a0\u00a0\u00a0\u00a0\u00a0\u00a0\u00a0\u00a0\u00a0\u00a0\u00a0\u00a0\u00a0\u00a0\u00a0\u00a0\u00a0\u00a0\u00a0\u00a0 Ortstaxe Zone 2 EUR 0,50 pro N\u00e4chtigung (Techuana)<br \/>N\u00e4chtigungstaxe EUR 0,70 pro N\u00e4chtigung<br \/>Meldeb\u00fccher (G\u00e4steblattsammlung 100 St\u00fcck) pro Buch EUR 10,00<\/p><p><strong>PAUSCHALIERTE ORTSTAXE\/j\u00e4hrlich<\/strong><br \/>Pauschalierte Ortstaxe bis 60 m\u00b2 EUR 200,00<br \/>60-100 m\u00b2 EUR 300,00<br \/>\u00fcber 100 m\u00b2 EUR 400,00\u00a0<\/p><p><strong>PAUSCHALIERTE N\u00c4CHTIGUNGSTAXE\/j\u00e4hrlich<\/strong><br \/>Pauschalierte Ortstaxe bis 60 m\u00b2 EUR 70,00<br \/>60-100 m\u00b2 EUR 105,00<br \/>\u00fcber 100 m\u00b2 EUR 140,00\u00a0<\/p>\t\t\t\t\t\t\t\t<\/div>\n\t\t\t\t<\/div>\n\t\t\t\t<div class=\"elementor-element elementor-element-de89f9d elementor-widget elementor-widget-text-editor\" data-id=\"de89f9d\" data-element_type=\"widget\" data-e-type=\"widget\" data-widget_type=\"text-editor.default\">\n\t\t\t\t<div class=\"elementor-widget-container\">\n\t\t\t\t\t\t\t\t\t<p><strong>TIERK\u00d6RPERENTSORGUNG<\/strong><br \/>Kategorie 1 (SRM, tote Tiere gem. Kat 1) EUR 1,38 je kg<br \/>Kategorie 2 (Schlachtm\u00fcll mit Weichteilen u. toten Tieren gem. Kat. 2) EUR 1,23 je kg<br \/>Kategorie 3 (Knochen, Rind, Schwein, D\u00e4rme Schwein gewaschen) EUR 1,10 je kg<br \/>(alle Betr\u00e4ge inkl. MWST)<\/p>\t\t\t\t\t\t\t\t<\/div>\n\t\t\t\t<\/div>\n\t\t\t\t<div class=\"elementor-element elementor-element-54d5b28 elementor-widget elementor-widget-text-editor\" data-id=\"54d5b28\" data-element_type=\"widget\" data-e-type=\"widget\" data-widget_type=\"text-editor.default\">\n\t\t\t\t<div class=\"elementor-widget-container\">\n\t\t\t\t\t\t\t\t\t<p><strong>VERGN\u00dcGUNGSSTEUER<\/strong><br><a title=\"Vergn\u00fcgungssteuerverordnung\" href=\"http:\/\/rosegg.gv.at\/sites\/default\/files\/Vergnuegungssteuervo.pdf\" target=\"_blank\" rel=\"noopener\">Anlage zu \u00a7 5 der Vergn\u00fcgungssteuerverordnung des Gemeinderates der Marktgemeinde Rosegg<\/a><\/p>\t\t\t\t\t\t\t\t<\/div>\n\t\t\t\t<\/div>\n\t\t\t\t<div class=\"elementor-element elementor-element-12d832a elementor-widget elementor-widget-menu-anchor\" data-id=\"12d832a\" data-element_type=\"widget\" data-e-type=\"widget\" data-widget_type=\"menu-anchor.default\">\n\t\t\t\t<div class=\"elementor-widget-container\">\n\t\t\t\t\t\t\t<div class=\"elementor-menu-anchor\" id=\"Trinkwasserinformation\"><\/div>\n\t\t\t\t\t\t<\/div>\n\t\t\t\t<\/div>\n\t\t\t\t<div class=\"elementor-element elementor-element-7b0e13e elementor-widget elementor-widget-text-editor\" data-id=\"7b0e13e\" data-element_type=\"widget\" data-e-type=\"widget\" data-widget_type=\"text-editor.default\">\n\t\t\t\t<div class=\"elementor-widget-container\">\n\t\t\t\t\t\t\t\t\t<p><strong>WASSER<\/strong><br \/>Wasseranschlussbeitrag je Bewertungseinheit EUR 2.300,00 inkl. MWST<br \/>Wasserbezugsgeb\u00fchr je m3 EUR 2,04 inkl. MWST<\/p>\t\t\t\t\t\t\t\t<\/div>\n\t\t\t\t<\/div>\n\t\t\t\t<div class=\"elementor-element elementor-element-2a5a9e0 elementor-widget elementor-widget-text-editor\" data-id=\"2a5a9e0\" data-element_type=\"widget\" data-e-type=\"widget\" data-widget_type=\"text-editor.default\">\n\t\t\t\t<div class=\"elementor-widget-container\">\n\t\t\t\t\t\t\t\t\t<p><strong>ZENTRALAMT<\/strong><\/p><p>Heiratsurkunde \u00a0EUR 13,10<br \/>Staatsb\u00fcrgerschaftsnachweis \u00a0EUR 62,00<br \/>Strafregisterauszug EUR 26,00<br \/>Sterbeurkunde \u00a0EUR 13,10<br \/>Meldezettel (mit Adressangabe) EUR 2,10<br \/>Meldezettel (ohne Adressangabe) EUR 23,10<br \/>Fotokopie A 4 schwarz\/wei\u00df EUR 0,05<\/p>\t\t\t\t\t\t\t\t<\/div>\n\t\t\t\t<\/div>\n\t\t\t\t<div class=\"elementor-element elementor-element-b69c51c elementor-widget elementor-widget-text-editor\" data-id=\"b69c51c\" data-element_type=\"widget\" data-e-type=\"widget\" data-widget_type=\"text-editor.default\">\n\t\t\t\t<div class=\"elementor-widget-container\">\n\t\t\t\t\t\t\t\t\t<p><strong>ZWEITWOHNSITZABGABE\/pro Monat<\/strong><\/p><p>Wohnungen mit einer Nutzfl\u00e4che bis 30 m\u00b2 EUR 8,30<br \/>Wohnungen mit einer Nutzfl\u00e4che von mehr als 30 m\u00b2 bis 60 m\u00b2 EUR 16,50<br \/>Wohnungen mit einer Nutzfl\u00e4che von mehr als 60 m\u00b2 bis 90 m\u00b2 EUR 29,50<br \/>Wohnungen mit einer Nutzfl\u00e4che von mehr als 90 m\u00b2 EUR 41,30<\/p><p>Die H\u00f6he der Abgabe verringert sich um jeweils 10 v.H. der festgelegten Abgabenbetr\u00e4ge, wenn die Wohnung \u00fcber keine Zentralheizung, keine elektrische Energieversorgung oder keine Wasserentnahmestelle in der Wohnung verf\u00fcgt.<\/p>\t\t\t\t\t\t\t\t<\/div>\n\t\t\t\t<\/div>\n\t\t\t\t\t<\/div>\n\t\t<\/div>\n\t\t\t\t\t<\/div>\n\t\t<\/section>\n\t\t\t\t<\/div>\n\t\t","protected":false},"excerpt":{"rendered":"<p>Geb\u00fchren \u00dcbersicht \u00fcber Abgaben \u00dcbersicht \u00fcber Abgaben (Beitr\u00e4ge, Steuern, Geb\u00fchren) und privatrechtliche Entgelte der Marktgemeinde Rosegg EINSCHALTUNGSGEB\u00dcHREN-ROSEGGER NACHRICHTENInseratspreise je Ausgabe: Ganze Seite\u00a0EUR 349,20 inkl. 20 % MWST1 \/ 2 Seite\u00a0EUR 218,40 inkl. 20 %\u00a0MWST1 \/ 4 Seite\u00a0EUR 109,20 inkl. 20 % MWST1 \/ 8 Seite\u00a0EUR 54,00 inkl. 20 % MWST Rabattierung: Bei\u00a0drei Einschaltungen pro Kalenderjahr [&hellip;]<\/p>\n","protected":false},"author":1,"featured_media":0,"parent":0,"menu_order":0,"comment_status":"closed","ping_status":"closed","template":"","meta":{"footnotes":""},"class_list":["post-969","page","type-page","status-publish","hentry"],"_links":{"self":[{"href":"https:\/\/rosegg.gv.at\/de_de\/wp-json\/wp\/v2\/pages\/969"}],"collection":[{"href":"https:\/\/rosegg.gv.at\/de_de\/wp-json\/wp\/v2\/pages"}],"about":[{"href":"https:\/\/rosegg.gv.at\/de_de\/wp-json\/wp\/v2\/types\/page"}],"author":[{"embeddable":true,"href":"https:\/\/rosegg.gv.at\/de_de\/wp-json\/wp\/v2\/users\/1"}],"replies":[{"embeddable":true,"href":"https:\/\/rosegg.gv.at\/de_de\/wp-json\/wp\/v2\/comments?post=969"}],"version-history":[{"count":67,"href":"https:\/\/rosegg.gv.at\/de_de\/wp-json\/wp\/v2\/pages\/969\/revisions"}],"predecessor-version":[{"id":2882,"href":"https:\/\/rosegg.gv.at\/de_de\/wp-json\/wp\/v2\/pages\/969\/revisions\/2882"}],"wp:attachment":[{"href":"https:\/\/rosegg.gv.at\/de_de\/wp-json\/wp\/v2\/media?parent=969"}],"curies":[{"name":"wp","href":"https:\/\/api.w.org\/{rel}","templated":true}]}}