{"id":652,"date":"2021-03-09T21:08:08","date_gmt":"2021-03-09T21:08:08","guid":{"rendered":"https:\/\/rosegg.axandu.com\/?page_id=652"},"modified":"2024-09-05T08:00:40","modified_gmt":"2024-09-05T08:00:40","slug":"tourismus","status":"publish","type":"page","link":"https:\/\/rosegg.gv.at\/de_de\/tourismus\/","title":{"rendered":"Tourismus"},"content":{"rendered":"\t\t<div data-elementor-type=\"wp-page\" data-elementor-id=\"652\" class=\"elementor elementor-652\" data-elementor-post-type=\"page\">\n\t\t\t\t\t\t<section class=\"elementor-section elementor-top-section elementor-element elementor-element-d74cc56 elementor-section-height-min-height elementor-section-boxed elementor-section-height-default elementor-section-items-middle\" data-id=\"d74cc56\" data-element_type=\"section\" data-e-type=\"section\" data-settings=\"{&quot;background_background&quot;:&quot;slideshow&quot;,&quot;shape_divider_bottom&quot;:&quot;arrow&quot;,&quot;background_slideshow_gallery&quot;:[{&quot;id&quot;:279,&quot;url&quot;:&quot;https:\\\/\\\/rosegg.axandu.com\\\/wp-content\\\/uploads\\\/2021\\\/03\\\/rosegg028-1-scaled.jpg&quot;},{&quot;id&quot;:288,&quot;url&quot;:&quot;https:\\\/\\\/rosegg.axandu.com\\\/wp-content\\\/uploads\\\/2021\\\/03\\\/Petelin-Winter-scaled.jpg&quot;}],&quot;background_slideshow_ken_burns&quot;:&quot;yes&quot;,&quot;background_slideshow_loop&quot;:&quot;yes&quot;,&quot;background_slideshow_slide_duration&quot;:5000,&quot;background_slideshow_slide_transition&quot;:&quot;fade&quot;,&quot;background_slideshow_transition_duration&quot;:500,&quot;background_slideshow_ken_burns_zoom_direction&quot;:&quot;in&quot;}\">\n\t\t\t\t\t<div class=\"elementor-shape elementor-shape-bottom\" aria-hidden=\"true\" data-negative=\"false\">\n\t\t\t<svg xmlns=\"http:\/\/www.w3.org\/2000\/svg\" viewBox=\"0 0 700 10\" preserveAspectRatio=\"none\">\n\t<path class=\"elementor-shape-fill\" d=\"M350,10L340,0h20L350,10z\"\/>\n<\/svg>\t\t<\/div>\n\t\t\t\t\t<div class=\"elementor-container elementor-column-gap-default\">\n\t\t\t\t\t<div class=\"elementor-column elementor-col-100 elementor-top-column elementor-element elementor-element-470f789c\" data-id=\"470f789c\" data-element_type=\"column\" data-e-type=\"column\">\n\t\t\t<div class=\"elementor-widget-wrap elementor-element-populated\">\n\t\t\t\t\t\t<div class=\"elementor-element elementor-element-5b296de2 elementor-widget elementor-widget-heading\" data-id=\"5b296de2\" data-element_type=\"widget\" data-e-type=\"widget\" data-widget_type=\"heading.default\">\n\t\t\t\t<div class=\"elementor-widget-container\">\n\t\t\t\t\t<h2 class=\"elementor-heading-title elementor-size-large\">Tourismus<\/h2>\t\t\t\t<\/div>\n\t\t\t\t<\/div>\n\t\t\t\t\t<\/div>\n\t\t<\/div>\n\t\t\t\t\t<\/div>\n\t\t<\/section>\n\t\t\t\t<section class=\"elementor-section elementor-top-section elementor-element elementor-element-38c5f120 elementor-section-boxed elementor-section-height-default elementor-section-height-default\" data-id=\"38c5f120\" data-element_type=\"section\" data-e-type=\"section\" data-settings=\"{&quot;background_background&quot;:&quot;classic&quot;}\">\n\t\t\t\t\t\t<div class=\"elementor-container elementor-column-gap-default\">\n\t\t\t\t\t<div class=\"elementor-column elementor-col-100 elementor-top-column elementor-element elementor-element-7ac1c760\" data-id=\"7ac1c760\" data-element_type=\"column\" data-e-type=\"column\">\n\t\t\t<div class=\"elementor-widget-wrap elementor-element-populated\">\n\t\t\t\t\t\t<div class=\"elementor-element elementor-element-191fd33 elementor-widget elementor-widget-heading\" data-id=\"191fd33\" data-element_type=\"widget\" data-e-type=\"widget\" data-widget_type=\"heading.default\">\n\t\t\t\t<div class=\"elementor-widget-container\">\n\t\t\t\t\t<h2 class=\"elementor-heading-title elementor-size-large\">Tourismus in Rosegg<\/h2>\t\t\t\t<\/div>\n\t\t\t\t<\/div>\n\t\t\t\t<div class=\"elementor-element elementor-element-d4283cc elementor-widget elementor-widget-heading\" data-id=\"d4283cc\" data-element_type=\"widget\" data-e-type=\"widget\" data-widget_type=\"heading.default\">\n\t\t\t\t<div class=\"elementor-widget-container\">\n\t\t\t\t\t<h3 class=\"elementor-heading-title elementor-size-large\">Tourismusverband Region Rosental<\/h3>\t\t\t\t<\/div>\n\t\t\t\t<\/div>\n\t\t\t\t<div class=\"elementor-element elementor-element-5e81c9d0 elementor-widget elementor-widget-text-editor\" data-id=\"5e81c9d0\" data-element_type=\"widget\" data-e-type=\"widget\" data-widget_type=\"text-editor.default\">\n\t\t\t\t<div class=\"elementor-widget-container\">\n\t\t\t\t\t\t\t\t\t<p>Seit 01.01.2022 haben sich die sechs Gemeinden Feistritz im Rosental, Ferlach, K\u00f6ttmannsdorf, Ludmannsdorf, Rosegg und St. Jakob im Rosental dem ersten, gemeinde\u00fcbergreifenden Tourismusverband K\u00e4rntens angeschlossen.<\/p>\t\t\t\t\t\t\t\t<\/div>\n\t\t\t\t<\/div>\n\t\t\t\t<div class=\"elementor-element elementor-element-2f7dcc1 elementor-widget elementor-widget-heading\" data-id=\"2f7dcc1\" data-element_type=\"widget\" data-e-type=\"widget\" data-widget_type=\"heading.default\">\n\t\t\t\t<div class=\"elementor-widget-container\">\n\t\t\t\t\t<h3 class=\"elementor-heading-title elementor-size-large\">Ausflugsziele<\/h3>\t\t\t\t<\/div>\n\t\t\t\t<\/div>\n\t\t\t\t<div class=\"elementor-element elementor-element-45c384e elementor-widget elementor-widget-text-editor\" data-id=\"45c384e\" data-element_type=\"widget\" data-e-type=\"widget\" data-widget_type=\"text-editor.default\">\n\t\t\t\t<div class=\"elementor-widget-container\">\n\t\t\t\t\t\t\t\t\t<p>K\u00e4rntenweit bekannt ist Rosegg vor allem f\u00fcr den seit 1970 bestehenden&nbsp;<strong>Tierpark Rosegg<\/strong>&nbsp;. Mit mehr als 75.000 Besuchern im Jahr und freien Eintritt f\u00fcr K\u00e4rnten Card-Besitzer ist der Tierpark eben das meist besuchte &nbsp;touristische Ziel in Rosegg. In Kombination damit besuchen viele auch das <strong>Schloss Rosegg<\/strong>. Zwischen Schloss und Tierpark Rosegg wurde im Juli 2001 das gr\u00f6\u00dfte Gartenlabyrinth \u00d6sterreichs er\u00f6ffnet.<\/p>\n<p>Mehr Infos &#8211;&nbsp;<a title=\"Schloss Tierpark u. Labyrinth\" href=\"http:\/\/www.rosegg.at\/\" target=\"_blank\" rel=\"noopener\">Schloss Rosegg, Tierpark und Labyrinth<\/a><\/p>\n<p>Eine v\u00f6llig neue und mit fast 16.000 Besuchern im Jahr frequentierte Attraktion ist die&nbsp;<strong>Keltenwelt Fr\u00f6g<\/strong>, eine wunderbare Freilichtanlage, die einen schillernden Einblick in die erste Hauptstadt K\u00e4rntens w\u00e4hrend der&nbsp;Hallstattzeit gibt. Mehr Infos &#8211;&nbsp;<a title=\"Keltenwelt\" href=\"http:\/\/www.keltenwelt.at\/\" target=\"_blank\" rel=\"noopener\">Keltenwelt<\/a><\/p>\t\t\t\t\t\t\t\t<\/div>\n\t\t\t\t<\/div>\n\t\t\t\t\t<\/div>\n\t\t<\/div>\n\t\t\t\t\t<\/div>\n\t\t<\/section>\n\t\t\t\t<\/div>\n\t\t","protected":false},"excerpt":{"rendered":"<p>Tourismus Tourismus in Rosegg Tourismusverband Region Rosental Seit 01.01.2022 haben sich die sechs Gemeinden Feistritz im Rosental, Ferlach, K\u00f6ttmannsdorf, Ludmannsdorf, Rosegg und St. Jakob im Rosental dem ersten, gemeinde\u00fcbergreifenden Tourismusverband K\u00e4rntens angeschlossen. Ausflugsziele K\u00e4rntenweit bekannt ist Rosegg vor allem f\u00fcr den seit 1970 bestehenden&nbsp;Tierpark Rosegg&nbsp;. Mit mehr als 75.000 Besuchern im Jahr und freien Eintritt [&hellip;]<\/p>\n","protected":false},"author":1,"featured_media":0,"parent":0,"menu_order":0,"comment_status":"closed","ping_status":"closed","template":"","meta":{"footnotes":""},"class_list":["post-652","page","type-page","status-publish","hentry"],"_links":{"self":[{"href":"https:\/\/rosegg.gv.at\/de_de\/wp-json\/wp\/v2\/pages\/652"}],"collection":[{"href":"https:\/\/rosegg.gv.at\/de_de\/wp-json\/wp\/v2\/pages"}],"about":[{"href":"https:\/\/rosegg.gv.at\/de_de\/wp-json\/wp\/v2\/types\/page"}],"author":[{"embeddable":true,"href":"https:\/\/rosegg.gv.at\/de_de\/wp-json\/wp\/v2\/users\/1"}],"replies":[{"embeddable":true,"href":"https:\/\/rosegg.gv.at\/de_de\/wp-json\/wp\/v2\/comments?post=652"}],"version-history":[{"count":25,"href":"https:\/\/rosegg.gv.at\/de_de\/wp-json\/wp\/v2\/pages\/652\/revisions"}],"predecessor-version":[{"id":2660,"href":"https:\/\/rosegg.gv.at\/de_de\/wp-json\/wp\/v2\/pages\/652\/revisions\/2660"}],"wp:attachment":[{"href":"https:\/\/rosegg.gv.at\/de_de\/wp-json\/wp\/v2\/media?parent=652"}],"curies":[{"name":"wp","href":"https:\/\/api.w.org\/{rel}","templated":true}]}}