{"id":639,"date":"2021-03-09T20:56:15","date_gmt":"2021-03-09T20:56:15","guid":{"rendered":"https:\/\/rosegg.axandu.com\/?page_id=639"},"modified":"2024-09-05T08:35:14","modified_gmt":"2024-09-05T08:35:14","slug":"kultur","status":"publish","type":"page","link":"https:\/\/rosegg.gv.at\/de_de\/kultur\/","title":{"rendered":"Kultur"},"content":{"rendered":"\t\t<div data-elementor-type=\"wp-page\" data-elementor-id=\"639\" class=\"elementor elementor-639\" data-elementor-post-type=\"page\">\n\t\t\t\t\t\t<section class=\"elementor-section elementor-top-section elementor-element elementor-element-3285c1be elementor-section-height-min-height elementor-section-boxed elementor-section-height-default elementor-section-items-middle\" data-id=\"3285c1be\" data-element_type=\"section\" data-e-type=\"section\" data-settings=\"{&quot;background_background&quot;:&quot;slideshow&quot;,&quot;shape_divider_bottom&quot;:&quot;arrow&quot;,&quot;background_slideshow_gallery&quot;:[{&quot;id&quot;:279,&quot;url&quot;:&quot;https:\\\/\\\/rosegg.axandu.com\\\/wp-content\\\/uploads\\\/2021\\\/03\\\/rosegg028-1-scaled.jpg&quot;},{&quot;id&quot;:288,&quot;url&quot;:&quot;https:\\\/\\\/rosegg.axandu.com\\\/wp-content\\\/uploads\\\/2021\\\/03\\\/Petelin-Winter-scaled.jpg&quot;}],&quot;background_slideshow_ken_burns&quot;:&quot;yes&quot;,&quot;background_slideshow_loop&quot;:&quot;yes&quot;,&quot;background_slideshow_slide_duration&quot;:5000,&quot;background_slideshow_slide_transition&quot;:&quot;fade&quot;,&quot;background_slideshow_transition_duration&quot;:500,&quot;background_slideshow_ken_burns_zoom_direction&quot;:&quot;in&quot;}\">\n\t\t\t\t\t<div class=\"elementor-shape elementor-shape-bottom\" aria-hidden=\"true\" data-negative=\"false\">\n\t\t\t<svg xmlns=\"http:\/\/www.w3.org\/2000\/svg\" viewBox=\"0 0 700 10\" preserveAspectRatio=\"none\">\n\t<path class=\"elementor-shape-fill\" d=\"M350,10L340,0h20L350,10z\"\/>\n<\/svg>\t\t<\/div>\n\t\t\t\t\t<div class=\"elementor-container elementor-column-gap-default\">\n\t\t\t\t\t<div class=\"elementor-column elementor-col-100 elementor-top-column elementor-element elementor-element-63ecd424\" data-id=\"63ecd424\" data-element_type=\"column\" data-e-type=\"column\">\n\t\t\t<div class=\"elementor-widget-wrap elementor-element-populated\">\n\t\t\t\t\t\t<div class=\"elementor-element elementor-element-3effc583 elementor-widget elementor-widget-heading\" data-id=\"3effc583\" data-element_type=\"widget\" data-e-type=\"widget\" data-widget_type=\"heading.default\">\n\t\t\t\t<div class=\"elementor-widget-container\">\n\t\t\t\t\t<h2 class=\"elementor-heading-title elementor-size-large\">Kultur<\/h2>\t\t\t\t<\/div>\n\t\t\t\t<\/div>\n\t\t\t\t\t<\/div>\n\t\t<\/div>\n\t\t\t\t\t<\/div>\n\t\t<\/section>\n\t\t\t\t<section class=\"elementor-section elementor-top-section elementor-element elementor-element-3f1eb56c elementor-section-boxed elementor-section-height-default elementor-section-height-default\" data-id=\"3f1eb56c\" data-element_type=\"section\" data-e-type=\"section\" data-settings=\"{&quot;background_background&quot;:&quot;classic&quot;}\">\n\t\t\t\t\t\t<div class=\"elementor-container elementor-column-gap-default\">\n\t\t\t\t\t<div class=\"elementor-column elementor-col-100 elementor-top-column elementor-element elementor-element-4aeaadf3\" data-id=\"4aeaadf3\" data-element_type=\"column\" data-e-type=\"column\">\n\t\t\t<div class=\"elementor-widget-wrap elementor-element-populated\">\n\t\t\t\t\t\t<div class=\"elementor-element elementor-element-6e1309dd elementor-widget elementor-widget-heading\" data-id=\"6e1309dd\" data-element_type=\"widget\" data-e-type=\"widget\" data-widget_type=\"heading.default\">\n\t\t\t\t<div class=\"elementor-widget-container\">\n\t\t\t\t\t<h2 class=\"elementor-heading-title elementor-size-large\">Kulturenvielfalt in Rosegg<\/h2>\t\t\t\t<\/div>\n\t\t\t\t<\/div>\n\t\t\t\t<div class=\"elementor-element elementor-element-3085e8f9 elementor-widget elementor-widget-heading\" data-id=\"3085e8f9\" data-element_type=\"widget\" data-e-type=\"widget\" data-widget_type=\"heading.default\">\n\t\t\t\t<div class=\"elementor-widget-container\">\n\t\t\t\t\t<h3 class=\"elementor-heading-title elementor-size-large\">Galerie \u0160ikoronja<\/h3>\t\t\t\t<\/div>\n\t\t\t\t<\/div>\n\t\t\t\t<div class=\"elementor-element elementor-element-15cf3bf9 elementor-widget elementor-widget-text-editor\" data-id=\"15cf3bf9\" data-element_type=\"widget\" data-e-type=\"widget\" data-widget_type=\"text-editor.default\">\n\t\t\t\t<div class=\"elementor-widget-container\">\n\t\t\t\t\t\t\t\t\t<p>Die Galerie \u0160ikoronja in Rosegg besteht bereits \u00fcber 35 Jahre. Die Galerie ist ein Ort der permanenten kulturellen Gastfreundschaft und Grenz\u00fcberschreitung.<\/p><p>Dieses Haus tr\u00e4gt alles in sich: den Fluss, die Auw\u00e4lder, die Karawanken, die ziehenden Wolken, die Grenzen, die Geschichte, die Wandlungen der Menschen. Alles, was das Haus je ber\u00fchrt hat, ist gespeichert. Seit mehr als drei Jahrzehnten ist das auch vor allem Kunst.<\/p><p>\u00a0<\/p>\t\t\t\t\t\t\t\t<\/div>\n\t\t\t\t<\/div>\n\t\t\t\t<div class=\"elementor-element elementor-element-9f66d50 elementor-widget elementor-widget-button\" data-id=\"9f66d50\" data-element_type=\"widget\" data-e-type=\"widget\" data-widget_type=\"button.default\">\n\t\t\t\t<div class=\"elementor-widget-container\">\n\t\t\t\t\t\t\t\t\t<div class=\"elementor-button-wrapper\">\n\t\t\t\t\t<a class=\"elementor-button elementor-button-link elementor-size-sm\" href=\"https:\/\/www.galerie-sikoronja.at\/\">\n\t\t\t\t\t\t<span class=\"elementor-button-content-wrapper\">\n\t\t\t\t\t\t\t\t\t<span class=\"elementor-button-text\">Zur Homepage<\/span>\n\t\t\t\t\t<\/span>\n\t\t\t\t\t<\/a>\n\t\t\t\t<\/div>\n\t\t\t\t\t\t\t\t<\/div>\n\t\t\t\t<\/div>\n\t\t\t\t<div class=\"elementor-element elementor-element-ab126a0 elementor-widget-divider--view-line elementor-widget elementor-widget-divider\" data-id=\"ab126a0\" data-element_type=\"widget\" data-e-type=\"widget\" data-widget_type=\"divider.default\">\n\t\t\t\t<div class=\"elementor-widget-container\">\n\t\t\t\t\t\t\t<div class=\"elementor-divider\">\n\t\t\t<span class=\"elementor-divider-separator\">\n\t\t\t\t\t\t<\/span>\n\t\t<\/div>\n\t\t\t\t\t\t<\/div>\n\t\t\t\t<\/div>\n\t\t\t\t<div class=\"elementor-element elementor-element-43df0bd elementor-widget elementor-widget-heading\" data-id=\"43df0bd\" data-element_type=\"widget\" data-e-type=\"widget\" data-widget_type=\"heading.default\">\n\t\t\t\t<div class=\"elementor-widget-container\">\n\t\t\t\t\t<h3 class=\"elementor-heading-title elementor-size-large\">zeig.ma.kUNSt<\/h3>\t\t\t\t<\/div>\n\t\t\t\t<\/div>\n\t\t\t\t<div class=\"elementor-element elementor-element-9ea93b1 elementor-widget elementor-widget-text-editor\" data-id=\"9ea93b1\" data-element_type=\"widget\" data-e-type=\"widget\" data-widget_type=\"text-editor.default\">\n\t\t\t\t<div class=\"elementor-widget-container\">\n\t\t\t\t\t\t\t\t\t<p>Von 01. bis 31. August 2011 fand die Ausstellung der in der Sommer-Malschule mit dem K\u00fcnstler G\u00fcnther Schifko entstandenen Bilder statt. Die Bilder konnten w\u00e4hrend der \u00d6ffnungszeiten im Marktgemeindeamt Rosegg besichtigt werden.<\/p>\t\t\t\t\t\t\t\t<\/div>\n\t\t\t\t<\/div>\n\t\t\t\t<div class=\"elementor-element elementor-element-f664399 elementor-widget elementor-widget-toggle\" data-id=\"f664399\" data-element_type=\"widget\" data-e-type=\"widget\" data-widget_type=\"toggle.default\">\n\t\t\t\t<div class=\"elementor-widget-container\">\n\t\t\t\t\t\t\t<div class=\"elementor-toggle\">\n\t\t\t\t\t\t\t<div class=\"elementor-toggle-item\">\n\t\t\t\t\t<div id=\"elementor-tab-title-2581\" class=\"elementor-tab-title\" data-tab=\"1\" role=\"button\" aria-controls=\"elementor-tab-content-2581\" aria-expanded=\"false\">\n\t\t\t\t\t\t\t\t\t\t\t\t<span class=\"elementor-toggle-icon elementor-toggle-icon-left\" aria-hidden=\"true\">\n\t\t\t\t\t\t\t\t\t\t\t\t\t\t\t<span class=\"elementor-toggle-icon-closed\"><i class=\"fas fa-caret-right\"><\/i><\/span>\n\t\t\t\t\t\t\t\t<span class=\"elementor-toggle-icon-opened\"><i class=\"elementor-toggle-icon-opened fas fa-caret-up\"><\/i><\/span>\n\t\t\t\t\t\t\t\t\t\t\t\t\t<\/span>\n\t\t\t\t\t\t\t\t\t\t\t\t<a class=\"elementor-toggle-title\" tabindex=\"0\">Mehr Informationen \u00fcber zeig.ma.kUNSt<\/a>\n\t\t\t\t\t<\/div>\n\n\t\t\t\t\t<div id=\"elementor-tab-content-2581\" class=\"elementor-tab-content elementor-clearfix\" data-tab=\"1\" role=\"region\" aria-labelledby=\"elementor-tab-title-2581\"><div class=\"kunst\"><p>Von 03. Feber 2011 bis 31. M\u00e4rz 2011 \u00a0fand die Ausstellung der in der\u00a0<strong>Malschule mit dem K\u00fcnstler G\u00fcnter Schifko<\/strong>\u00a0entstandenen Bilder statt.\u00a0Die Bilder konnten w\u00e4hrend der \u00d6ffnungszeiten im Marktgemeindeamt Rosegg besichtigt werden.<\/p><p>Die Pr\u00e4sentation der entstandenen Bilder aus der Malschule mit G\u00fcnter Schifko im Jahr 2011, fand am 24. Feber 2011 von 15:00 Uhr bis 16:00 Uhr im Marktgemeindeamt Rosegg statt.<\/p><p>Die Malschule Rosegg mit G\u00fcnter Schiffko, hat sich mittlerweile\u00a0als fixer Termin f\u00fcr kreative Rosegger Gemeindeb\u00fcrger\/Innen etabliert und wird bereits seit dem Jahr 1999 in Rosegg abgehalten.<\/p><p>Ein bis zweimal im Jahr kommt der K\u00fcnstler Schifko nach Rosegg und gibt wertvolle Tipps und Tricks seiner Malerei preis.\u00a0Er f\u00fchrt die Teilnehmer in neue Maltechniken ein, oder er hilft dabei bereits erworbene Kenntnisse wieder aufzufrischen.<\/p><p>Die Malschule dauerte 6 Tage und war mit maximal 8 Teilnehmern pro Tag begrenzt. Es sind Bilder von Landschaften u. St\u00e4dten, Blumen, Moderne und Aktbilder entstanden.<\/p><p>K\u00fcnstlerische Leitung der Malschule: G\u00fcnter Schifko<br \/>Organisation: Ulrike Kirchenmeier, Inselweg 9, 9232 Duel<br \/>Info &amp; Kontakt: Fr. Ulrike Kirchenmeier, Tel.: 04274\/50539<\/p><p>Es kann jedermann an dem Malkurs teilnehmen und auch neue Teilnehmer sind herzlich willkommen!<\/p><p><strong>Teilnehmer der Malschule 2011: 20 Personen aus Rosegg und Umgebung<\/strong><br \/>Brigitte Likar, Annemarie Ruppnig, Renate G\u00f6tz, Brigitte Fugger, Ulrike Kirchmeier, Rosalia Zettel, Alois Simtschitsch, Karl Kopeinig, Robert Hanze, Rosalia Troller, Josefine Seidl, Franz K\u00f6nig, Elvira Mikula, Josefine Bartl, Hermine Reiner, Sunny Kowatsch, Kerstin Jerotschitsch, Laura del negro, Werner Smretschnig, Maria Schober<\/p><\/div><hr \/><div class=\"kunst\"><p>Von 05. bis 31. J\u00e4nner 2011 fand im Marktgemeindeamt Rosegg die Ausstellung st\u012bll, mit Weidenskulpturen, Texte und Bilder von Claudia Samitz, statt.<br \/>Kontakt: e-Mail:\u00a0<a href=\"mailto:c.z-samitz@gmx.at\">c.z-samitz@gmx.at<\/a><\/p><p>Sollten Sie als Rosegger Gemeindeb\u00fcrgerIn Interesse haben, die R\u00e4umlichkeiten des Gemeindeamtes zu nutzen, um ihrer Kreativit\u00e4t Ausdruck zu verleihen und Ihre Werke (Bilder, Skulpturen, Fotos, &#8230;) der \u00d6ffentlichkeit zu pr\u00e4sentieren, dann melden Sie sich im Marktgemeindeamt (Tel. Nr.: 04274\/2712) oder per E-mail:\u00a0<a href=\"mailto:rosegg@ktn.gde.at\">rosegg@ktn.gde.at<\/a>.<\/p><\/div><\/div>\n\t\t\t\t<\/div>\n\t\t\t\t\t\t\t\t<\/div>\n\t\t\t\t\t\t<\/div>\n\t\t\t\t<\/div>\n\t\t\t\t\t<\/div>\n\t\t<\/div>\n\t\t\t\t\t<\/div>\n\t\t<\/section>\n\t\t\t\t<\/div>\n\t\t","protected":false},"excerpt":{"rendered":"<p>Kultur Kulturenvielfalt in Rosegg Galerie \u0160ikoronja Die Galerie \u0160ikoronja in Rosegg besteht bereits \u00fcber 35 Jahre. Die Galerie ist ein Ort der permanenten kulturellen Gastfreundschaft und Grenz\u00fcberschreitung. Dieses Haus tr\u00e4gt alles in sich: den Fluss, die Auw\u00e4lder, die Karawanken, die ziehenden Wolken, die Grenzen, die Geschichte, die Wandlungen der Menschen. Alles, was das Haus je [&hellip;]<\/p>\n","protected":false},"author":1,"featured_media":0,"parent":0,"menu_order":0,"comment_status":"closed","ping_status":"closed","template":"","meta":{"footnotes":""},"class_list":["post-639","page","type-page","status-publish","hentry"],"_links":{"self":[{"href":"https:\/\/rosegg.gv.at\/de_de\/wp-json\/wp\/v2\/pages\/639"}],"collection":[{"href":"https:\/\/rosegg.gv.at\/de_de\/wp-json\/wp\/v2\/pages"}],"about":[{"href":"https:\/\/rosegg.gv.at\/de_de\/wp-json\/wp\/v2\/types\/page"}],"author":[{"embeddable":true,"href":"https:\/\/rosegg.gv.at\/de_de\/wp-json\/wp\/v2\/users\/1"}],"replies":[{"embeddable":true,"href":"https:\/\/rosegg.gv.at\/de_de\/wp-json\/wp\/v2\/comments?post=639"}],"version-history":[{"count":37,"href":"https:\/\/rosegg.gv.at\/de_de\/wp-json\/wp\/v2\/pages\/639\/revisions"}],"predecessor-version":[{"id":2672,"href":"https:\/\/rosegg.gv.at\/de_de\/wp-json\/wp\/v2\/pages\/639\/revisions\/2672"}],"wp:attachment":[{"href":"https:\/\/rosegg.gv.at\/de_de\/wp-json\/wp\/v2\/media?parent=639"}],"curies":[{"name":"wp","href":"https:\/\/api.w.org\/{rel}","templated":true}]}}