{"id":1234,"date":"2021-03-29T10:04:25","date_gmt":"2021-03-29T10:04:25","guid":{"rendered":"https:\/\/rosegg.axandu.com\/?page_id=1234"},"modified":"2024-07-25T06:36:00","modified_gmt":"2024-07-25T06:36:00","slug":"zahlen-und-fakten","status":"publish","type":"page","link":"https:\/\/rosegg.gv.at\/de_de\/zahlen-und-fakten\/","title":{"rendered":"Zahlen und Fakten"},"content":{"rendered":"\t\t<div data-elementor-type=\"wp-page\" data-elementor-id=\"1234\" class=\"elementor elementor-1234\" data-elementor-post-type=\"page\">\n\t\t\t\t\t\t<section class=\"elementor-section elementor-top-section elementor-element elementor-element-7f665022 elementor-section-height-min-height elementor-section-boxed elementor-section-height-default elementor-section-items-middle\" data-id=\"7f665022\" data-element_type=\"section\" data-e-type=\"section\" data-settings=\"{&quot;background_background&quot;:&quot;slideshow&quot;,&quot;shape_divider_bottom&quot;:&quot;arrow&quot;,&quot;background_slideshow_gallery&quot;:[{&quot;id&quot;:279,&quot;url&quot;:&quot;https:\\\/\\\/rosegg.axandu.com\\\/wp-content\\\/uploads\\\/2021\\\/03\\\/rosegg028-1-scaled.jpg&quot;},{&quot;id&quot;:286,&quot;url&quot;:&quot;https:\\\/\\\/rosegg.axandu.com\\\/wp-content\\\/uploads\\\/2021\\\/03\\\/20180911_085226-scaled.jpg&quot;},{&quot;id&quot;:288,&quot;url&quot;:&quot;https:\\\/\\\/rosegg.axandu.com\\\/wp-content\\\/uploads\\\/2021\\\/03\\\/Petelin-Winter-scaled.jpg&quot;}],&quot;background_slideshow_ken_burns&quot;:&quot;yes&quot;,&quot;background_slideshow_loop&quot;:&quot;yes&quot;,&quot;background_slideshow_slide_duration&quot;:5000,&quot;background_slideshow_slide_transition&quot;:&quot;fade&quot;,&quot;background_slideshow_transition_duration&quot;:500,&quot;background_slideshow_ken_burns_zoom_direction&quot;:&quot;in&quot;}\">\n\t\t\t\t\t<div class=\"elementor-shape elementor-shape-bottom\" aria-hidden=\"true\" data-negative=\"false\">\n\t\t\t<svg xmlns=\"http:\/\/www.w3.org\/2000\/svg\" viewBox=\"0 0 700 10\" preserveAspectRatio=\"none\">\n\t<path class=\"elementor-shape-fill\" d=\"M350,10L340,0h20L350,10z\"\/>\n<\/svg>\t\t<\/div>\n\t\t\t\t\t<div class=\"elementor-container elementor-column-gap-default\">\n\t\t\t\t\t<div class=\"elementor-column elementor-col-100 elementor-top-column elementor-element elementor-element-29d8f021\" data-id=\"29d8f021\" data-element_type=\"column\" data-e-type=\"column\">\n\t\t\t<div class=\"elementor-widget-wrap elementor-element-populated\">\n\t\t\t\t\t\t<div class=\"elementor-element elementor-element-60189449 elementor-widget elementor-widget-heading\" data-id=\"60189449\" data-element_type=\"widget\" data-e-type=\"widget\" data-widget_type=\"heading.default\">\n\t\t\t\t<div class=\"elementor-widget-container\">\n\t\t\t\t\t<h2 class=\"elementor-heading-title elementor-size-large\">Zahlen und Fakten<\/h2>\t\t\t\t<\/div>\n\t\t\t\t<\/div>\n\t\t\t\t\t<\/div>\n\t\t<\/div>\n\t\t\t\t\t<\/div>\n\t\t<\/section>\n\t\t\t\t<section class=\"elementor-section elementor-top-section elementor-element elementor-element-2ca7f750 elementor-section-boxed elementor-section-height-default elementor-section-height-default\" data-id=\"2ca7f750\" data-element_type=\"section\" data-e-type=\"section\" data-settings=\"{&quot;background_background&quot;:&quot;classic&quot;}\">\n\t\t\t\t\t\t<div class=\"elementor-container elementor-column-gap-default\">\n\t\t\t\t\t<div class=\"elementor-column elementor-col-100 elementor-top-column elementor-element elementor-element-304895\" data-id=\"304895\" data-element_type=\"column\" data-e-type=\"column\">\n\t\t\t<div class=\"elementor-widget-wrap elementor-element-populated\">\n\t\t\t\t\t\t<div class=\"elementor-element elementor-element-325b1f5a elementor-widget elementor-widget-heading\" data-id=\"325b1f5a\" data-element_type=\"widget\" data-e-type=\"widget\" data-widget_type=\"heading.default\">\n\t\t\t\t<div class=\"elementor-widget-container\">\n\t\t\t\t\t<h2 class=\"elementor-heading-title elementor-size-large\">Einige Zahlen und Fakten zur Marktgemeinde Rosegg<\/h2>\t\t\t\t<\/div>\n\t\t\t\t<\/div>\n\t\t\t\t<section class=\"elementor-section elementor-inner-section elementor-element elementor-element-2d01c96 elementor-section-boxed elementor-section-height-default elementor-section-height-default\" data-id=\"2d01c96\" data-element_type=\"section\" data-e-type=\"section\">\n\t\t\t\t\t\t<div class=\"elementor-container elementor-column-gap-default\">\n\t\t\t\t\t<div class=\"elementor-column elementor-col-25 elementor-inner-column elementor-element elementor-element-a891d44\" data-id=\"a891d44\" data-element_type=\"column\" data-e-type=\"column\">\n\t\t\t<div class=\"elementor-widget-wrap elementor-element-populated\">\n\t\t\t\t\t\t<div class=\"elementor-element elementor-element-ecdb94c elementor-widget elementor-widget-counter\" data-id=\"ecdb94c\" data-element_type=\"widget\" data-e-type=\"widget\" data-widget_type=\"counter.default\">\n\t\t\t\t<div class=\"elementor-widget-container\">\n\t\t\t\t\t\t\t<div class=\"elementor-counter\">\n\t\t\t<div class=\"elementor-counter-title\">Einwohner<\/div>\t\t\t<div class=\"elementor-counter-number-wrapper\">\n\t\t\t\t<span class=\"elementor-counter-number-prefix\"><\/span>\n\t\t\t\t<span class=\"elementor-counter-number\" data-duration=\"2000\" data-to-value=\"1918\" data-from-value=\"0\" data-delimiter=\".\">0<\/span>\n\t\t\t\t<span class=\"elementor-counter-number-suffix\"><\/span>\n\t\t\t<\/div>\n\t\t<\/div>\n\t\t\t\t\t\t<\/div>\n\t\t\t\t<\/div>\n\t\t\t\t\t<\/div>\n\t\t<\/div>\n\t\t\t\t<div class=\"elementor-column elementor-col-25 elementor-inner-column elementor-element elementor-element-8f14b61\" data-id=\"8f14b61\" data-element_type=\"column\" data-e-type=\"column\">\n\t\t\t<div class=\"elementor-widget-wrap elementor-element-populated\">\n\t\t\t\t\t\t<div class=\"elementor-element elementor-element-ef1f9e8 elementor-widget elementor-widget-counter\" data-id=\"ef1f9e8\" data-element_type=\"widget\" data-e-type=\"widget\" data-widget_type=\"counter.default\">\n\t\t\t\t<div class=\"elementor-widget-container\">\n\t\t\t\t\t\t\t<div class=\"elementor-counter\">\n\t\t\t<div class=\"elementor-counter-title\">H\u00f6he (m \u00fc. A.)<\/div>\t\t\t<div class=\"elementor-counter-number-wrapper\">\n\t\t\t\t<span class=\"elementor-counter-number-prefix\"><\/span>\n\t\t\t\t<span class=\"elementor-counter-number\" data-duration=\"2000\" data-to-value=\"477\" data-from-value=\"0\" data-delimiter=\",\">0<\/span>\n\t\t\t\t<span class=\"elementor-counter-number-suffix\"><\/span>\n\t\t\t<\/div>\n\t\t<\/div>\n\t\t\t\t\t\t<\/div>\n\t\t\t\t<\/div>\n\t\t\t\t\t<\/div>\n\t\t<\/div>\n\t\t\t\t<div class=\"elementor-column elementor-col-25 elementor-inner-column elementor-element elementor-element-c9c9f12\" data-id=\"c9c9f12\" data-element_type=\"column\" data-e-type=\"column\">\n\t\t\t<div class=\"elementor-widget-wrap elementor-element-populated\">\n\t\t\t\t\t\t<div class=\"elementor-element elementor-element-62ef88b elementor-widget elementor-widget-counter\" data-id=\"62ef88b\" data-element_type=\"widget\" data-e-type=\"widget\" data-widget_type=\"counter.default\">\n\t\t\t\t<div class=\"elementor-widget-container\">\n\t\t\t\t\t\t\t<div class=\"elementor-counter\">\n\t\t\t<div class=\"elementor-counter-title\">Bev\u00f6lkerungsdichte (pro km\u00b2)<\/div>\t\t\t<div class=\"elementor-counter-number-wrapper\">\n\t\t\t\t<span class=\"elementor-counter-number-prefix\"><\/span>\n\t\t\t\t<span class=\"elementor-counter-number\" data-duration=\"2000\" data-to-value=\"95\" data-from-value=\"0\" data-delimiter=\",\">0<\/span>\n\t\t\t\t<span class=\"elementor-counter-number-suffix\"><\/span>\n\t\t\t<\/div>\n\t\t<\/div>\n\t\t\t\t\t\t<\/div>\n\t\t\t\t<\/div>\n\t\t\t\t\t<\/div>\n\t\t<\/div>\n\t\t\t\t<div class=\"elementor-column elementor-col-25 elementor-inner-column elementor-element elementor-element-34384b6\" data-id=\"34384b6\" data-element_type=\"column\" data-e-type=\"column\">\n\t\t\t<div class=\"elementor-widget-wrap elementor-element-populated\">\n\t\t\t\t\t\t<div class=\"elementor-element elementor-element-49ce6df elementor-widget elementor-widget-counter\" data-id=\"49ce6df\" data-element_type=\"widget\" data-e-type=\"widget\" data-widget_type=\"counter.default\">\n\t\t\t\t<div class=\"elementor-widget-container\">\n\t\t\t\t\t\t\t<div class=\"elementor-counter\">\n\t\t\t<div class=\"elementor-counter-title\">Fl\u00e4che (km\u00b2)<\/div>\t\t\t<div class=\"elementor-counter-number-wrapper\">\n\t\t\t\t<span class=\"elementor-counter-number-prefix\"><\/span>\n\t\t\t\t<span class=\"elementor-counter-number\" data-duration=\"2000\" data-to-value=\"20\" data-from-value=\"0\" data-delimiter=\",\">0<\/span>\n\t\t\t\t<span class=\"elementor-counter-number-suffix\"><\/span>\n\t\t\t<\/div>\n\t\t<\/div>\n\t\t\t\t\t\t<\/div>\n\t\t\t\t<\/div>\n\t\t\t\t\t<\/div>\n\t\t<\/div>\n\t\t\t\t\t<\/div>\n\t\t<\/section>\n\t\t\t\t<div class=\"elementor-element elementor-element-1cc772d2 elementor-widget-divider--view-line elementor-widget elementor-widget-divider\" data-id=\"1cc772d2\" data-element_type=\"widget\" data-e-type=\"widget\" data-widget_type=\"divider.default\">\n\t\t\t\t<div class=\"elementor-widget-container\">\n\t\t\t\t\t\t\t<div class=\"elementor-divider\">\n\t\t\t<span class=\"elementor-divider-separator\">\n\t\t\t\t\t\t<\/span>\n\t\t<\/div>\n\t\t\t\t\t\t<\/div>\n\t\t\t\t<\/div>\n\t\t\t\t<div class=\"elementor-element elementor-element-cba14ae elementor-widget elementor-widget-toggle\" data-id=\"cba14ae\" data-element_type=\"widget\" data-e-type=\"widget\" data-widget_type=\"toggle.default\">\n\t\t\t\t<div class=\"elementor-widget-container\">\n\t\t\t\t\t\t\t<div class=\"elementor-toggle\">\n\t\t\t\t\t\t\t<div class=\"elementor-toggle-item\">\n\t\t\t\t\t<div id=\"elementor-tab-title-2131\" class=\"elementor-tab-title\" data-tab=\"1\" role=\"button\" aria-controls=\"elementor-tab-content-2131\" aria-expanded=\"false\">\n\t\t\t\t\t\t\t\t\t\t\t\t<span class=\"elementor-toggle-icon elementor-toggle-icon-left\" aria-hidden=\"true\">\n\t\t\t\t\t\t\t\t\t\t\t\t\t\t\t<span class=\"elementor-toggle-icon-closed\"><i class=\"fas fa-caret-right\"><\/i><\/span>\n\t\t\t\t\t\t\t\t<span class=\"elementor-toggle-icon-opened\"><i class=\"elementor-toggle-icon-opened fas fa-caret-up\"><\/i><\/span>\n\t\t\t\t\t\t\t\t\t\t\t\t\t<\/span>\n\t\t\t\t\t\t\t\t\t\t\t\t<a class=\"elementor-toggle-title\" tabindex=\"0\">Lage & Anreise<\/a>\n\t\t\t\t\t<\/div>\n\n\t\t\t\t\t<div id=\"elementor-tab-content-2131\" class=\"elementor-tab-content elementor-clearfix\" data-tab=\"1\" role=\"region\" aria-labelledby=\"elementor-tab-title-2131\"><p><strong>Marktgemeinde Rosegg<br><\/strong>Schlossallee 2<br>9232 Rosegg<\/p>\n<p>A2 S\u00fcdautobahn, Abfahrt Velden West, Wegweiser ca. 5 km nach Rosegg folgen oder A10 Tauernautobahn bis zum Knoten Villach, danach auf die A11 Karawankenautobahn, nach ca. 4 km Ausfahrt St.Niklas.<br>Beschilderung links nach Rosegg ca. 6 km folgen. <\/p><\/div>\n\t\t\t\t<\/div>\n\t\t\t\t\t\t\t<div class=\"elementor-toggle-item\">\n\t\t\t\t\t<div id=\"elementor-tab-title-2132\" class=\"elementor-tab-title\" data-tab=\"2\" role=\"button\" aria-controls=\"elementor-tab-content-2132\" aria-expanded=\"false\">\n\t\t\t\t\t\t\t\t\t\t\t\t<span class=\"elementor-toggle-icon elementor-toggle-icon-left\" aria-hidden=\"true\">\n\t\t\t\t\t\t\t\t\t\t\t\t\t\t\t<span class=\"elementor-toggle-icon-closed\"><i class=\"fas fa-caret-right\"><\/i><\/span>\n\t\t\t\t\t\t\t\t<span class=\"elementor-toggle-icon-opened\"><i class=\"elementor-toggle-icon-opened fas fa-caret-up\"><\/i><\/span>\n\t\t\t\t\t\t\t\t\t\t\t\t\t<\/span>\n\t\t\t\t\t\t\t\t\t\t\t\t<a class=\"elementor-toggle-title\" tabindex=\"0\">Geschichte<\/a>\n\t\t\t\t\t<\/div>\n\n\t\t\t\t\t<div id=\"elementor-tab-content-2132\" class=\"elementor-tab-content elementor-clearfix\" data-tab=\"2\" role=\"region\" aria-labelledby=\"elementor-tab-title-2132\"><ul>\n<li><strong>875&nbsp;<\/strong>Bischof Arnold von Freising tauscht eine Bauernhube in Rosegg (in loco, qui dicitur Rase) gegen eine andere in Werida (Maria W\u00f6rth).<\/li>\n<li><strong>1106<\/strong>&nbsp;Patriarch Ulrich I., von Aquilea schenkt die Pfarre Ras dem Chorherrnkapitel von Eberndorf (1. urkundliche Erw\u00e4hnung).<\/li>\n<li><strong>1171<\/strong>&nbsp;Rudolf von Ras nennt sich nach seiner auf dem heutigen Burgberg neu erbauten Burg &#8222;Rudolf de Rasek&#8220;. Rudolf II. von Ras nimmt am Friesacher Turnier teil.<\/li>\n<li><strong>1255<\/strong>&nbsp;Rudolf von Ras okkupiert Federaun und wird von Bischof Heinrich I. gefangen genommen.<\/li>\n<li><strong>1298<\/strong>&nbsp;Die Herren von Ras-Rosegg vergleichen sich mit den Bamberger Bisch\u00f6fen.<\/li>\n<li><strong>1315<\/strong>&nbsp;Die Hauptlinie der Raser stirbt aus.<\/li>\n<li><strong>1320<\/strong>&nbsp;Peter von Liebenberg erwirbt die Besitzungen der Raser.<\/li>\n<li><strong>1335<\/strong>&nbsp;Durch politische und strategische Schachz\u00fcge verliert Peter von Liebenberg die Herrschaft Rosegg an die Herren von Wallsee und Pettau.<\/li>\n<li><strong>1438<\/strong>&nbsp;Anna Gr\u00e4fin von Schaunburg erbt nach ihrem Bruder Eberhard von Pettau die Herrschaft Rosegg.<\/li>\n<li><strong>1478<\/strong>&nbsp;Die T\u00fcrken \u00fcberfallen das Rosental. Tausende Menschen werden verschleppt; zwischen Rosegg und M\u00f6chling bleiben, laut dem Chronisten Jakob Unrest, nur wenige Geh\u00f6fte verschont.<\/li>\n<li><strong>1514<\/strong>&nbsp;Caspar von Perkheim kauft die Rosegger Besitzungen. Nach dem Testament der Br\u00fcder Wolf und J\u00f6rg von Perkheim (1543) f\u00e4llt die Herrschaft Rosegg.<\/li>\n<li><strong>1566<\/strong>&nbsp;durch die Verehelichung der letzten Perkheim (Erbin) mit Georg Achaz von Losenstein an die Losensteiner.<\/li>\n<li><strong>1605<\/strong>&nbsp;Hans Rudolf von Raitenau, der j\u00fcngste Bruder des Salzburger Erzbischofs Wolf Dietrich, kauft die Herrschaft Rosegg.<\/li>\n<li><strong>1671<\/strong>&nbsp;Der letzte Raitenauer, Rudolf Hannibal von Raitenau, stirbt 1671 kinderlos auf Rosegg. Eine Nichte, die mit Adam Seyfried von Aichelburg verheiratet ist, erbt den Besitz.<\/li>\n<li><strong>1686<\/strong>&nbsp;Finanzielle Schwierigkeiten, ausgel\u00f6st durch einen Brand auf der Burg, zwingen die Familie Aichelburg zum Verkauf an Georg Niclas Graf von Orsini und Rosenberg.<\/li>\n<li><strong>1772<\/strong>&nbsp;Franz Xaver Wolf von Orsini-Rosenberg beginnt mit dem Bau eines Schlosses im Talgrund.<\/li>\n<li><strong>1776<\/strong>&nbsp;Bei St. Michel wird eine Br\u00fccke \u00fcber die Drau geschlagen.<\/li>\n<li><strong>1813<\/strong>&nbsp;Die Franzosen werden aus Rosegg vertrieben. Bei den K\u00e4mpfen wird der Gro\u00dfteil des Ortes und auch die Pfarrkirche zerst\u00f6rt.<\/li>\n<li><strong>1829<\/strong>&nbsp;Peter Ritter von Bohr ersteigert die Herrschaft Rosegg von den Orsini-Rosenberg.<\/li>\n<li><strong>1831&nbsp;<\/strong>F\u00fcrst Johann von Liechtenstein erwirbt die Herrschaft von Rosegg.<\/li>\n<li><strong>1848&nbsp;<\/strong>Die Grundherrschaft und die Untert\u00e4nigkeit werden aufgehoben. Der Bauer wird nun zum tats\u00e4chlichen Eigent\u00fcmer seines Besitzes.<\/li>\n<li><strong>1849\/1850<\/strong>&nbsp;Rosegg wird zur selbst\u00e4ndigen Gemeinde. Die Gemeinde umfasst das Gebiet des alten Landgerichts Rosegg, das von Maria Elend bis zum Faaker See reichte. Der erste frei gew\u00e4hlte B\u00fcrgermeister, Anton Bernold, tritt sein Amt an.<\/li>\n<li><strong>1888<\/strong>&nbsp;Die heutige Ortsgemeinde St. Jakob wird von Rosegg abgetrennt.<\/li>\n<li><strong>1911<\/strong>&nbsp;Ledenitzen wird von Rosegg abgetrennt.<\/li>\n<li><strong>1918\/1919<\/strong>&nbsp;Rosegg wird zum Schauplatz des Abwehrkampfes. Die Draubr\u00fccke wird hei\u00df umk\u00e4mpft.<\/li>\n<li><strong>1930<\/strong>&nbsp;In W\u00fcrdigung der Verdienste um den Abwehrkampf wird Rosegg zur Marktgemeinde erhoben.<\/li>\n<li><strong>1933<\/strong>&nbsp;Die Marktgemeinde erh\u00e4lt ein Wappen. Es ist ein redendes Wappen, das die Rose der Familie Orsini-Rosenberg in einem Dreieck darstellt.<\/li>\n<li><strong>1963<\/strong>&nbsp;Spatenstich f\u00fcr die neue Draubr\u00fccke.<\/li>\n<li><strong>1965<\/strong>&nbsp;Am 2. September wird die alte Draubr\u00fccke vom Hochwasser weggerissen. Daher wird vorzeitig die neue, noch nicht ganz fertig gestellte Betonbr\u00fccke in Betrieb genommen.<\/li>\n<li><strong>1969<\/strong>&nbsp;Spatenstich f\u00fcr das Kraftwerk Rosegg.<\/li>\n<li><strong>1974<\/strong>&nbsp;Inbetriebnahme des Kraftwerks.<\/li>\n<li><strong>1993<\/strong> Er\u00f6ffnung der neuen Volksschule<br><\/li>\n<li><strong>1996<\/strong>&nbsp;Umzug der Gemeindeverwaltung in die renovierte alte Volksschule.<\/li>\n<li><strong>2002<\/strong>&nbsp;Er\u00f6ffnung des Urgeschichtszentrums Fr\u00f6g\/Breg bei Rosegg, das hallstattzeitliche H\u00fcgelgr\u00e4berfeld wird der \u00d6ffentlichkeit erschlossen.<\/li>\n<li><strong>2005<\/strong>&nbsp;Die Keltenwelt Fr\u00f6g\/Breg wird weiter ausgebaut, eine Tourismusbeschilderung im Ortsgebiet entsteht.<\/li>\n<\/ul><\/div>\n\t\t\t\t<\/div>\n\t\t\t\t\t\t\t<div class=\"elementor-toggle-item\">\n\t\t\t\t\t<div id=\"elementor-tab-title-2133\" class=\"elementor-tab-title\" data-tab=\"3\" role=\"button\" aria-controls=\"elementor-tab-content-2133\" aria-expanded=\"false\">\n\t\t\t\t\t\t\t\t\t\t\t\t<span class=\"elementor-toggle-icon elementor-toggle-icon-left\" aria-hidden=\"true\">\n\t\t\t\t\t\t\t\t\t\t\t\t\t\t\t<span class=\"elementor-toggle-icon-closed\"><i class=\"fas fa-caret-right\"><\/i><\/span>\n\t\t\t\t\t\t\t\t<span class=\"elementor-toggle-icon-opened\"><i class=\"elementor-toggle-icon-opened fas fa-caret-up\"><\/i><\/span>\n\t\t\t\t\t\t\t\t\t\t\t\t\t<\/span>\n\t\t\t\t\t\t\t\t\t\t\t\t<a class=\"elementor-toggle-title\" tabindex=\"0\">Partnergemeinden<\/a>\n\t\t\t\t\t<\/div>\n\n\t\t\t\t\t<div id=\"elementor-tab-content-2133\" class=\"elementor-tab-content elementor-clearfix\" data-tab=\"3\" role=\"region\" aria-labelledby=\"elementor-tab-title-2133\"><p><strong>Osoppo<br \/><\/strong>Piazza Napoleone 6, 33010 Osoppo, ITALIEN,<br \/><a title=\"commune osoppo\" href=\"http:\/\/www.comune.osoppo.ud.it\/\" target=\"_blank\" rel=\"noopener\">website<\/a><br \/><strong><br \/>Lauco<br \/><\/strong>Piazza Municipo 104, 33029 Lauco, ITALIEN<br \/><strong><br \/>Zuglio<br \/><\/strong>Via Giulio Cesare 1, 33020 Zuglio, ITALIEN,<br \/><a title=\"commune zuglio\" href=\"http:\/\/www.comune.zuglio.ud.it\/\" target=\"_blank\" rel=\"noopener\">website<\/a><br \/><strong><br \/>Bohinj<br \/><\/strong>Triglavska cesta 35, 4264 Bohinjska Bistrica, SLOWENIEN,<br \/><a title=\"obcina bohinj\" href=\"http:\/\/obcina.bohinj.si\/\" target=\"_blank\" rel=\"noopener\">website<\/a><\/p><\/div>\n\t\t\t\t<\/div>\n\t\t\t\t\t\t\t\t<\/div>\n\t\t\t\t\t\t<\/div>\n\t\t\t\t<\/div>\n\t\t\t\t\t<\/div>\n\t\t<\/div>\n\t\t\t\t\t<\/div>\n\t\t<\/section>\n\t\t\t\t<\/div>\n\t\t","protected":false},"excerpt":{"rendered":"<p>Zahlen und Fakten Einige Zahlen und Fakten zur Marktgemeinde Rosegg Einwohner 0 H\u00f6he (m \u00fc. A.) 0 Bev\u00f6lkerungsdichte (pro km\u00b2) 0 Fl\u00e4che (km\u00b2) 0 Lage &#038; Anreise Marktgemeinde RoseggSchlossallee 29232 Rosegg A2 S\u00fcdautobahn, Abfahrt Velden West, Wegweiser ca. 5 km nach Rosegg folgen oder A10 Tauernautobahn bis zum Knoten Villach, danach auf die A11 Karawankenautobahn, [&hellip;]<\/p>\n","protected":false},"author":1,"featured_media":0,"parent":0,"menu_order":0,"comment_status":"closed","ping_status":"closed","template":"","meta":{"footnotes":""},"class_list":["post-1234","page","type-page","status-publish","hentry"],"_links":{"self":[{"href":"https:\/\/rosegg.gv.at\/de_de\/wp-json\/wp\/v2\/pages\/1234"}],"collection":[{"href":"https:\/\/rosegg.gv.at\/de_de\/wp-json\/wp\/v2\/pages"}],"about":[{"href":"https:\/\/rosegg.gv.at\/de_de\/wp-json\/wp\/v2\/types\/page"}],"author":[{"embeddable":true,"href":"https:\/\/rosegg.gv.at\/de_de\/wp-json\/wp\/v2\/users\/1"}],"replies":[{"embeddable":true,"href":"https:\/\/rosegg.gv.at\/de_de\/wp-json\/wp\/v2\/comments?post=1234"}],"version-history":[{"count":58,"href":"https:\/\/rosegg.gv.at\/de_de\/wp-json\/wp\/v2\/pages\/1234\/revisions"}],"predecessor-version":[{"id":2546,"href":"https:\/\/rosegg.gv.at\/de_de\/wp-json\/wp\/v2\/pages\/1234\/revisions\/2546"}],"wp:attachment":[{"href":"https:\/\/rosegg.gv.at\/de_de\/wp-json\/wp\/v2\/media?parent=1234"}],"curies":[{"name":"wp","href":"https:\/\/api.w.org\/{rel}","templated":true}]}}