{"id":1018,"date":"2021-03-16T11:00:17","date_gmt":"2021-03-16T11:00:17","guid":{"rendered":"https:\/\/rosegg.axandu.com\/?page_id=1018"},"modified":"2024-09-05T06:46:06","modified_gmt":"2024-09-05T06:46:06","slug":"kirche","status":"publish","type":"page","link":"https:\/\/rosegg.gv.at\/de_de\/kirche\/","title":{"rendered":"Kirche"},"content":{"rendered":"\t\t<div data-elementor-type=\"wp-page\" data-elementor-id=\"1018\" class=\"elementor elementor-1018\" data-elementor-post-type=\"page\">\n\t\t\t\t\t\t<section class=\"elementor-section elementor-top-section elementor-element elementor-element-492bacfc elementor-section-height-min-height elementor-section-boxed elementor-section-height-default elementor-section-items-middle\" data-id=\"492bacfc\" data-element_type=\"section\" data-e-type=\"section\" data-settings=\"{&quot;background_background&quot;:&quot;slideshow&quot;,&quot;shape_divider_bottom&quot;:&quot;arrow&quot;,&quot;background_slideshow_gallery&quot;:[{&quot;id&quot;:279,&quot;url&quot;:&quot;https:\\\/\\\/rosegg.axandu.com\\\/wp-content\\\/uploads\\\/2021\\\/03\\\/rosegg028-1-scaled.jpg&quot;},{&quot;id&quot;:288,&quot;url&quot;:&quot;https:\\\/\\\/rosegg.axandu.com\\\/wp-content\\\/uploads\\\/2021\\\/03\\\/Petelin-Winter-scaled.jpg&quot;}],&quot;background_slideshow_ken_burns&quot;:&quot;yes&quot;,&quot;background_slideshow_loop&quot;:&quot;yes&quot;,&quot;background_slideshow_slide_duration&quot;:5000,&quot;background_slideshow_slide_transition&quot;:&quot;fade&quot;,&quot;background_slideshow_transition_duration&quot;:500,&quot;background_slideshow_ken_burns_zoom_direction&quot;:&quot;in&quot;}\">\n\t\t\t\t\t<div class=\"elementor-shape elementor-shape-bottom\" aria-hidden=\"true\" data-negative=\"false\">\n\t\t\t<svg xmlns=\"http:\/\/www.w3.org\/2000\/svg\" viewBox=\"0 0 700 10\" preserveAspectRatio=\"none\">\n\t<path class=\"elementor-shape-fill\" d=\"M350,10L340,0h20L350,10z\"\/>\n<\/svg>\t\t<\/div>\n\t\t\t\t\t<div class=\"elementor-container elementor-column-gap-default\">\n\t\t\t\t\t<div class=\"elementor-column elementor-col-100 elementor-top-column elementor-element elementor-element-140c195e\" data-id=\"140c195e\" data-element_type=\"column\" data-e-type=\"column\">\n\t\t\t<div class=\"elementor-widget-wrap elementor-element-populated\">\n\t\t\t\t\t\t<div class=\"elementor-element elementor-element-6f47991b elementor-widget elementor-widget-heading\" data-id=\"6f47991b\" data-element_type=\"widget\" data-e-type=\"widget\" data-widget_type=\"heading.default\">\n\t\t\t\t<div class=\"elementor-widget-container\">\n\t\t\t\t\t<h2 class=\"elementor-heading-title elementor-size-large\">Kirchen<\/h2>\t\t\t\t<\/div>\n\t\t\t\t<\/div>\n\t\t\t\t\t<\/div>\n\t\t<\/div>\n\t\t\t\t\t<\/div>\n\t\t<\/section>\n\t\t\t\t<section class=\"elementor-section elementor-top-section elementor-element elementor-element-7864980 elementor-section-boxed elementor-section-height-default elementor-section-height-default\" data-id=\"7864980\" data-element_type=\"section\" data-e-type=\"section\" data-settings=\"{&quot;background_background&quot;:&quot;classic&quot;}\">\n\t\t\t\t\t\t<div class=\"elementor-container elementor-column-gap-default\">\n\t\t\t\t\t<div class=\"elementor-column elementor-col-100 elementor-top-column elementor-element elementor-element-4b830e6e\" data-id=\"4b830e6e\" data-element_type=\"column\" data-e-type=\"column\">\n\t\t\t<div class=\"elementor-widget-wrap elementor-element-populated\">\n\t\t\t\t\t\t<div class=\"elementor-element elementor-element-150a0095 elementor-widget elementor-widget-heading\" data-id=\"150a0095\" data-element_type=\"widget\" data-e-type=\"widget\" data-widget_type=\"heading.default\">\n\t\t\t\t<div class=\"elementor-widget-container\">\n\t\t\t\t\t<h2 class=\"elementor-heading-title elementor-size-large\">r\u00f6m.-kath. Pfarre Rosegg<\/h2>\t\t\t\t<\/div>\n\t\t\t\t<\/div>\n\t\t\t\t<div class=\"elementor-element elementor-element-55544062 elementor-widget elementor-widget-heading\" data-id=\"55544062\" data-element_type=\"widget\" data-e-type=\"widget\" data-widget_type=\"heading.default\">\n\t\t\t\t<div class=\"elementor-widget-container\">\n\t\t\t\t\t<h3 class=\"elementor-heading-title elementor-size-large\">Kontakt<\/h3>\t\t\t\t<\/div>\n\t\t\t\t<\/div>\n\t\t\t\t<div class=\"elementor-element elementor-element-5c5082cb elementor-widget elementor-widget-text-editor\" data-id=\"5c5082cb\" data-element_type=\"widget\" data-e-type=\"widget\" data-widget_type=\"text-editor.default\">\n\t\t\t\t<div class=\"elementor-widget-container\">\n\t\t\t\t\t\t\t\t\t<p>Pfarrpatronat: hl. Michael &#8211; sv. Mihael<br \/>Provisor: Marijan Marijanovi<span lang=\"SL\" xml:lang=\"SL\">\u010d<\/span><br \/>Getreidegasse 2<br \/>9232 Rosegg<\/p><p>Zustelladresse:<br \/>Lindner Stra\u00dfe 2, 9220 Velden am W\u00f6rthersee<br \/>Tel.: +43 (0) 664-3281701<br \/>Infos:\u00a0<a title=\"r\u00f6m. kath. Pfarre\" href=\"http:\/\/www.kath-kirche-kaernten.at\/\" target=\"_blank\" rel=\"noopener\">r\u00f6m. kath. Pfarre<\/a><\/p>\t\t\t\t\t\t\t\t<\/div>\n\t\t\t\t<\/div>\n\t\t\t\t\t<\/div>\n\t\t<\/div>\n\t\t\t\t\t<\/div>\n\t\t<\/section>\n\t\t\t\t<section class=\"elementor-section elementor-top-section elementor-element elementor-element-b7d03fc elementor-section-boxed elementor-section-height-default elementor-section-height-default\" data-id=\"b7d03fc\" data-element_type=\"section\" data-e-type=\"section\" data-settings=\"{&quot;background_background&quot;:&quot;classic&quot;}\">\n\t\t\t\t\t\t<div class=\"elementor-container elementor-column-gap-default\">\n\t\t\t\t\t<div class=\"elementor-column elementor-col-100 elementor-top-column elementor-element elementor-element-20eae30\" data-id=\"20eae30\" data-element_type=\"column\" data-e-type=\"column\">\n\t\t\t<div class=\"elementor-widget-wrap elementor-element-populated\">\n\t\t\t\t\t\t<div class=\"elementor-element elementor-element-17088f0 elementor-widget-divider--view-line elementor-widget elementor-widget-divider\" data-id=\"17088f0\" data-element_type=\"widget\" data-e-type=\"widget\" data-widget_type=\"divider.default\">\n\t\t\t\t<div class=\"elementor-widget-container\">\n\t\t\t\t\t\t\t<div class=\"elementor-divider\">\n\t\t\t<span class=\"elementor-divider-separator\">\n\t\t\t\t\t\t<\/span>\n\t\t<\/div>\n\t\t\t\t\t\t<\/div>\n\t\t\t\t<\/div>\n\t\t\t\t<div class=\"elementor-element elementor-element-6616d6a elementor-widget elementor-widget-heading\" data-id=\"6616d6a\" data-element_type=\"widget\" data-e-type=\"widget\" data-widget_type=\"heading.default\">\n\t\t\t\t<div class=\"elementor-widget-container\">\n\t\t\t\t\t<h2 class=\"elementor-heading-title elementor-size-large\">Evangelische Pfarre Velden <\/h2>\t\t\t\t<\/div>\n\t\t\t\t<\/div>\n\t\t\t\t<div class=\"elementor-element elementor-element-a6058fa elementor-widget elementor-widget-heading\" data-id=\"a6058fa\" data-element_type=\"widget\" data-e-type=\"widget\" data-widget_type=\"heading.default\">\n\t\t\t\t<div class=\"elementor-widget-container\">\n\t\t\t\t\t<h3 class=\"elementor-heading-title elementor-size-large\">Kontakt<\/h3>\t\t\t\t<\/div>\n\t\t\t\t<\/div>\n\t\t\t\t<div class=\"elementor-element elementor-element-f27d8c6 elementor-widget elementor-widget-text-editor\" data-id=\"f27d8c6\" data-element_type=\"widget\" data-e-type=\"widget\" data-widget_type=\"text-editor.default\">\n\t\t\t\t<div class=\"elementor-widget-container\">\n\t\t\t\t\t\t\t\t\t<p>Pastor: Rainer Gugl<br \/>Kuratorin: Christiane Blaschko<br \/>+43 650\/8831516<br \/>+43 4274\/51229<br \/><a href=\"mailto:Evang.kirche.velden@aon.at\">Evang.kirche.velden@aon.at<\/a>\u00a0 <br \/>M\u00f6sslacherstra\u00dfe 11, 9220 Velden am W\u00f6rthersee<\/p>\t\t\t\t\t\t\t\t<\/div>\n\t\t\t\t<\/div>\n\t\t\t\t\t<\/div>\n\t\t<\/div>\n\t\t\t\t\t<\/div>\n\t\t<\/section>\n\t\t\t\t<\/div>\n\t\t","protected":false},"excerpt":{"rendered":"<p>Kirchen r\u00f6m.-kath. Pfarre Rosegg Kontakt Pfarrpatronat: hl. Michael &#8211; sv. MihaelProvisor: Marijan Marijanovi\u010dGetreidegasse 29232 Rosegg Zustelladresse:Lindner Stra\u00dfe 2, 9220 Velden am W\u00f6rtherseeTel.: +43 (0) 664-3281701Infos:\u00a0r\u00f6m. kath. Pfarre Evangelische Pfarre Velden Kontakt Pastor: Rainer GuglKuratorin: Christiane Blaschko+43 650\/8831516+43 4274\/51229Evang.kirche.velden@aon.at\u00a0 M\u00f6sslacherstra\u00dfe 11, 9220 Velden am W\u00f6rthersee<\/p>\n","protected":false},"author":1,"featured_media":0,"parent":0,"menu_order":0,"comment_status":"closed","ping_status":"closed","template":"","meta":{"footnotes":""},"class_list":["post-1018","page","type-page","status-publish","hentry"],"_links":{"self":[{"href":"https:\/\/rosegg.gv.at\/de_de\/wp-json\/wp\/v2\/pages\/1018"}],"collection":[{"href":"https:\/\/rosegg.gv.at\/de_de\/wp-json\/wp\/v2\/pages"}],"about":[{"href":"https:\/\/rosegg.gv.at\/de_de\/wp-json\/wp\/v2\/types\/page"}],"author":[{"embeddable":true,"href":"https:\/\/rosegg.gv.at\/de_de\/wp-json\/wp\/v2\/users\/1"}],"replies":[{"embeddable":true,"href":"https:\/\/rosegg.gv.at\/de_de\/wp-json\/wp\/v2\/comments?post=1018"}],"version-history":[{"count":40,"href":"https:\/\/rosegg.gv.at\/de_de\/wp-json\/wp\/v2\/pages\/1018\/revisions"}],"predecessor-version":[{"id":2639,"href":"https:\/\/rosegg.gv.at\/de_de\/wp-json\/wp\/v2\/pages\/1018\/revisions\/2639"}],"wp:attachment":[{"href":"https:\/\/rosegg.gv.at\/de_de\/wp-json\/wp\/v2\/media?parent=1018"}],"curies":[{"name":"wp","href":"https:\/\/api.w.org\/{rel}","templated":true}]}}